{"id":1144,"date":"2023-05-30T00:08:53","date_gmt":"2023-05-29T21:08:53","guid":{"rendered":"https:\/\/new.laurabarbulescu.ro\/?page_id=1144"},"modified":"2025-04-24T11:35:06","modified_gmt":"2025-04-24T08:35:06","slug":"terapii-energetice","status":"publish","type":"page","link":"https:\/\/laurabarbulescu.ro\/en\/terapii-energetice\/","title":{"rendered":"Terapii Energetice"},"content":{"rendered":"<section class=\"l-section wpb_row us_custom_a2875401 height_auto width_custom with_img\" style=\"--site-content-width:1400px;\"><div class=\"l-section-img\" role=\"img\" aria-label=\"Image\" data-img-width=\"660\" data-img-height=\"960\" style=\"background-image: url(https:\/\/laurabarbulescu.ro\/wp-content\/uploads\/2023\/05\/bg-header-terapii-m-min.jpeg);background-position: center right;background-repeat: no-repeat;background-size: contain;\"><\/div><div class=\"l-section-h i-cf\"><div class=\"g-cols vc_row via_flex valign_middle type_default stacking_default\"><div class=\"vc_col-sm-6 wpb_column vc_column_container has_bg_color\"><div class=\"vc_column-inner us_custom_2e5d4080\"><div class=\"wpb_wrapper\"><h1 style=\"text-align: left\" class=\"vc_custom_heading vc_do_custom_heading us_custom_7fc1116c\" >Terapii Energetice<\/h1><div class=\"wpb_text_column us_custom_c726d82e has_text_color\"><div class=\"wpb_wrapper\"><h4 style=\"text-align: left;\"><strong>\u00cembr\u0103\u021bi\u0219eaz\u0103 Echilibrul cu Terapii Energetice<\/strong><\/h4>\n<p style=\"text-align: left;\">Este timpul s\u0103 descoperi puterea unei terapii energetice, o lume de vindecare \u0219i revitalizare care neag\u0103 limitele fizice \u0219i p\u0103trunde \u00een profunzimea fiin\u021bei tale. Aceste terapii energetice aduc beneficii esen\u021biale s\u0103n\u0103t\u0103\u021bii mentale \u0219i fizice, ajut\u00e2nd la cur\u0103\u021barea \u0219i protec\u021bia spa\u021biilor tale personale \u0219i cre\u00e2nd un scut de s\u0103n\u0103tate \u0219i protec\u021bie spiritual\u0103.<\/p>\n<p style=\"text-align: left;\">Cu ajutorul acestor terapii energetice, po\u021bi atinge un nivel de con\u0219tien\u021b\u0103 \u0219i de echilibru legate de diferite aspecte pe care rar \u00eel experimentezi \u00een tumultul vie\u021bii cotidiene. Aceasta este o oportunitate de a te reconecta cu tine \u00eensu\u021bi, de a-\u021bi redescoperi esen\u021ba \u0219i de a te \u00eemputernici \u00een fa\u021ba provoc\u0103rilor.<\/p>\n<p style=\"text-align: left;\">Concentr\u00e2ndu-se pe principiile universale ale energiei \u0219i ale vibra\u021biilor, terapiile energetice \u00ee\u021bi ofer\u0103 instrumentele pentru a \u00een\u021belege \u0219i a-\u021bi gestiona starea de bine, aduc\u00e2nd o schimbare pozitiv\u0103 durabil\u0103 \u00een via\u021ba ta. Aceste practici, adesea str\u0103vechi, ne ajut\u0103 s\u0103 \u00een\u021belegem c\u0103 suntem mult mai mult dec\u00e2t simple fiin\u021be fizice \u2013 suntem entit\u0103\u021bi energetice interconectate cu tot ce ne \u00eenconjoar\u0103.<\/p>\n<p style=\"text-align: left;\">Acest proces pentru vindecarea fizic\u0103 \u0219i emo\u021bional\u0103 nu este doar o c\u0103l\u0103torie personal\u0103, ci \u0219i una colectiv\u0103. \u00cen \u00eembun\u0103t\u0103\u021birea echilibrului energetic personal, po\u021bi de asemenea contribui la binele colectiv, aduc\u00e2nd mai mult\u0103 armonie \u0219i pozitivitate \u00een comunitatea ta.<\/p>\n<p style=\"text-align: left;\">Astfel, aceste tipuri de terapii energetice nu numai c\u0103 ne \u00eembun\u0103t\u0103\u021besc s\u0103n\u0103tatea \u0219i bun\u0103starea individual\u0103, ci ne ajut\u0103 \u0219i s\u0103 construim un viitor mai luminos \u0219i mai armonios pentru to\u021bi cei care ne \u00eenconjoar\u0103.<\/p>\n<\/div><\/div><\/div><\/div><\/div><div class=\"vc_col-sm-6 wpb_column vc_column_container\"><div class=\"vc_column-inner\"><div class=\"wpb_wrapper\"><\/div><\/div><\/div><\/div><\/div><\/section><section class=\"l-section wpb_row us_custom_b91424ac height_medium\"><div class=\"l-section-h i-cf\"><div class=\"g-cols vc_row via_flex valign_top type_default stacking_default\"><div class=\"vc_col-sm-12 wpb_column vc_column_container\"><div class=\"vc_column-inner\"><div class=\"wpb_wrapper\"><div class=\"g-cols wpb_row us_custom_b51c0c2f via_flex valign_middle type_default stacking_default\"><div class=\"vc_col-sm-6 wpb_column vc_column_container\"><div class=\"vc_column-inner\"><div class=\"wpb_wrapper\"><div class=\"w-image align_center meta_modern\"><div class=\"w-image-h\"><img decoding=\"async\" width=\"500\" height=\"500\" src=\"https:\/\/laurabarbulescu.ro\/wp-content\/uploads\/2022\/02\/Untitled-design-3.png\" class=\"attachment-us_500_500 size-us_500_500\" alt=\"Terapia Access Bars\" loading=\"lazy\" srcset=\"https:\/\/laurabarbulescu.ro\/wp-content\/uploads\/2022\/02\/Untitled-design-3.png 1080w, https:\/\/laurabarbulescu.ro\/wp-content\/uploads\/2022\/02\/Untitled-design-3-300x300.png 300w, https:\/\/laurabarbulescu.ro\/wp-content\/uploads\/2022\/02\/Untitled-design-3-150x150.png 150w, https:\/\/laurabarbulescu.ro\/wp-content\/uploads\/2022\/02\/Untitled-design-3-600x600.png 600w, https:\/\/laurabarbulescu.ro\/wp-content\/uploads\/2022\/02\/Untitled-design-3-1024x1024.png 1024w, https:\/\/laurabarbulescu.ro\/wp-content\/uploads\/2022\/02\/Untitled-design-3-768x768.png 768w, https:\/\/laurabarbulescu.ro\/wp-content\/uploads\/2022\/02\/Untitled-design-3-75x75.png 75w, https:\/\/laurabarbulescu.ro\/wp-content\/uploads\/2022\/02\/Untitled-design-3-100x100.png 100w\" sizes=\"auto, (max-width: 500px) 100vw, 500px\" \/><div class=\"w-image-meta\"><div class=\"w-image-title\">Terapia Access Bars<\/div><\/div><\/div><\/div><\/div><\/div><\/div><div class=\"vc_col-sm-6 wpb_column vc_column_container\"><div class=\"vc_column-inner\"><div class=\"wpb_wrapper\"><h2 style=\"text-align: center\" class=\"vc_custom_heading vc_do_custom_heading us_custom_7fc1116c\" >Access Bars<\/h2><div class=\"wpb_text_column\"><div class=\"wpb_wrapper\"><p style=\"text-align: left;\">Este o metod\u0103 bl\u00e2nd\u0103 care implic\u0103 atingerea a 32 de bare pe cap pentru a elibera energiile blocate \u0219i a deschide c\u0103ile spre posibilit\u0103\u021bi noi. Aceast tip de terapie te va ajuta s\u0103 elimini stresul, s\u0103 \u00ee\u021bi spore\u0219ti \u00eencrederea \u00een sine \u0219i s\u0103 \u00ee\u021bi deschizi mintea pentru a primi \u0219i procesa noi informa\u021bii.<\/p>\n<p style=\"text-align: left;\">Dup\u0103 o \u0219edin\u021b\u0103 de Access Bars vei experimenta un somn mai lini\u0219tit, o u\u0219urare a corpului \u0219i a min\u021bii, o lini\u0219te interioar\u0103 profund\u0103. Terapia Access Bars te poate ajuta atunci c\u00e2nd suferi de depresie, anxietate, lipsa banilor. C\u00e2nd este recomandat s\u0103 faci aceast\u0103 terapie? Oric\u00e2nd te sim\u021bi \u00eenc\u0103rcat, sim\u021bi c\u0103 via\u021ba nu este a\u0219a cum vrei tu, urmeaz\u0103 s\u0103 ai interven\u021bii chirurgicale, sim\u021bi c\u0103 ai anumite blocaje \u0219i chiar \u00een timpul sarcinii.<\/p>\n<\/div><\/div><div class=\"w-btn-wrapper align_center\"><a class=\"w-btn us-btn-style_3 us_custom_aa81cb37 icon_atleft\" href=\"\/en\/terapia-acces-bars-ce-este-si-cum-te-poate-ajuta\/\"><i class=\"fas fa-bookmark\"><\/i><span class=\"w-btn-label\">Descoper\u0103 mai mult<\/span><\/a><\/div><\/div><\/div><\/div><\/div><div class=\"g-cols wpb_row us_custom_b51c0c2f via_flex valign_middle type_default reversed stacking_default\"><div class=\"vc_col-sm-6 wpb_column vc_column_container\"><div class=\"vc_column-inner\"><div class=\"wpb_wrapper\"><h2 style=\"text-align: center\" class=\"vc_custom_heading vc_do_custom_heading us_custom_7fc1116c\" >Faceliftul Energetic<\/h2><div class=\"wpb_text_column\"><div class=\"wpb_wrapper\"><p style=\"text-align: left;\">Este o procedur\u0103 de \u00eentinerire \u0219i de vindecare a corpului care utilizeaz\u0103 procese energetice \u0219i frecven\u021be pentru a transforma aspectul \u0219i senza\u021biile corpului t\u0103u. Acesta nu doar c\u0103 te face s\u0103 ar\u0103\u021bi mai t\u00e2n\u0103r, dar te \u0219i sim\u021bi mai t\u00e2n\u0103r, revitalizat \u0219i plin de energie, ajuta la eliberearea stresului, ancorarea in prezent.<\/p>\n<p style=\"text-align: left;\">\u00cenc\u0103 dup\u0103 prima \u0219edin\u021b\u0103 se pot observa schimb\u0103ri miraculoase pe tenul t\u0103u. Tehnica se bazeaz\u0103 pe resetarea creierului prin eliminarea prejudec\u0103\u021bilor \u0219i a limit\u0103rilor legate de \u00eemb\u0103tr\u00e2nire. \u00cen lipsa acestor judec\u0103\u021bi \u0219i limit\u0103ri ale creierului, starea de s\u0103n\u0103tate se \u00eembun\u0103t\u0103\u021be\u0219te sim\u021bitor, fiind vizibil \u0219i la exterior.<\/p>\n<p style=\"text-align: left;\">Sunt convins\u0103 c\u0103 o astfel experien\u021b\u0103 \u00ee\u021bi va oferi o perspectiv\u0103 complet nou\u0103 asupra vie\u021bii \u0219i a s\u0103n\u0103t\u0103\u021bii tale. Te invit s\u0103 te al\u0103turi \u00een aceast\u0103 c\u0103l\u0103torie a autodescoperirii \u0219i a vindec\u0103rii.<\/p>\n<\/div><\/div><div class=\"w-btn-wrapper align_center\"><a class=\"w-btn us-btn-style_3 us_custom_aa81cb37 icon_atleft\" href=\"\/en\/ce-este-facelifting-ul-energetic\/\"><i class=\"fas fa-bookmark\"><\/i><span class=\"w-btn-label\">Descoper\u0103 mai mult<\/span><\/a><\/div><\/div><\/div><\/div><div class=\"vc_col-sm-6 wpb_column vc_column_container\"><div class=\"vc_column-inner\"><div class=\"wpb_wrapper\"><div class=\"w-image align_center meta_modern\"><div class=\"w-image-h\"><img decoding=\"async\" width=\"484\" height=\"500\" src=\"https:\/\/laurabarbulescu.ro\/wp-content\/uploads\/2022\/09\/AdobeStock_60426643-scaled.jpeg\" class=\"attachment-us_500_500 size-us_500_500\" alt=\"Access Facelift Energetic\" loading=\"lazy\" srcset=\"https:\/\/laurabarbulescu.ro\/wp-content\/uploads\/2022\/09\/AdobeStock_60426643-scaled.jpeg 2480w, https:\/\/laurabarbulescu.ro\/wp-content\/uploads\/2022\/09\/AdobeStock_60426643-scaled-600x619.jpeg 600w, https:\/\/laurabarbulescu.ro\/wp-content\/uploads\/2022\/09\/AdobeStock_60426643-scaled-291x300.jpeg 291w, https:\/\/laurabarbulescu.ro\/wp-content\/uploads\/2022\/09\/AdobeStock_60426643-scaled-992x1024.jpeg 992w, https:\/\/laurabarbulescu.ro\/wp-content\/uploads\/2022\/09\/AdobeStock_60426643-768x793.jpeg 768w, https:\/\/laurabarbulescu.ro\/wp-content\/uploads\/2022\/09\/AdobeStock_60426643-1488x1536.jpeg 1488w, https:\/\/laurabarbulescu.ro\/wp-content\/uploads\/2022\/09\/AdobeStock_60426643-1984x2048.jpeg 1984w, https:\/\/laurabarbulescu.ro\/wp-content\/uploads\/2022\/09\/AdobeStock_60426643-1140x1177.jpeg 1140w, https:\/\/laurabarbulescu.ro\/wp-content\/uploads\/2022\/09\/AdobeStock_60426643-scaled-484x500.jpeg 484w\" sizes=\"auto, (max-width: 484px) 100vw, 484px\" \/><div class=\"w-image-meta\"><div class=\"w-image-title\">Access Facelift Energetic<\/div><\/div><\/div><\/div><\/div><\/div><\/div><\/div><div class=\"g-cols wpb_row us_custom_b51c0c2f via_flex valign_middle type_default stacking_default\"><div class=\"vc_col-sm-6 wpb_column vc_column_container\"><div class=\"vc_column-inner\"><div class=\"wpb_wrapper\"><div class=\"w-image align_center meta_modern\"><div class=\"w-image-h\"><img decoding=\"async\" width=\"500\" height=\"500\" src=\"https:\/\/laurabarbulescu.ro\/wp-content\/uploads\/2022\/03\/Untitled-design-3.png\" class=\"attachment-us_500_500 size-us_500_500\" alt=\"Terapia Akashic Records\" loading=\"lazy\" srcset=\"https:\/\/laurabarbulescu.ro\/wp-content\/uploads\/2022\/03\/Untitled-design-3.png 1080w, https:\/\/laurabarbulescu.ro\/wp-content\/uploads\/2022\/03\/Untitled-design-3-300x300.png 300w, https:\/\/laurabarbulescu.ro\/wp-content\/uploads\/2022\/03\/Untitled-design-3-150x150.png 150w, https:\/\/laurabarbulescu.ro\/wp-content\/uploads\/2022\/03\/Untitled-design-3-600x600.png 600w, https:\/\/laurabarbulescu.ro\/wp-content\/uploads\/2022\/03\/Untitled-design-3-1024x1024.png 1024w, https:\/\/laurabarbulescu.ro\/wp-content\/uploads\/2022\/03\/Untitled-design-3-768x768.png 768w, https:\/\/laurabarbulescu.ro\/wp-content\/uploads\/2022\/03\/Untitled-design-3-75x75.png 75w, https:\/\/laurabarbulescu.ro\/wp-content\/uploads\/2022\/03\/Untitled-design-3-100x100.png 100w\" sizes=\"auto, (max-width: 500px) 100vw, 500px\" \/><div class=\"w-image-meta\"><div class=\"w-image-title\">Terapia Akashic Records<\/div><\/div><\/div><\/div><\/div><\/div><\/div><div class=\"vc_col-sm-6 wpb_column vc_column_container\"><div class=\"vc_column-inner\"><div class=\"wpb_wrapper\"><h2 style=\"text-align: center\" class=\"vc_custom_heading vc_do_custom_heading us_custom_7fc1116c\" >Akashic Records<\/h2><div class=\"wpb_text_column\"><div class=\"wpb_wrapper\"><p style=\"text-align: left;\">Sunt o surs\u0103 de cunoa\u0219tere spiritual\u0103 care con\u021bine toate experien\u021bele, g\u00e2ndurile \u0219i emo\u021biile sufletului t\u0103u din toate vie\u021bile. Prin accesarea acestor \u00eenregistr\u0103ri, po\u021bi ob\u021bine \u00een\u021belepciune \u0219i orientare pentru a te ajuta s\u0103 navighezi \u00een via\u021ba ta curent\u0103 \u0219i s\u0103 \u00ee\u021bi vindeci trecutul.<\/p>\n<p style=\"text-align: left;\">Spre deosebire de alte terapii energetice, aceast\u0103 tehnic\u0103 ofer\u0103 eliberare de traume, karm\u0103 \u00een urma unei singure sesiuni, f\u0103r\u0103 a fi nevoie de mai multe \u0219edin\u021be pentru aceea\u0219i problem\u0103. \u00cen urma senza\u021biei de eliberare \u0219i u\u0219urin\u021b\u0103 creierul va prelua starea de pace resim\u021bit\u0103 \u00een corp \u0219i \u00een suflet \u0219i \u00ee\u021bi va permite s\u0103 tr\u0103ie\u0219ti mai mult \u00een prezent, f\u0103c\u00e2nd cele mai bune alegeri \u00een aceast\u0103 via\u021b\u0103.<\/p>\n<\/div><\/div><div class=\"w-btn-wrapper align_center\"><a class=\"w-btn us-btn-style_3 us_custom_aa81cb37 icon_atleft\" href=\"\/en\/realinierea-sufletului-prin-intermediul-akashic-records\/\"><i class=\"fas fa-bookmark\"><\/i><span class=\"w-btn-label\">Descoper\u0103 mai mult<\/span><\/a><\/div><\/div><\/div><\/div><\/div><div class=\"g-cols wpb_row us_custom_b51c0c2f via_flex valign_middle type_default reversed stacking_default\"><div class=\"vc_col-sm-6 wpb_column vc_column_container\"><div class=\"vc_column-inner\"><div class=\"wpb_wrapper\"><h2 style=\"text-align: center\" class=\"vc_custom_heading vc_do_custom_heading us_custom_7fc1116c\" >Procese de Corp Access Consciousness<\/h2><div class=\"wpb_text_column\"><div class=\"wpb_wrapper\"><p>Procesele de Corp Access Consciousness sunt tehnici avansate de terapie energetic\u0103, concepute pentru a debloca tensiunile, rezisten\u021bele \u0219i disfunc\u021biile acumulate \u00een corp.<\/p>\n<p>Aceste procese se bazeaz\u0103 pe principiul c\u0103 exist\u0103 posibilitatea de a schimba orice nu func\u021bioneaz\u0103 \u00een corpul t\u0103u, folosind energia ca instrument principal.<\/p>\n<\/div><\/div><div class=\"w-btn-wrapper align_center\"><a class=\"w-btn us-btn-style_3 us_custom_aa81cb37 icon_atleft\" href=\"\/en\/terapii-energetice\/procese-de-corp-access-consciousness\/\"><i class=\"fas fa-bookmark\"><\/i><span class=\"w-btn-label\">Descoper\u0103 mai mult<\/span><\/a><\/div><\/div><\/div><\/div><div class=\"vc_col-sm-6 wpb_column vc_column_container\"><div class=\"vc_column-inner\"><div class=\"wpb_wrapper\"><div class=\"w-image align_center meta_modern\"><div class=\"w-image-h\"><img decoding=\"async\" width=\"500\" height=\"500\" src=\"https:\/\/laurabarbulescu.ro\/wp-content\/uploads\/2023\/12\/Untitled-design-500x500.png\" class=\"attachment-us_500_500 size-us_500_500\" alt=\"Procese de Corp Access Consciousness\" loading=\"lazy\" srcset=\"https:\/\/laurabarbulescu.ro\/wp-content\/uploads\/2023\/12\/Untitled-design-500x500.png 500w, https:\/\/laurabarbulescu.ro\/wp-content\/uploads\/2023\/12\/Untitled-design-300x300.png 300w, https:\/\/laurabarbulescu.ro\/wp-content\/uploads\/2023\/12\/Untitled-design-1024x1024.png 1024w, https:\/\/laurabarbulescu.ro\/wp-content\/uploads\/2023\/12\/Untitled-design-150x150.png 150w, https:\/\/laurabarbulescu.ro\/wp-content\/uploads\/2023\/12\/Untitled-design-12x12.png 12w, https:\/\/laurabarbulescu.ro\/wp-content\/uploads\/2023\/12\/Untitled-design-600x600.png 600w, https:\/\/laurabarbulescu.ro\/wp-content\/uploads\/2023\/12\/Untitled-design-e1702905658419.png 800w\" sizes=\"auto, (max-width: 500px) 100vw, 500px\" \/><div class=\"w-image-meta\"><div class=\"w-image-title\">Procese de Corp Access Consciousness<\/div><\/div><\/div><\/div><\/div><\/div><\/div><\/div><div class=\"g-cols wpb_row us_custom_b51c0c2f via_flex valign_middle type_default stacking_default\"><div class=\"vc_col-sm-6 wpb_column vc_column_container\"><div class=\"vc_column-inner\"><div class=\"wpb_wrapper\"><div class=\"w-image align_center meta_modern\"><div class=\"w-image-h\"><img decoding=\"async\" width=\"500\" height=\"500\" src=\"https:\/\/laurabarbulescu.ro\/wp-content\/uploads\/2024\/01\/time-500x500.png\" class=\"attachment-us_500_500 size-us_500_500\" alt=\"facilitare access consciousness\" loading=\"lazy\" srcset=\"https:\/\/laurabarbulescu.ro\/wp-content\/uploads\/2024\/01\/time-500x500.png 500w, https:\/\/laurabarbulescu.ro\/wp-content\/uploads\/2024\/01\/time-300x300.png 300w, https:\/\/laurabarbulescu.ro\/wp-content\/uploads\/2024\/01\/time-1024x1024.png 1024w, https:\/\/laurabarbulescu.ro\/wp-content\/uploads\/2024\/01\/time-150x150.png 150w, https:\/\/laurabarbulescu.ro\/wp-content\/uploads\/2024\/01\/time-12x12.png 12w, https:\/\/laurabarbulescu.ro\/wp-content\/uploads\/2024\/01\/time-600x600.png 600w, https:\/\/laurabarbulescu.ro\/wp-content\/uploads\/2024\/01\/time.png 1080w\" sizes=\"auto, (max-width: 500px) 100vw, 500px\" \/><div class=\"w-image-meta\"><div class=\"w-image-title\">Facilitarea Access Consciousness<\/div><\/div><\/div><\/div><\/div><\/div><\/div><div class=\"vc_col-sm-6 wpb_column vc_column_container\"><div class=\"vc_column-inner\"><div class=\"wpb_wrapper\"><h2 style=\"text-align: center\" class=\"vc_custom_heading vc_do_custom_heading us_custom_7fc1116c\" >Facilitare Access Consciousness<\/h2><div class=\"wpb_text_column\"><div class=\"wpb_wrapper\"><p>Facilitarea Access Consciousness este o abordare unic\u0103, centrat\u0103 pe puterea \u00eentreb\u0103rilor pentru a debloca con\u0219tientizarea \u0219i posibilit\u0103\u021bile.<\/p>\n<p>\u00cen loc s\u0103 c\u0103ut\u0103m r\u0103spunsuri definitive, \u00ee\u021bi voi ar\u0103ta cum s\u0103 \u201efii \u00eentrebarea\u201d, o perspectiv\u0103 care \u00eemputernice\u0219te \u0219i elibereaz\u0103. Inspirat de principiul c\u0103 o \u00eentrebare deschide mereu noi c\u0103i, rolul meu este s\u0103 te ghidez \u00een explorarea acestor posibilit\u0103\u021bi nelimitate.<\/p>\n<\/div><\/div><div class=\"w-btn-wrapper align_center\"><a class=\"w-btn us-btn-style_3 us_custom_aa81cb37 icon_atleft\" href=\"\/en\/terapii-energetice\/facilitare-access-consciousness\/\"><i class=\"fas fa-bookmark\"><\/i><span class=\"w-btn-label\">Descoper\u0103 mai mult<\/span><\/a><\/div><\/div><\/div><\/div><\/div><div class=\"g-cols wpb_row us_custom_b51c0c2f via_flex valign_middle type_default stacking_default\"><div class=\"vc_col-sm-6 wpb_column vc_column_container\"><div class=\"vc_column-inner\"><div class=\"wpb_wrapper\"><h2 style=\"text-align: center\" class=\"vc_custom_heading vc_do_custom_heading us_custom_7fc1116c\" >Cur\u0103\u021barea Energetic\u0103 a Spa\u021biilor<\/h2><div class=\"wpb_text_column\"><div class=\"wpb_wrapper\"><p>Ai sim\u021bit vreodat\u0103 c\u0103 anumite spa\u021bii par s\u0103 re\u021bin\u0103 energii grele, senza\u021bii de disconfort sau chiar blocaje invizibile? Cur\u0103\u021barea energetic\u0103 a spa\u021biilor tale te poate ajuta!<\/p>\n<p>Procesele de cur\u0103\u021bare energetic\u0103 folosind instrumentele Access Consciousness \u0219i Talk to the Entities sunt menite s\u0103 elibereze aceast\u0103 \u00eenc\u0103rc\u0103tur\u0103 invizibil\u0103 \u0219i s\u0103 creeze un spa\u021biu mai u\u0219or, mai clar \u0219i mai sus\u021bin\u0103tor pentru tine \u0219i cei dragi.<\/p>\n<\/div><\/div><div class=\"w-btn-wrapper align_center\"><a class=\"w-btn us-btn-style_3 us_custom_aa81cb37 icon_atleft\" title=\"Cur\u0103\u021barea Energetic\u0103 a Spa\u021biilor\" href=\"https:\/\/laurabarbulescu.ro\/en\/terapii-energetice\/curatarea-energetica-a-spatiilor\/\"><i class=\"fas fa-bookmark\"><\/i><span class=\"w-btn-label\">Descoper\u0103 mai mult<\/span><\/a><\/div><\/div><\/div><\/div><div class=\"vc_col-sm-6 wpb_column vc_column_container\"><div class=\"vc_column-inner\"><div class=\"wpb_wrapper\"><div class=\"w-image align_center meta_modern\"><div class=\"w-image-h\"><img decoding=\"async\" width=\"487\" height=\"360\" src=\"https:\/\/laurabarbulescu.ro\/wp-content\/uploads\/2022\/10\/360_F_399781676_n83msisuKzHvnfyCnQ3QJW5ua8IzzBlc.jpg\" class=\"attachment-us_500_500 size-us_500_500\" alt=\"curatare spatii\" loading=\"lazy\" srcset=\"https:\/\/laurabarbulescu.ro\/wp-content\/uploads\/2022\/10\/360_F_399781676_n83msisuKzHvnfyCnQ3QJW5ua8IzzBlc.jpg 487w, https:\/\/laurabarbulescu.ro\/wp-content\/uploads\/2022\/10\/360_F_399781676_n83msisuKzHvnfyCnQ3QJW5ua8IzzBlc-300x222.jpg 300w\" sizes=\"auto, (max-width: 487px) 100vw, 487px\" \/><div class=\"w-image-meta\"><div class=\"w-image-title\">curatare spatii<\/div><\/div><\/div><\/div><\/div><\/div><\/div><\/div><\/div><\/div><\/div><\/div><\/div><\/section><section class=\"l-section wpb_row height_small\"><div class=\"l-section-h i-cf\"><div class=\"g-cols vc_row via_flex valign_top type_default stacking_default\"><div class=\"vc_col-sm-12 vc_col-lg-offset-2 vc_col-lg-8 wpb_column vc_column_container\"><div class=\"vc_column-inner\"><div class=\"wpb_wrapper\"><div class=\"g-cols wpb_row via_flex valign_top type_default stacking_default\"><div class=\"vc_col-sm-12 wpb_column vc_column_container\"><div class=\"vc_column-inner\"><div class=\"wpb_wrapper\"><div class=\"w-actionbox color_primary controls_right\"><div class=\"w-actionbox-text\"><h4 class=\"w-actionbox-title\">Este timpul s\u0103 \u00ee\u021bi recape\u021bi controlul asupra propriei tale energii cu ajutorul acestor terapii.<\/h4><div class=\"w-actionbox-description\"><p style=\"text-align: left;\">Sun\u0103 acum sau programeaz\u0103-te online pentru prima ta \u0219edin\u021b\u0103 de terapie energetic\u0103. Nu mai a\u0219tepta, pasul spre o via\u021b\u0103 mai bun\u0103 este la un click distan\u021b\u0103! Descoper\u0103 vindecarea \u0219i echilibrul energetic cu ajutorul acestor terapii energetice.<\/p>\n<\/div><\/div><div class=\"w-actionbox-controls\"><a class=\"w-btn us-btn-style_2\" title=\"Contact\" href=\"\/en\/contact\/\"><span class=\"w-btn-label\">TAKE CONNECTION WITH ME<\/span><\/a><\/div><\/div><\/div><\/div><\/div><\/div><\/div><\/div><\/div><\/div><\/div><\/section>","protected":false},"excerpt":{"rendered":"Terapii Energetice\u00cembr\u0103\u021bi\u0219eaz\u0103 Echilibrul cu Terapii Energetice Este timpul s\u0103 descoperi puterea unei terapii energetice, o lume de vindecare \u0219i revitalizare care neag\u0103 limitele fizice \u0219i p\u0103trunde \u00een profunzimea fiin\u021bei tale. Aceste terapii energetice aduc beneficii esen\u021biale s\u0103n\u0103t\u0103\u021bii mentale \u0219i fizice, ajut\u00e2nd la cur\u0103\u021barea \u0219i protec\u021bia spa\u021biilor tale personale \u0219i cre\u00e2nd un scut de s\u0103n\u0103tate \u0219i...","protected":false},"author":851,"featured_media":0,"parent":0,"menu_order":0,"comment_status":"closed","ping_status":"closed","template":"","meta":{"_lmt_disableupdate":"no","_lmt_disable":"","footnotes":""},"class_list":["post-1144","page","type-page","status-publish","hentry"],"_links":{"self":[{"href":"https:\/\/laurabarbulescu.ro\/en\/wp-json\/wp\/v2\/pages\/1144","targetHints":{"allow":["GET"]}}],"collection":[{"href":"https:\/\/laurabarbulescu.ro\/en\/wp-json\/wp\/v2\/pages"}],"about":[{"href":"https:\/\/laurabarbulescu.ro\/en\/wp-json\/wp\/v2\/types\/page"}],"author":[{"embeddable":true,"href":"https:\/\/laurabarbulescu.ro\/en\/wp-json\/wp\/v2\/users\/851"}],"replies":[{"embeddable":true,"href":"https:\/\/laurabarbulescu.ro\/en\/wp-json\/wp\/v2\/comments?post=1144"}],"version-history":[{"count":4,"href":"https:\/\/laurabarbulescu.ro\/en\/wp-json\/wp\/v2\/pages\/1144\/revisions"}],"predecessor-version":[{"id":2076,"href":"https:\/\/laurabarbulescu.ro\/en\/wp-json\/wp\/v2\/pages\/1144\/revisions\/2076"}],"wp:attachment":[{"href":"https:\/\/laurabarbulescu.ro\/en\/wp-json\/wp\/v2\/media?parent=1144"}],"curies":[{"name":"wp","href":"https:\/\/api.w.org\/{rel}","templated":true}]}}