{"id":1286,"date":"2023-07-10T23:35:43","date_gmt":"2023-07-10T20:35:43","guid":{"rendered":"https:\/\/laurabarbulescu.ro\/?page_id=1286"},"modified":"2024-01-17T16:10:02","modified_gmt":"2024-01-17T13:10:02","slug":"10-trucuri-pentru-a-fi-mai-fericit","status":"publish","type":"page","link":"https:\/\/laurabarbulescu.ro\/en\/10-trucuri-pentru-a-fi-mai-fericit\/","title":{"rendered":"10 Trucuri pentru a fi mai fericit \u0219i mai prezent"},"content":{"rendered":"<section class=\"l-section wpb_row height_medium\"><div class=\"l-section-overlay\" style=\"background:var(--color-content-bg-alt)\"><\/div><div class=\"l-section-h i-cf\"><div class=\"g-cols vc_row via_flex valign_top type_default stacking_default\"><div class=\"vc_col-sm-12 wpb_column vc_column_container\"><div class=\"vc_column-inner\"><div class=\"wpb_wrapper\"><div class=\"wpb_text_column us_custom_f3744e57\"><div class=\"wpb_wrapper\"><p style=\"text-align: center;\">Te-ai g\u00e2ndit vreodat\u0103 c\u0103 fericirea \u0219i starea de bine nu sunt doar destina\u021bii \u00eendep\u0103rtate, ci pot fi tr\u0103ite chiar acum, \u00een via\u021ba\u00a0ta de zi cu zi? Te invit s\u0103 p\u0103\u0219e\u0219ti pe aceast\u0103 cale minunat\u0103 a fericirii \u0219i s\u0103 descoperi secretele pentru a fi mai prezent \u0219i mai fericit \u00een fiecare moment.<\/p>\n<\/div><\/div><div class=\"g-cols wpb_row us_custom_cdf14ffd via_flex valign_middle type_default stacking_default\"><div class=\"vc_col-sm-2\/5 wpb_column vc_column_container\"><div class=\"vc_column-inner\"><div class=\"wpb_wrapper\"><div class=\"w-image us_custom_7e20fa79 us_animate_this style_shadow-2 align_right\"><div class=\"w-image-h\"><div class=\"w-image-shadow\" style=\"background-image:url(https:\/\/laurabarbulescu.ro\/wp-content\/uploads\/2023\/07\/3d-book-removebg-preview.png);\"><\/div><img decoding=\"async\" width=\"400\" height=\"400\" src=\"https:\/\/laurabarbulescu.ro\/wp-content\/uploads\/2023\/07\/3d-book-removebg-preview.png\" class=\"attachment-full size-full\" alt=\"\" loading=\"lazy\" srcset=\"https:\/\/laurabarbulescu.ro\/wp-content\/uploads\/2023\/07\/3d-book-removebg-preview.png 400w, https:\/\/laurabarbulescu.ro\/wp-content\/uploads\/2023\/07\/3d-book-removebg-preview-300x300.png 300w, https:\/\/laurabarbulescu.ro\/wp-content\/uploads\/2023\/07\/3d-book-removebg-preview-150x150.png 150w, https:\/\/laurabarbulescu.ro\/wp-content\/uploads\/2023\/07\/3d-book-removebg-preview-12x12.png 12w\" sizes=\"auto, (max-width: 400px) 100vw, 400px\" \/><\/div><\/div><\/div><\/div><\/div><div class=\"vc_col-sm-6 wpb_column vc_column_container\"><div class=\"vc_column-inner\"><div class=\"wpb_wrapper\"><h2 style=\"text-align: left\" class=\"vc_custom_heading vc_do_custom_heading us_custom_7fc1116c\" >10 Trucuri pentru<br \/>\na fi mai fericit \u0219i mai prezent<\/h2><\/div><\/div><\/div><\/div><\/div><\/div><\/div><\/div><\/div><\/section><section class=\"l-section wpb_row height_medium\"><div class=\"l-section-h i-cf\"><div class=\"g-cols vc_row via_flex valign_top type_default stacking_default\"><div class=\"vc_col-sm-12 wpb_column vc_column_container\"><div class=\"vc_column-inner\"><div class=\"wpb_wrapper\"><div class=\"g-cols wpb_row via_flex valign_middle type_default stacking_default\"><div class=\"vc_col-sm-6 wpb_column vc_column_container\"><div class=\"vc_column-inner\"><div class=\"wpb_wrapper\"><div class=\"w-text us_custom_03196d2c\"><span class=\"w-text-h\"><span class=\"w-text-value\">Am pregatit un cadou special pentru tine:<\/span><\/span><\/div><div class=\"wpb_text_column us_custom_a81f352f\"><div class=\"wpb_wrapper\"><p style=\"text-align: left;\">Un e-book gratuit &#8211; &#8222;10 Trucuri pentru a fi Mai Fericit \u0219i Mai Prezent \u00een Via\u021ba de Zi cu Zi&#8221;. Acest e-book \u00ee\u021bi ofer\u0103 instrumentele \u0219i sfaturile necesare pentru a-\u021bi transforma via\u021ba \u0219i a-\u021bi atinge poten\u021bialul maxim de fericire.<\/p>\n<p style=\"text-align: left;\">\u00cen acest e-book, vei descoperi c\u0103 fericirea nu este legat\u0103 de circumstan\u021be externe, cum ar fi ob\u021binerea acelui job mult visat sau cump\u0103rarea unei case de lux. Fericirea este o c\u0103l\u0103torie interioar\u0103, o alegere pe care o faci \u00een fiecare zi.<\/p>\n<\/div><\/div><div class=\"w-btn-wrapper align_none\"><a class=\"w-btn us-btn-style_1 us_custom_972c33a7\" href=\"#formularCadou\"><span class=\"w-btn-label\">VREAU CADOUL!<\/span><\/a><\/div><\/div><\/div><\/div><div class=\"vc_col-sm-6 wpb_column vc_column_container\"><div class=\"vc_column-inner\"><div class=\"wpb_wrapper\"><div class=\"w-image style_shadow-2 align_none\"><div class=\"w-image-h\"><div class=\"w-image-shadow\" style=\"background-image:url(https:\/\/laurabarbulescu.ro\/wp-content\/uploads\/2023\/05\/bg-testimonials-laura-barbulescu-res2-min.jpg);\"><\/div><img decoding=\"async\" width=\"1280\" height=\"853\" src=\"https:\/\/laurabarbulescu.ro\/wp-content\/uploads\/2023\/05\/bg-testimonials-laura-barbulescu-res2-min.jpg\" class=\"attachment-full size-full\" alt=\"\" loading=\"lazy\" srcset=\"https:\/\/laurabarbulescu.ro\/wp-content\/uploads\/2023\/05\/bg-testimonials-laura-barbulescu-res2-min.jpg 1280w, https:\/\/laurabarbulescu.ro\/wp-content\/uploads\/2023\/05\/bg-testimonials-laura-barbulescu-res2-min-300x200.jpg 300w, https:\/\/laurabarbulescu.ro\/wp-content\/uploads\/2023\/05\/bg-testimonials-laura-barbulescu-res2-min-1024x682.jpg 1024w, https:\/\/laurabarbulescu.ro\/wp-content\/uploads\/2023\/05\/bg-testimonials-laura-barbulescu-res2-min-600x400.jpg 600w, https:\/\/laurabarbulescu.ro\/wp-content\/uploads\/2023\/05\/bg-testimonials-laura-barbulescu-res2-min-500x333.jpg 500w\" sizes=\"auto, (max-width: 1280px) 100vw, 1280px\" \/><\/div><\/div><\/div><\/div><\/div><\/div><\/div><\/div><\/div><\/div><\/div><\/section><section class=\"l-section wpb_row height_medium with_shape\"><div class=\"l-section-overlay\" style=\"background:var(--color-content-bg-alt)\"><\/div><div class=\"l-section-shape type_tilt pos_top\" style=\"height:15vmin;color:var(--color-header-middle-bg)\"><svg xmlns=\"http:\/\/www.w3.org\/2000\/svg\" viewbox=\"0 0 64 8\" preserveaspectratio=\"none\" width=\"100%\" height=\"100%\">\r\n\t<path fill=\"currentColor\" d=\"M64 7.9 L64 10 L0 10 L0 0 Z\"\/>\r\n<\/svg><\/div><div class=\"l-section-shape type_tilt pos_bottom\" style=\"height:15vmin;\"><svg xmlns=\"http:\/\/www.w3.org\/2000\/svg\" viewbox=\"0 0 64 8\" preserveaspectratio=\"none\" width=\"100%\" height=\"100%\">\r\n\t<path fill=\"currentColor\" d=\"M64 7.9 L64 10 L0 10 L0 0 Z\"\/>\r\n<\/svg><\/div><div class=\"l-section-h i-cf\"><div class=\"g-cols vc_row via_flex valign_top type_boxes stacking_default\"><div class=\"vc_col-sm-12 wpb_column vc_column_container\"><div class=\"vc_column-inner\"><div class=\"wpb_wrapper\"><div class=\"wpb_text_column us_custom_a81f352f\"><div class=\"wpb_wrapper\"><p>Vei \u00eenv\u0103\u021ba cum s\u0103 iube\u0219\u021bi dimine\u021bile \u0219i s\u0103 aduci bucurie \u00een fiecare zi. Vei descoperi puterea recuno\u0219tin\u021bei \u0219i cum aceasta poate schimba perspectiva asupra vie\u021bii tale. Vei \u00eenva\u021b\u0103 s\u0103-ti stabile\u0219ti scopuri pe termen scurt \u0219i s\u0103 te \u00eendrep\u021bi c\u0103tre realiz\u0103rile tale personale.<\/p>\n<p>De asemenea, vei descoperi cum s\u0103 evi\u021bi oamenii stresa\u021bi \u0219i s\u0103 \u00ee\u021bi protejezi propria lini\u0219te interioar\u0103. Vei \u00eenva\u021b\u0103 s\u0103 te eliberezi de emo\u021biile negative \u0219i s\u0103 faci pace cu trecutul, cre\u00e2nd astfel spa\u021biu pentru fericirea prezentului.<\/p>\n<p>\u00cen plus, vei explora puterea unui z\u00e2mbet \u0219i cum acesta poate aduce lumin\u0103 \u0219i bucurie \u00een via\u021ba ta \u0219i \u00een rela\u021biile cu cei din jur. Vei afla despre beneficiile unei plimb\u0103ri relaxante dup\u0103 masa de pr\u00e2nz \u0219i cum aceasta te poate revitaliza pentru restul zilei.<\/p>\n<\/div><\/div><\/div><\/div><\/div><\/div><\/div><\/section><section class=\"l-section wpb_row height_medium\"><div class=\"l-section-h i-cf\"><div class=\"g-cols vc_row via_flex valign_top type_default stacking_default\"><div class=\"vc_col-sm-12 wpb_column vc_column_container\"><div class=\"vc_column-inner\"><div class=\"wpb_wrapper\"><div class=\"g-cols wpb_row via_flex valign_middle type_default stacking_default\"><div class=\"vc_col-sm-4 wpb_column vc_column_container\"><div class=\"vc_column-inner\"><div class=\"wpb_wrapper\"><div class=\"w-text us_custom_b44c546d\"><span class=\"w-text-h\"><span class=\"w-text-value\">Dar asta nu e tot!<\/span><\/span><\/div><div class=\"wpb_text_column us_custom_2e77dab4\"><div class=\"wpb_wrapper\"><p style=\"text-align: right;\">Vei descoperi \u0219i importan\u021ba respira\u021biei corecte \u0219i cum aceasta te poate ajuta s\u0103 gestionezi stresul \u0219i s\u0103 g\u0103se\u0219ti echilibrul interior.<\/p>\n<p style=\"text-align: right;\">Iar pentru a completa aceast\u0103 c\u0103l\u0103torie spre fericire, vei afla despre importan\u021ba somnului de minim 6 ore, bucuria intimit\u0103\u021bii sexuale \u0219i beneficiile incredibile ale laptelui de migdale pentru s\u0103n\u0103tatea ta.<\/p>\n<\/div><\/div><\/div><\/div><\/div><div class=\"vc_col-sm-4 wpb_column vc_column_container\"><div class=\"vc_column-inner\"><div class=\"wpb_wrapper\"><div class=\"w-image style_shadow-2 align_none\"><div class=\"w-image-h\"><div class=\"w-image-shadow\" style=\"background-image:url(https:\/\/laurabarbulescu.ro\/wp-content\/uploads\/2023\/06\/Untitled-design-600x600.png);\"><\/div><img decoding=\"async\" width=\"600\" height=\"600\" src=\"https:\/\/laurabarbulescu.ro\/wp-content\/uploads\/2023\/06\/Untitled-design-600x600.png\" class=\"attachment-woocommerce_single size-woocommerce_single\" alt=\"terapii energetice\" loading=\"lazy\" srcset=\"https:\/\/laurabarbulescu.ro\/wp-content\/uploads\/2023\/06\/Untitled-design-600x600.png 600w, https:\/\/laurabarbulescu.ro\/wp-content\/uploads\/2023\/06\/Untitled-design-300x300.png 300w, https:\/\/laurabarbulescu.ro\/wp-content\/uploads\/2023\/06\/Untitled-design-1024x1024.png 1024w, https:\/\/laurabarbulescu.ro\/wp-content\/uploads\/2023\/06\/Untitled-design-150x150.png 150w, https:\/\/laurabarbulescu.ro\/wp-content\/uploads\/2023\/06\/Untitled-design-12x12.png 12w, https:\/\/laurabarbulescu.ro\/wp-content\/uploads\/2023\/06\/Untitled-design-500x500.png 500w, https:\/\/laurabarbulescu.ro\/wp-content\/uploads\/2023\/06\/Untitled-design-e1695295702897.png 800w\" sizes=\"auto, (max-width: 600px) 100vw, 600px\" \/><\/div><\/div><\/div><\/div><\/div><div class=\"vc_col-sm-4 wpb_column vc_column_container\"><div class=\"vc_column-inner\"><div class=\"wpb_wrapper\"><div class=\"w-text us_custom_03196d2c\"><span class=\"w-text-h\"><span class=\"w-text-value\">Acum este momentul<\/span><\/span><\/div><div class=\"wpb_text_column us_custom_a81f352f\"><div class=\"wpb_wrapper\"><p style=\"text-align: left;\">S\u0103 faci o schimbare \u00een via\u021ba ta \u0219i s\u0103 \u00eencepi s\u0103 tr\u0103ie\u0219ti o via\u021b\u0103 mai fericit\u0103 \u0219i mai plin\u0103 de bucurie \u0219i prezen\u021b\u0103.<\/p>\n<p style=\"text-align: left;\">Descoper\u0103 aceste trucuri simple \u0219i practice, pe care le po\u021bi aplica imediat \u00een via\u021ba ta.<\/p>\n<p style=\"text-align: left;\">Fiecare pagin\u0103 a acestui e-book te va ghida \u00eentr-o c\u0103l\u0103torie a autodescoperirii \u0219i a transform\u0103rii personale.<\/p>\n<\/div><\/div><\/div><\/div><\/div><\/div><\/div><\/div><\/div><\/div><\/div><\/section><section class=\"l-section wpb_row height_medium with_img parallax_ver\"><div class=\"l-section-img\" role=\"img\" aria-label=\"Image\" data-img-width=\"1300\" data-img-height=\"864\" style=\"background-image: url(https:\/\/laurabarbulescu.ro\/wp-content\/uploads\/2023\/05\/img-descopera-mai-mult-laurabarbulescu-min.jpeg);background-repeat: no-repeat;\"><\/div><div class=\"l-section-overlay\" style=\"background:rgba(51,51,51,0.65)\"><\/div><div class=\"l-section-h i-cf\"><div class=\"g-cols vc_row via_flex valign_top type_default stacking_default\"><div class=\"vc_col-sm-12 wpb_column vc_column_container\"><div class=\"vc_column-inner\"><div class=\"wpb_wrapper\"><div class=\"g-cols wpb_row via_flex valign_top type_default stacking_default\"><div class=\"vc_col-sm-6 wpb_column vc_column_container\"><div class=\"vc_column-inner\"><div class=\"wpb_wrapper\"><div class=\"wpb_text_column us_custom_3260ea2f has_text_color\"><div class=\"wpb_wrapper\"><p style=\"text-align: left;\"><strong>Imagineaz\u0103-\u021bi cum ar fi s\u0103 te treze\u0219ti \u00een fiecare diminea\u021b\u0103 cu o energie pozitiv\u0103 \u0219i cu un z\u00e2mbet larg pe buze, gata s\u0103 \u00ee\u021bi iei \u00een primire ziua. Sau cum ar fi s\u0103 \u00ee\u021bi exprimi recuno\u0219tin\u021ba \u00een fiecare zi pentru lucrurile m\u0103runte \u0219i frumoase din jurul t\u0103u, amplific\u00e2nd astfel bucuria \u0219i mul\u021bumirea interioar\u0103. <\/strong><\/p>\n<p style=\"text-align: left;\"><strong>G\u00e2nde\u0219te-te la cum ar fi s\u0103 \u00ee\u021bi stabile\u0219\u021bi scopuri clare \u0219i realizabile, care s\u0103 te motiveze \u0219i s\u0103 te \u00eendrume pe drumul spre \u00eemplinirea personal\u0103. \u0218i imagineaz\u0103-\u021bi cum ar fi s\u0103 te eliberezi de resentimente \u0219i s\u0103 faci pace cu trecutul, permi\u021b\u00e2ndu-\u021bi astfel s\u0103 tr\u0103ie\u0219ti \u00een prezent, liber de povara emo\u021biilor negative.<\/strong><\/p>\n<\/div><\/div><\/div><\/div><\/div><div class=\"vc_col-sm-6 wpb_column vc_column_container\"><div class=\"vc_column-inner\"><div class=\"wpb_wrapper\"><div class=\"wpb_text_column us_custom_3260ea2f has_text_color\"><div class=\"wpb_wrapper\"><p><strong>Pe m\u0103sur\u0103 ce cite\u0219\u021bi despre puterea unui z\u00e2mbet \u0219i beneficiile unei plimb\u0103ri relaxante dup\u0103 masa de pr\u00e2nz, vei sim\u021bi cum energia \u0219i starea ta de bine se amplific\u0103. Vei descoperi c\u0103 fiecare moment de prezen\u021b\u0103 \u0219i bucurie este un pas c\u0103tre fericirea autentic\u0103.<\/strong><\/p>\n<p><strong>Respira\u021bia corect\u0103 devine un instrument pre\u021bios pentru gestionarea stresului \u0219i g\u0103sirea echilibrului interior. Prin respira\u021bia con\u0219tient\u0103, vei \u00eenva\u021b\u0103 s\u0103 te conectezi cu prezentul \u0219i s\u0103 \u00ee\u021bi lini\u0219te\u0219\u021bi mintea, transform\u00e2ndu-<\/strong>\u021b<strong>i ziua \u00eentr-o experien\u021b\u0103 plin\u0103 de calm \u0219i claritate.<\/strong><\/p>\n<\/div><\/div><div class=\"w-btn-wrapper align_none\"><a class=\"w-btn us-btn-style_1 us_custom_4abaea22\" href=\"#formularCadou\"><span class=\"w-btn-label\">VREAU CADOUL!<\/span><\/a><\/div><\/div><\/div><\/div><\/div><\/div><\/div><\/div><\/div><\/div><\/section><section class=\"l-section wpb_row height_medium\"><div class=\"l-section-h i-cf\"><div class=\"g-cols vc_row via_flex valign_top type_default stacking_default\"><div class=\"vc_col-sm-12 wpb_column vc_column_container\"><div class=\"vc_column-inner\"><div class=\"wpb_wrapper\"><div class=\"g-cols wpb_row via_flex valign_middle type_default stacking_default\"><div class=\"vc_col-sm-12 wpb_column vc_column_container\"><div class=\"vc_column-inner\"><div class=\"wpb_wrapper\"><div class=\"w-text us_custom_03196d2c\"><span class=\"w-text-h\"><span class=\"w-text-value\">NU UITA!<\/span><\/span><\/div><div class=\"wpb_text_column us_custom_a81f352f\"><div class=\"wpb_wrapper\"><p>Importan\u021ba somnului de minim 6 ore pentru regenerarea \u0219i s\u0103n\u0103tatea ta. \u00cen plus, descoper\u0103 bucuria \u0219i conexiunea pe care o aduce intimitatea sexual\u0103, eliber\u00e2nd endorfine \u0219i cre\u00e2nd leg\u0103turi profunde \u0219i satisf\u0103c\u0103toare cu partenerul t\u0103u.<\/p>\n<p>\u0218i nu \u00een ultimul r\u00e2nd, exploreaz\u0103 beneficiile uimitoare ale laptelui de migdale, \u00eenlocuind lactatele cu o alternativ\u0103 mai s\u0103n\u0103toas\u0103 \u0219i mai benefic\u0103 pentru corpul t\u0103u. Sistemul t\u0103u cardiovascular \u0219i cel osos vor avea de c\u00e2\u0219tigat, iar pielea ta va str\u0103luci de s\u0103n\u0103tate \u0219i frumuse\u021be.<\/p>\n<\/div><\/div><\/div><\/div><\/div><\/div><\/div><\/div><\/div><\/div><\/div><\/section><section class=\"l-section wpb_row height_medium\" id=\"formularCadou\"><div class=\"l-section-overlay\" style=\"background:var(--color-header-top-bg)\"><\/div><div class=\"l-section-h i-cf\"><div class=\"g-cols vc_row via_flex valign_top type_default stacking_default\"><div class=\"vc_col-sm-12 wpb_column vc_column_container\"><div class=\"vc_column-inner\"><div class=\"wpb_wrapper\"><div class=\"g-cols wpb_row via_flex valign_top type_default stacking_default\"><div class=\"vc_col-sm-6 wpb_column vc_column_container\"><div class=\"vc_column-inner\"><div class=\"wpb_wrapper\"><div class=\"wpb_text_column us_custom_a81f352f\"><div class=\"wpb_wrapper\"><p>A\u0219adar, drag\u0103 cititor, acum este timpul s\u0103 ac\u021bionezi! Descarc\u0103 acest e-book gratuit \u0219i \u00eencepe c\u0103l\u0103toria ta c\u0103tre o via\u021b\u0103 mai fericit\u0103, mai plin\u0103 de bucurie \u0219i prezen\u021b\u0103. Aplic\u0103 aceste trucuri \u00een via\u021ba ta de zi cu zi \u0219i simte transformarea care se produce \u00een interiorul t\u0103u.<\/p>\n<p><strong>Nu mai a\u0219tepta!<br \/>\nFii autorul propriei tale pove\u0219ti de fericire \u0219i \u00eemplinire.<\/strong><\/p>\n<\/div><\/div><\/div><\/div><\/div><div class=\"vc_col-sm-6 wpb_column vc_column_container\"><div class=\"vc_column-inner\"><div class=\"wpb_wrapper\">\n<div class=\"wpcf7 no-js\" id=\"wpcf7-f1289-o1\" lang=\"ro-RO\" dir=\"ltr\" data-wpcf7-id=\"1289\">\n<div class=\"screen-reader-response\"><p role=\"status\" aria-live=\"polite\" aria-atomic=\"true\"><\/p> <ul><\/ul><\/div>\n<form action=\"\/en\/wp-json\/wp\/v2\/pages\/1286#wpcf7-f1289-o1\" method=\"post\" class=\"wpcf7-form init\" aria-label=\"Formular de contact\" novalidate=\"novalidate\" data-status=\"init\" data-trp-original-action=\"\/en\/wp-json\/wp\/v2\/pages\/1286#wpcf7-f1289-o1\">\n<fieldset class=\"hidden-fields-container\"><input type=\"hidden\" name=\"_wpcf7\" value=\"1289\" \/><input type=\"hidden\" name=\"_wpcf7_version\" value=\"6.1.5\" \/><input type=\"hidden\" name=\"_wpcf7_locale\" value=\"ro_RO\" \/><input type=\"hidden\" name=\"_wpcf7_unit_tag\" value=\"wpcf7-f1289-o1\" \/><input type=\"hidden\" name=\"_wpcf7_container_post\" value=\"0\" \/><input type=\"hidden\" name=\"_wpcf7_posted_data_hash\" value=\"\" \/>\n<\/fieldset>\n<p><label> <span class=\"wpcf7-form-control-wrap\" data-name=\"leadma-name\"><input size=\"40\" maxlength=\"400\" minlength=\"4\" class=\"wpcf7-form-control wpcf7-text wpcf7-validates-as-required\" autocomplete=\"name\" aria-required=\"true\" aria-invalid=\"false\" placeholder=\"Numele t\u0103u\" value=\"\" type=\"text\" name=\"leadma-name\" \/><\/span> <\/label>\n<\/p>\n<p><label> <span class=\"wpcf7-form-control-wrap\" data-name=\"leadma-email\"><input size=\"40\" maxlength=\"400\" minlength=\"5\" class=\"wpcf7-form-control wpcf7-email wpcf7-validates-as-required wpcf7-text wpcf7-validates-as-email\" autocomplete=\"email\" aria-required=\"true\" aria-invalid=\"false\" placeholder=\"Adresa ta de email\" value=\"\" type=\"email\" name=\"leadma-email\" \/><\/span> <\/label>\n<\/p>\n<div style=\"margin-bottom:1.5rem\">\n\t<div id=\"cf7sr-69ea00ee2fa5d\" class=\"cf7sr-g-recaptcha\" data-theme=\"light\" data-type=\"image\" data-size=\"normal\" data-sitekey=\"6LeiFFAaAAAAAO9nHY3B-Ilx3LHJOyE974DUV9nl\"><\/div><span class=\"wpcf7-form-control-wrap cf7sr-recaptcha\" data-name=\"cf7sr-recaptcha\"><input type=\"hidden\" name=\"cf7sr-recaptcha\" value=\"\" class=\"wpcf7-form-control\"><\/span>\n\t<\/p>\n<\/div>\n<p><label><span class=\"wpcf7-form-control-wrap\" data-name=\"acceptance-460\"><span class=\"wpcf7-form-control wpcf7-acceptance\"><span class=\"wpcf7-list-item\"><label><input type=\"checkbox\" name=\"acceptance-460\" value=\"1\" class=\"gdpr-accept\" aria-invalid=\"false\" \/><span class=\"wpcf7-list-item-label\">Am citit si sunt de acord cu prelucrarea datelor cu caracter personal.<\/span><\/label><\/span><\/span><\/span><\/label>\n<\/p>\n<p><input class=\"wpcf7-form-control wpcf7-submit has-spinner\" type=\"submit\" value=\"VREAU CADOUL\" \/>\n<\/p><div class=\"wpcf7-response-output\" aria-hidden=\"true\"><\/div>\n<input type=\"hidden\" name=\"trp-form-language\" value=\"en\"\/><\/form>\n<\/div>\n<\/div><\/div><\/div><\/div><\/div><\/div><\/div><\/div><\/div><\/section>","protected":false},"excerpt":{"rendered":"Te-ai g\u00e2ndit vreodat\u0103 c\u0103 fericirea \u0219i starea de bine nu sunt doar destina\u021bii \u00eendep\u0103rtate, ci pot fi tr\u0103ite chiar acum, \u00een via\u021ba\u00a0ta de zi cu zi? Te invit s\u0103 p\u0103\u0219e\u0219ti pe aceast\u0103 cale minunat\u0103 a fericirii \u0219i s\u0103 descoperi secretele pentru a fi mai prezent \u0219i mai fericit \u00een fiecare moment. 10 Trucuri pentru a...","protected":false},"author":851,"featured_media":0,"parent":0,"menu_order":0,"comment_status":"closed","ping_status":"closed","template":"","meta":{"_lmt_disableupdate":"","_lmt_disable":"","footnotes":""},"class_list":["post-1286","page","type-page","status-publish","hentry"],"_links":{"self":[{"href":"https:\/\/laurabarbulescu.ro\/en\/wp-json\/wp\/v2\/pages\/1286","targetHints":{"allow":["GET"]}}],"collection":[{"href":"https:\/\/laurabarbulescu.ro\/en\/wp-json\/wp\/v2\/pages"}],"about":[{"href":"https:\/\/laurabarbulescu.ro\/en\/wp-json\/wp\/v2\/types\/page"}],"author":[{"embeddable":true,"href":"https:\/\/laurabarbulescu.ro\/en\/wp-json\/wp\/v2\/users\/851"}],"replies":[{"embeddable":true,"href":"https:\/\/laurabarbulescu.ro\/en\/wp-json\/wp\/v2\/comments?post=1286"}],"version-history":[{"count":4,"href":"https:\/\/laurabarbulescu.ro\/en\/wp-json\/wp\/v2\/pages\/1286\/revisions"}],"predecessor-version":[{"id":1301,"href":"https:\/\/laurabarbulescu.ro\/en\/wp-json\/wp\/v2\/pages\/1286\/revisions\/1301"}],"wp:attachment":[{"href":"https:\/\/laurabarbulescu.ro\/en\/wp-json\/wp\/v2\/media?parent=1286"}],"curies":[{"name":"wp","href":"https:\/\/api.w.org\/{rel}","templated":true}]}}