{"id":1444,"date":"2024-02-01T11:58:14","date_gmt":"2024-02-01T08:58:14","guid":{"rendered":"https:\/\/laurabarbulescu.ro\/?page_id=1444"},"modified":"2025-05-27T14:46:47","modified_gmt":"2025-05-27T11:46:47","slug":"procese-de-corp-access-consciousness","status":"publish","type":"page","link":"https:\/\/laurabarbulescu.ro\/en\/terapii-energetice\/procese-de-corp-access-consciousness\/","title":{"rendered":"Procese de Corp Access Consciousness"},"content":{"rendered":"<section class=\"l-section wpb_row height_medium\"><div class=\"l-section-h i-cf\"><div class=\"g-cols vc_row via_flex valign_top type_default stacking_default\"><div class=\"vc_col-sm-12 wpb_column vc_column_container\"><div class=\"vc_column-inner\"><div class=\"wpb_wrapper\"><div class=\"g-cols wpb_row via_flex valign_top type_default stacking_default\"><div class=\"vc_col-sm-6 wpb_column vc_column_container\"><div class=\"vc_column-inner type_sticky\"><div class=\"wpb_wrapper\"><div class=\"wpb_text_column us_custom_7eccbf17\"><div class=\"wpb_wrapper\"><p>Descoper\u0103 lumea fascinant\u0103 de Procese de Corp Access Consciousness, un univers \u00een care vindecarea \u0219i echilibrul energetic se \u00eent\u00e2lnesc pentru a crea o experien\u021b\u0103 de transformare profund\u0103. Ca practicant certificat \u00een aceste Procese de Corp Access Consciousness, sunt aici pentru a te ghida prin aceast\u0103 c\u0103l\u0103torie unic\u0103 de autocunoa\u0219tere \u0219i regenerare.<\/p>\n<\/div><\/div><div class=\"w-image us_custom_7e20fa79 us_animate_this style_shadow-1 align_none\"><div class=\"w-image-h\"><img decoding=\"async\" width=\"600\" height=\"400\" src=\"https:\/\/laurabarbulescu.ro\/wp-content\/uploads\/2023\/12\/woman-healer-performing-seeking-access-600nw-2382596795.webp\" class=\"attachment-full size-full\" alt=\"sistemul imun, corectarea vederii, sistemul imunitar, minuni, sa schimbe boala, terapie facelift\" loading=\"lazy\" srcset=\"https:\/\/laurabarbulescu.ro\/wp-content\/uploads\/2023\/12\/woman-healer-performing-seeking-access-600nw-2382596795.webp 600w, https:\/\/laurabarbulescu.ro\/wp-content\/uploads\/2023\/12\/woman-healer-performing-seeking-access-600nw-2382596795-300x200.webp 300w, https:\/\/laurabarbulescu.ro\/wp-content\/uploads\/2023\/12\/woman-healer-performing-seeking-access-600nw-2382596795-18x12.webp 18w, https:\/\/laurabarbulescu.ro\/wp-content\/uploads\/2023\/12\/woman-healer-performing-seeking-access-600nw-2382596795-500x333.webp 500w\" sizes=\"auto, (max-width: 600px) 100vw, 600px\" \/><\/div><\/div><div class=\"wpb_text_column us_custom_a2cc3498 has_text_color\"><div class=\"wpb_wrapper\"><p><a id=\"waBttn\" class=\"bttnProgramare\" href=\"https:\/\/wa.me\/+40726156664?text=As%20dori%20sa%20fac%20programare%20la%20o%20sedinta%20de%20terapie.%20..url:\/wp-json\/wp\/v2\/pages\/1444\" target=\"_blank\" rel=\"noopener\">PROGRAMEAZ\u0102-TE ACUM<\/a><\/p>\n<p><em><strong>BONUS:<\/strong> vei primi\u00a0<strong>GRATUIT<\/strong>\u00a0o serie de informa\u021bii (\u00een valoare de\u00a0<del datetime=\"2024-01-17T17:31:20+00:00\">150 lei<\/del>) care s\u0103 te ajute s\u0103 \u00ee\u021bi faci reechilibrarea energetic\u0103 chiar la tine acas\u0103.<\/em><\/p>\n<\/div><\/div><\/div><\/div><\/div><div class=\"vc_col-sm-6 wpb_column vc_column_container has_bg_color\"><div class=\"vc_column-inner us_custom_c896ab02\"><div class=\"wpb_wrapper\"><div class=\"wpb_text_column\"><div class=\"wpb_wrapper\"><p><strong>Ce \u00censeamn\u0103 aceste Procese de Corp Access Consciousness?<\/strong><\/p>\n<p>Procesele de Corp Access Consciousness sunt tehnici avansate de terapie energetic\u0103, concepute pentru a debloca tensiunile, rezisten\u021bele \u0219i disfunc\u021biile acumulate \u00een corp. Aceste procese se bazeaz\u0103 pe principiul c\u0103 exist\u0103 posibilitatea de a schimba orice nu func\u021bioneaz\u0103 \u00een corpul t\u0103u, folosind energia ca instrument principal.<\/p>\n<p><strong>La Ce Ajut\u0103 aceste\u00a0Procese de Corp Access Consciousness?<\/strong><\/p>\n<p>Aceste procese sunt incredibil de eficiente \u00een abordarea unei game largi de probleme, de la stres \u0219i anxietate, p\u00e2n\u0103 la probleme fizice mai complexe, cum ar fi durerile cronice sau dezechilibrele hormonale. Ele sunt menite s\u0103 stimuleze corpul t\u0103u s\u0103 \u00eenceap\u0103 procesul de autovindecare, restabilind echilibrul natural.<\/p>\n<p><strong>Pentru Cine se Recomand\u0103?<\/strong><\/p>\n<p>Fie c\u0103 e\u0219ti o persoan\u0103 care se confrunt\u0103 cu probleme de s\u0103n\u0103tate specifice, sau pur \u0219i simplu cau\u021bi o metod\u0103 de a-\u021bi \u00eembun\u0103t\u0103\u021bi starea general\u0103 de bine, aceste procese sunt pentru tine. Sunt potrivite pentru oameni de toate v\u00e2rstele \u0219i pot fi adaptate pentru a r\u0103spunde nevoilor individuale ale fiec\u0103rui client.<\/p>\n<p><strong>Cum Decurge o sedin\u021b\u0103 de Procese de Corp Access Consciousness?<\/strong><\/p>\n<p>O \u0219edin\u021b\u0103 tipic\u0103 de Procese de Corp Access Consciousness \u00eencepe cu o discu\u021bie despre nevoile \u0219i a\u0219tept\u0103rile tale. Apoi, vei fi ghidat s\u0103 te relaxezi \u00een timp ce aplic tehnicile specifice de proces de corp. Acestea pot include atingeri u\u0219oare \u0219i aplicarea m\u00e2inilor \u00een anumite pozi\u021bii pe corp, activ\u00e2nd energiile necesare pentru vindecare \u0219i echilibrare.<\/p>\n<\/div><\/div><\/div><\/div><\/div><\/div><\/div><\/div><\/div><\/div><\/div><\/section><section class=\"l-section wpb_row us_custom_0d15be52 height_small\"><div class=\"l-section-h i-cf\"><div class=\"g-cols vc_row via_flex valign_top type_default stacking_default\"><div class=\"vc_col-sm-12 vc_col-lg-10 wpb_column vc_column_container\"><div class=\"vc_column-inner\"><div class=\"wpb_wrapper\"><div class=\"wpb_text_column\"><div class=\"wpb_wrapper\"><h4><strong>Procese de Corp access consciousness<\/strong><\/h4>\n<p>Procesele de Corp Access Consciousness sunt un set de tehnici puternice, menite s\u0103 deblocheze poten\u021bialul de vindecare al corpului t\u0103u. Fiecare proces este unic, av\u00e2nd scopul s\u0103 adreseze aspecte specifice ale s\u0103n\u0103t\u0103\u021bii \u0219i bun\u0103st\u0103rii. Iat\u0103 o prezentare a celor mai importante procese:<\/p>\n<p><strong>MTVSS<\/strong><\/p>\n<p>Este unul dintre cele mai dinamice procese de corp, cunoscut pentru capacitatea sa de a \u00eent\u0103ri sistemul imunitar \u0219i de a inversa diverse disfunc\u021bii ale corpului.<\/p>\n<p>Procesul de corp Access Consciousness MTVSS, sau \u201eMolecular Terminal Valence Sloughing System\u201d, este unul dintre cele mai vechi \u0219i mai frecvent utilizate procese din cadrul Terapiei Energetice. Este o tehnic\u0103 puternic\u0103 destinat\u0103 s\u0103 dezmembreze \u0219i s\u0103 transforme modul \u00een care corpul t\u0103u reac\u021bioneaz\u0103 la diferite forme de stres, traume \u0219i boli.<\/p>\n<p>Acesta este doar unul dintre precesele de corp din access consciousness care poate vindeca disfunctiile metabolice ranirile datorate sportului sau altor accidente, ajutand sistemult respirator, digestiv, pielea sau sistemul limfatic, hormonal sau repruducator sa functioneze in parametri optimi. Acest proces de corp access se poate folosi pentru intarirea sistemului imun, remisia bolilor autoimune prin eliminarea punctelor de vedere pe care le avem despre aceste boli si recreearea de comuniune intre corp si minte. Cu ajutorul acestui proces de corp access consciousness se ofera corpului un boost de imunitate, intarind astfel sistemul imunitar si ajutand la activarea procesului de regenerare si activarea procesului de autovindecare a corpului.<\/p>\n<\/div><\/div><div class=\"wpb_text_column us_custom_a2cc3498 has_text_color\"><div class=\"wpb_wrapper\"><p><a id=\"waBttn\" class=\"bttnProgramare\" href=\"https:\/\/wa.me\/+40726156664?text=As%20dori%20sa%20fac%20programare%20la%20o%20sedinta%20de%20terapie.%20..url:\/wp-json\/wp\/v2\/pages\/1444\" target=\"_blank\" rel=\"noopener\">PROGRAMEAZ\u0102-TE ACUM<\/a><\/p>\n<p><em><strong>BONUS:<\/strong> vei primi\u00a0<strong>GRATUIT<\/strong>\u00a0o serie de informa\u021bii (\u00een valoare de\u00a0<del datetime=\"2024-01-17T17:31:20+00:00\">150 lei<\/del>) care s\u0103 te ajute s\u0103 \u00ee\u021bi faci reechilibrarea energetic\u0103 chiar la tine acas\u0103.<\/em><\/p>\n<\/div><\/div><\/div><\/div><\/div><\/div><\/div><\/section><section class=\"l-section wpb_row height_small\"><div class=\"l-section-h i-cf\"><div class=\"g-cols vc_row via_flex valign_top type_default stacking_default\"><div class=\"vc_col-sm-12 wpb_column vc_column_container\"><div class=\"vc_column-inner\"><div class=\"wpb_wrapper\"><div class=\"g-cols wpb_row us_custom_cdf14ffd via_flex valign_top type_default stacking_default\"><div class=\"vc_col-sm-6 wpb_column vc_column_container\"><div class=\"vc_column-inner\"><div class=\"wpb_wrapper\"><div class=\"wpb_text_column\"><div class=\"wpb_wrapper\"><p><strong>Procesul de Corp pentru \u0218tergerea Modific\u0103rilor ARN \u0219i VAX<br \/>\n<\/strong>Special conceput pentru a aborda efectele energetice ale modific\u0103rilor ARN \u0219i vaccinurilor, acest proces ajut\u0103 la restabilirea echilibrului energetic.<\/p>\n<p><strong>Procesul de Corp pentru Eliminarea \u0219i Dezactivarea Celulelor Grase<br \/>\n<\/strong>Ideal pentru cei care doresc s\u0103 abordeze probleme legate de greutate \u0219i imaginea corporal\u0103, acest proces ajut\u0103 la echilibrarea metabolismului \u0219i la stimularea pierderii de gr\u0103sime.<\/p>\n<p><strong>Procesul de Corp pentru Corectarea Vederii<br \/>\n<\/strong>Acest proces este destinat \u00eembun\u0103t\u0103\u021birii s\u0103n\u0103t\u0103\u021bii ochilor \u0219i clarit\u0103\u021bii vederii, lucr\u00e2nd la nivel energetic pentru a sus\u021bine s\u0103n\u0103tatea ocular\u0103.<\/p>\n<p><strong>Procesul de Corp pentru Activarea Sistemului Imunitar<br \/>\n<\/strong>Conceput pentru a stimula \u0219i \u00eent\u0103ri sistemul imunitar, acest proces este ideal pentru cei care doresc s\u0103 \u00ee\u0219i \u00eembun\u0103t\u0103\u021beasc\u0103 capacitatea natural\u0103 de ap\u0103rare a corpului.<\/p>\n<p><strong>Procesul de Corp pentru Eliberarea Traumelor<\/strong><\/p>\n<p>Acest proces ajut\u0103 la eliberarea efectelor fizice \u0219i emo\u021bionale ale traumelor, restabilind echilibrul \u0219i armonia \u00een corp \u0219i minte.<\/p>\n<p><strong>Procesul de Corp pentru Detoxifiere<br \/>\n<\/strong>Focalizat pe eliminarea toxinelor \u0219i a impurit\u0103\u021bilor din corp, acest proces contribuie la revitalizarea \u0219i purificarea organismului.<\/p>\n<p><strong>Procesul de Corp pentru Echilibrarea Hormonilor<\/strong><\/p>\n<p>Acest proces este destinat echilibr\u0103rii sistemului endocrin, ajut\u00e2nd la reglarea func\u021biilor hormonale pentru o s\u0103n\u0103tate optim\u0103.<\/p>\n<p><strong>Procesul de Corp pentru \u00cembun\u0103t\u0103\u021birea Digestiei<br \/>\n<\/strong>Conceput pentru a sprijini \u0219i \u00eembun\u0103t\u0103\u021bi func\u021bia digestiv\u0103, acest proces ajut\u0103 la ameliorarea problemelor digestive \u0219i la promovarea unei digestii s\u0103n\u0103toase.<\/p>\n<p><strong>Procesul de Corp pentru \u00centinerire \u0219i Regenerare Celular\u0103<br \/>\n<\/strong>Acest proces vizeaz\u0103 revitalizarea \u0219i \u00eentinerirea celulelor corpului, promov\u00e2nd un aspect mai t\u00e2n\u0103r \u0219i o s\u0103n\u0103tate celular\u0103 \u00eembun\u0103t\u0103\u021bit\u0103.<\/p>\n<\/div><\/div><div class=\"wpb_text_column us_custom_a2cc3498 has_text_color\"><div class=\"wpb_wrapper\"><p><a id=\"waBttn\" class=\"bttnProgramare\" href=\"https:\/\/wa.me\/+40726156664?text=As%20dori%20sa%20fac%20programare%20la%20o%20sedinta%20de%20terapie.%20..url:\/wp-json\/wp\/v2\/pages\/1444\" target=\"_blank\" rel=\"noopener\">PROGRAMEAZ\u0102-TE ACUM<\/a><\/p>\n<p><em><strong>BONUS:<\/strong> vei primi\u00a0<strong>GRATUIT<\/strong>\u00a0o serie de informa\u021bii (\u00een valoare de\u00a0<del datetime=\"2024-01-17T17:31:20+00:00\">150 lei<\/del>) care s\u0103 te ajute s\u0103 \u00ee\u021bi faci reechilibrarea energetic\u0103 chiar la tine acas\u0103.<\/em><\/p>\n<\/div><\/div><\/div><\/div><\/div><div class=\"vc_col-sm-6 wpb_column vc_column_container has_bg_color\"><div class=\"vc_column-inner us_custom_c896ab02 type_sticky\"><div class=\"wpb_wrapper\"><div class=\"wpb_text_column\"><div class=\"wpb_wrapper\"><p><strong>Alte procese de corp:<\/strong><\/p>\n<ul>\n<li>Procesul de Corp pentru Alinierea Sistemelor<\/li>\n<li>Procesul de Corp pentru Eliberarea Stresului Celular<\/li>\n<li>Procesul de Corp pentru \u00cembun\u0103t\u0103\u021birea Sistemului Respirator<\/li>\n<li>Procesul de Corp pentru Eliminarea Obosealii Adrenale \u0219i Cronice<\/li>\n<li>Procesul de Corp pentru Echilibrarea Metabolismului \u0219i Greut\u0103\u021bii<\/li>\n<li>Procesul de Corp pentru \u00cent\u0103rirea Oaselor<\/li>\n<li>Procesul de Corp pentru Eliberarea Limit\u0103rilor Sexuale<\/li>\n<li>Procesul de Corp pentru \u00cembun\u0103t\u0103\u021birea Circula\u021biei Sanguine<\/li>\n<li>Procesul de Corp pentru Eliminarea Toxinelor \u0219i Metalelor Grele<\/li>\n<li>Procesul de Corp pentru Echilibrarea Sistemului Limfatic<\/li>\n<li>Procesul de Corp pentru Ameliorarea Durerilor Musculare \u0219i Articulare<\/li>\n<li>Procesul de Corp pentru \u00cembun\u0103t\u0103\u021birea Capacit\u0103\u021bii Cognitive<\/li>\n<li>Procesul de Corp pentru Eliberarea Blocajelor Emo\u021bionale<\/li>\n<li>Procesul de Corp pentru \u00cent\u0103rirea Sistemului Nervos<\/li>\n<\/ul>\n<p>Aceste procese formeaz\u0103 un spectru complet de tehnici de vindecare energetic\u0103, fiecare av\u00e2nd un scop specific \u0219i contribuind la \u00eembun\u0103t\u0103\u021birea st\u0103rii generale de s\u0103n\u0103tate \u0219i bun\u0103stare.<\/p>\n<\/div><\/div><\/div><\/div><\/div><\/div><\/div><\/div><\/div><\/div><\/div><\/section><section class=\"l-section wpb_row us_custom_339e136a height_medium with_img parallax_ver\"><div class=\"l-section-img\" role=\"img\" aria-label=\"sistemul imun, corectarea vederii, sistemul imunitar, minuni, sa schimbe boala, terapie facelift\" data-img-width=\"600\" data-img-height=\"401\" style=\"background-image: url(https:\/\/laurabarbulescu.ro\/wp-content\/uploads\/2023\/12\/iStock-1255236230-e1702906882714.webp);background-repeat: no-repeat;\"><\/div><div class=\"l-section-h i-cf\"><div class=\"g-cols vc_row via_flex valign_top type_default stacking_default\"><div class=\"vc_col-sm-12 wpb_column vc_column_container\"><div class=\"vc_column-inner\"><div class=\"wpb_wrapper\"><\/div><\/div><\/div><\/div><\/div><\/section><section class=\"l-section wpb_row height_medium\"><div class=\"l-section-h i-cf\"><div class=\"g-cols vc_row via_flex valign_top type_default stacking_default\"><div class=\"vc_col-sm-12 wpb_column vc_column_container\"><div class=\"vc_column-inner\"><div class=\"wpb_wrapper\"><div class=\"g-cols wpb_row via_flex valign_top type_default stacking_default\"><div class=\"vc_col-sm-12 wpb_column vc_column_container\"><div class=\"vc_column-inner\"><div class=\"wpb_wrapper\"><div class=\"wpb_text_column\"><div class=\"wpb_wrapper\"><p><strong>Beneficiile Proceselor de Corp Access Consciousness<\/strong><\/p>\n<p>Procesele de Corp Access Consciousness ofer\u0103 o gam\u0103 larg\u0103 de beneficii, at\u00e2t la nivel fizic, c\u00e2t \u0219i la nivel mental \u0219i emo\u021bional. Aceste tehnici unice de vindecare energetic\u0103 sunt concepute pentru a elibera blocajele \u0219i a stimula poten\u021bialul natural de autovindecare al corpului. Iat\u0103 c\u00e2teva dintre cele mai semnificative beneficii:<\/p>\n<\/div><\/div><\/div><\/div><\/div><\/div><div class=\"g-cols wpb_row us_custom_06416c71 via_flex valign_top type_default stacking_default\"><div class=\"vc_col-sm-4 wpb_column vc_column_container  has_bg_color\"><div class=\"vc_column-inner us_custom_5f53ff8f us_animate_this\"><div class=\"wpb_wrapper\"><div class=\"wpb_text_column us_custom_1153e2dc\"><div class=\"wpb_wrapper\"><ol>\n<li><strong>Echilibru Energetic \u0219i Fizic<\/strong><\/li>\n<\/ol>\n<ul>\n<li><strong>Restabilirea Armoniei:<\/strong>\u00a0Procesele ajut\u0103 la echilibrarea energiilor corpului, promov\u00e2nd o stare de bine general\u0103.<\/li>\n<li><strong>Ameliorarea Durerilor:<\/strong>\u00a0Sunt eficiente \u00een reducerea durerilor cronice, musculare \u0219i articulare, oferind un confort fizic sporit.<\/li>\n<\/ul>\n<\/div><\/div><\/div><\/div><\/div><div class=\"vc_col-sm-4 wpb_column vc_column_container  has_bg_color\"><div class=\"vc_column-inner us_custom_6d6fdc8d us_animate_this\"><div class=\"wpb_wrapper\"><div class=\"wpb_text_column us_custom_1153e2dc\"><div class=\"wpb_wrapper\"><ol start=\"2\">\n<li><strong>\u00cembun\u0103t\u0103\u021birea S\u0103n\u0103t\u0103\u021bii Mentale \u0219i Emo\u021bionale<\/strong><\/li>\n<\/ol>\n<ul>\n<li><strong>Reducerea Stresului \u0219i Anxiet\u0103\u021bii:<\/strong>\u00a0Aceste procese creeaz\u0103 o stare profund\u0103 de relaxare, ajut\u00e2nd la diminuarea stresului \u0219i anxiet\u0103\u021bii.<\/li>\n<li><strong>Claritate Mental\u0103:<\/strong>\u00a0Contribuie la \u00eembun\u0103t\u0103\u021birea concentr\u0103rii \u0219i clarit\u0103\u021bii mentale, facilit\u00e2nd o g\u00e2ndire mai limpede \u0219i decizii mai bine fundamentate.<\/li>\n<\/ul>\n<\/div><\/div><\/div><\/div><\/div><div class=\"vc_col-sm-4 wpb_column vc_column_container  has_bg_color\"><div class=\"vc_column-inner us_custom_82c5260a us_animate_this\"><div class=\"wpb_wrapper\"><div class=\"wpb_text_column us_custom_1153e2dc\"><div class=\"wpb_wrapper\"><ol start=\"3\">\n<li><strong>Revitalizare \u0219i \u00centinerire<\/strong><\/li>\n<\/ol>\n<ul>\n<li><strong>\u00centinerirea Celular\u0103:<\/strong>\u00a0Multe procese sunt orientate spre revitalizarea \u0219i \u00eentinerirea celulelor, contribuind la un aspect mai t\u00e2n\u0103r \u0219i la o s\u0103n\u0103tate celular\u0103 \u00eembun\u0103t\u0103\u021bit\u0103.<\/li>\n<li><strong>Energie Sporit\u0103:<\/strong>\u00a0Ajut\u0103 la combaterea oboselii \u0219i la cre\u0219terea nivelurilor de energie, permi\u021b\u00e2ndu-\u021bi s\u0103 te bucuri de o via\u021b\u0103 mai activ\u0103 \u0219i \u00eemplinit\u0103.<\/li>\n<\/ul>\n<\/div><\/div><\/div><\/div><\/div><\/div><div class=\"g-cols wpb_row via_flex valign_top type_default stacking_default\"><div class=\"vc_col-sm-4 wpb_column vc_column_container  has_bg_color\"><div class=\"vc_column-inner us_custom_041b86b3 us_animate_this\"><div class=\"wpb_wrapper\"><div class=\"wpb_text_column us_custom_1153e2dc\"><div class=\"wpb_wrapper\"><ol start=\"4\">\n<li><strong>Suport pentru S\u0103n\u0103tatea Fizic\u0103<\/strong><\/li>\n<\/ol>\n<ul>\n<li><strong>\u00cembun\u0103t\u0103\u021birea Func\u021biilor Corpului:<\/strong>\u00a0Procesele pot sprijini diverse func\u021bii ale corpului, cum ar fi digestia, respira\u021bia \u0219i circula\u021bia.<\/li>\n<li><strong>Detoxifiere:<\/strong>\u00a0Contribuie la eliminarea toxinelor din corp, promov\u00e2nd o stare de s\u0103n\u0103tate optim\u0103.<\/li>\n<\/ul>\n<\/div><\/div><\/div><\/div><\/div><div class=\"vc_col-sm-4 wpb_column vc_column_container  has_bg_color\"><div class=\"vc_column-inner us_custom_b3e6edc7 us_animate_this\"><div class=\"wpb_wrapper\"><div class=\"wpb_text_column us_custom_1153e2dc\"><div class=\"wpb_wrapper\"><ol start=\"5\">\n<li><strong>Vindecare Holistic\u0103<\/strong><\/li>\n<\/ol>\n<ul>\n<li><strong>Tratarea Cauzelor, nu doar a Simptomelor:<\/strong>\u00a0Aceste procese abordeaz\u0103 cauzele profunde ale problemelor de s\u0103n\u0103tate, nu doar simptomele, oferind o vindecare mai profund\u0103 \u0219i durabil\u0103.<\/li>\n<li><strong>Eliberarea Traumelor:<\/strong>\u00a0Ajut\u0103 la procesarea \u0219i eliberarea traumelor emo\u021bionale \u0219i fizice, contribuind la o stare de bine holistic\u0103.<\/li>\n<\/ul>\n<\/div><\/div><\/div><\/div><\/div><div class=\"vc_col-sm-4 wpb_column vc_column_container  has_bg_color\"><div class=\"vc_column-inner us_custom_d98d5f36 us_animate_this\"><div class=\"wpb_wrapper\"><div class=\"wpb_text_column us_custom_1153e2dc\"><div class=\"wpb_wrapper\"><ol start=\"6\">\n<li><strong>Flexibilitate \u0219i Personalizare<\/strong><\/li>\n<\/ol>\n<ul>\n<li><strong>Adaptabilitate:<\/strong>\u00a0Fiecare proces poate fi adaptat pentru a r\u0103spunde nevoilor specifice ale fiec\u0103rui individ, oferind o experien\u021b\u0103 personalizat\u0103 de vindecare.<\/li>\n<li><strong>Potrivit pentru Toate V\u00e2rstele:<\/strong>\u00a0Procesele sunt sigure \u0219i eficiente pentru persoane de toate v\u00e2rstele, de la copii la v\u00e2rstnici.<\/li>\n<\/ul>\n<\/div><\/div><\/div><\/div><\/div><\/div><div class=\"wpb_text_column us_custom_5a478b24 has_text_color\"><div class=\"wpb_wrapper\"><p><a id=\"waBttn\" class=\"bttnProgramare\" href=\"https:\/\/wa.me\/+40726156664?text=As%20dori%20sa%20fac%20programare%20la%20o%20sedinta%20de%20terapie.%20..url:\/wp-json\/wp\/v2\/pages\/1444\" target=\"_blank\" rel=\"noopener\">PROGRAMEAZ\u0102-TE ACUM<\/a><\/p>\n<p><em><strong>BONUS:<\/strong> vei primi\u00a0<strong>GRATUIT<\/strong>\u00a0o serie de informa\u021bii (\u00een valoare de\u00a0<del datetime=\"2024-01-17T17:31:20+00:00\">150 lei<\/del>) care s\u0103 te ajute s\u0103 \u00ee\u021bi faci reechilibrarea energetic\u0103 chiar la tine acas\u0103.<\/em><\/p>\n<\/div><\/div><div class=\"w-image align_center\"><div class=\"w-image-h\"><img decoding=\"async\" width=\"600\" height=\"418\" src=\"https:\/\/laurabarbulescu.ro\/wp-content\/uploads\/2025\/05\/3db-600x418.jpg\" class=\"attachment-woocommerce_single size-woocommerce_single\" alt=\"procese de corp\" loading=\"lazy\" srcset=\"https:\/\/laurabarbulescu.ro\/wp-content\/uploads\/2025\/05\/3db-600x418.jpg 600w, https:\/\/laurabarbulescu.ro\/wp-content\/uploads\/2025\/05\/3db-300x209.jpg 300w, https:\/\/laurabarbulescu.ro\/wp-content\/uploads\/2025\/05\/3db-1024x713.jpg 1024w, https:\/\/laurabarbulescu.ro\/wp-content\/uploads\/2025\/05\/3db-18x12.jpg 18w, https:\/\/laurabarbulescu.ro\/wp-content\/uploads\/2025\/05\/3db-500x348.jpg 500w, https:\/\/laurabarbulescu.ro\/wp-content\/uploads\/2025\/05\/3db-e1757570903688.jpg 800w\" sizes=\"auto, (max-width: 600px) 100vw, 600px\" \/><\/div><\/div><\/div><\/div><\/div><\/div><\/div><\/section><section class=\"l-section wpb_row us_custom_0d15be52 height_small\"><div class=\"l-section-h i-cf\"><div class=\"g-cols vc_row via_flex valign_top type_default stacking_default\"><div class=\"vc_col-sm-12 vc_col-lg-offset-2 vc_col-lg-8 wpb_column vc_column_container\"><div class=\"vc_column-inner\"><div class=\"wpb_wrapper\"><div class=\"wpb_text_column us_custom_600c7503\"><div class=\"wpb_wrapper\"><p>Prin alegerea de Procese de Corp Access Consciousness, \u00ee\u021bi deschizi calea c\u0103tre o s\u0103n\u0103tate optim\u0103 \u0219i o stare de bine profund\u0103. E\u0219ti preg\u0103tit s\u0103 explorezi aceste tehnici transforma\u021bionale? <a href=\"https:\/\/laurabarbulescu.ro\/en\/contact\/\">Contacteaz\u0103-m\u0103<\/a> pentru mai multe informa\u021bii sau pentru a programa o \u0219edin\u021b\u0103. Haide s\u0103 lucr\u0103m \u00eempreun\u0103 pentru a debloca poten\u021bialul t\u0103u de vindecare!<\/p>\n<\/div><\/div><\/div><\/div><\/div><\/div><\/div><\/section>","protected":false},"excerpt":{"rendered":"Descoper\u0103 lumea fascinant\u0103 de Procese de Corp Access Consciousness, un univers \u00een care vindecarea \u0219i echilibrul energetic se \u00eent\u00e2lnesc pentru a crea o experien\u021b\u0103 de transformare profund\u0103. Ca practicant certificat \u00een aceste Procese de Corp Access Consciousness, sunt aici pentru a te ghida prin aceast\u0103 c\u0103l\u0103torie unic\u0103 de autocunoa\u0219tere \u0219i regenerare. PROGRAMEAZ\u0102-TE ACUM BONUS: vei...","protected":false},"author":1,"featured_media":1451,"parent":1144,"menu_order":0,"comment_status":"closed","ping_status":"closed","template":"","meta":{"_lmt_disableupdate":"no","_lmt_disable":"","footnotes":""},"class_list":["post-1444","page","type-page","status-publish","has-post-thumbnail","hentry"],"_links":{"self":[{"href":"https:\/\/laurabarbulescu.ro\/en\/wp-json\/wp\/v2\/pages\/1444","targetHints":{"allow":["GET"]}}],"collection":[{"href":"https:\/\/laurabarbulescu.ro\/en\/wp-json\/wp\/v2\/pages"}],"about":[{"href":"https:\/\/laurabarbulescu.ro\/en\/wp-json\/wp\/v2\/types\/page"}],"author":[{"embeddable":true,"href":"https:\/\/laurabarbulescu.ro\/en\/wp-json\/wp\/v2\/users\/1"}],"replies":[{"embeddable":true,"href":"https:\/\/laurabarbulescu.ro\/en\/wp-json\/wp\/v2\/comments?post=1444"}],"version-history":[{"count":4,"href":"https:\/\/laurabarbulescu.ro\/en\/wp-json\/wp\/v2\/pages\/1444\/revisions"}],"predecessor-version":[{"id":2091,"href":"https:\/\/laurabarbulescu.ro\/en\/wp-json\/wp\/v2\/pages\/1444\/revisions\/2091"}],"up":[{"embeddable":true,"href":"https:\/\/laurabarbulescu.ro\/en\/wp-json\/wp\/v2\/pages\/1144"}],"wp:featuredmedia":[{"embeddable":true,"href":"https:\/\/laurabarbulescu.ro\/en\/wp-json\/wp\/v2\/media\/1451"}],"wp:attachment":[{"href":"https:\/\/laurabarbulescu.ro\/en\/wp-json\/wp\/v2\/media?parent=1444"}],"curies":[{"name":"wp","href":"https:\/\/api.w.org\/{rel}","templated":true}]}}