{"id":1639,"date":"2024-01-25T16:35:39","date_gmt":"2024-01-25T13:35:39","guid":{"rendered":"https:\/\/laurabarbulescu.ro\/?page_id=1639"},"modified":"2025-04-24T11:22:41","modified_gmt":"2025-04-24T08:22:41","slug":"facilitare-access-consciousness","status":"publish","type":"page","link":"https:\/\/laurabarbulescu.ro\/en\/terapii-energetice\/facilitare-access-consciousness\/","title":{"rendered":"Facilitare Access Consciousness"},"content":{"rendered":"<section class=\"l-section wpb_row us_custom_e11ab399 height_medium\"><div class=\"l-section-h i-cf\"><div class=\"g-cols vc_row via_flex valign_top type_default stacking_default\"><div class=\"vc_col-sm-12 wpb_column vc_column_container\"><div class=\"vc_column-inner\"><div class=\"wpb_wrapper\"><div class=\"wpb_text_column\"><div class=\"wpb_wrapper\"><p><strong>Transform\u0103-\u021bi Via\u021ba cu \u00centreb\u0103rile Potrivite: Facilitare Access Consciousness de grup sau individual\u0103 online prin Zoom<\/strong><\/p>\n<p>Bine ai venit \u00een spa\u021biul meu dedicat transform\u0103rii personale prin Facilitare Access Consciousness. Aici, te invit s\u0103 descoperi cum \u00eentreb\u0103rile potrivite, adresate \u00eentr-un cadru de facilitare\u00a0 de grup sau individual\u0103, pot deschide calea c\u0103tre schimb\u0103ri profunde \u00een via\u021ba ta. Fie c\u0103 este vorba despre provoc\u0103ri legate de corpul t\u0103u, s\u0103n\u0103tate, rela\u021bii, finan\u021be, afaceri sau orice alt aspect care pare imposibil de schimbat, aceste sesiuni online de facilitare prin Zoom sunt aici pentru a te ghida spre un orizont de noi posibilit\u0103\u021bi.<\/p>\n<p><strong>Ce \u00censeamn\u0103 Facilitare Access Consciousness?<\/strong><\/p>\n<p>Facilitarea Access Consciousness este o abordare unic\u0103, centrat\u0103 pe puterea \u00eentreb\u0103rilor pentru a debloca con\u0219tientizarea \u0219i posibilit\u0103\u021bile. \u00cen loc s\u0103 c\u0103ut\u0103m r\u0103spunsuri definitive, \u00ee\u021bi voi ar\u0103ta cum s\u0103 &#8222;fii \u00eentrebarea&#8221;, o perspectiv\u0103 care \u00eemputernice\u0219te \u0219i elibereaz\u0103. Inspirat de principiul c\u0103 o \u00eentrebare deschide mereu noi c\u0103i, rolul meu este s\u0103 te ghidez \u00een explorarea acestor posibilit\u0103\u021bi nelimitate.<\/p>\n<\/div><\/div><div class=\"wpb_text_column\"><div class=\"wpb_wrapper\"><p><strong>Cum Decurge o Sesiune Online de Facilitare Access Consciousness?<\/strong><\/p>\n<p>Sesiunile de facilitare se desf\u0103\u0219oar\u0103 online, prin Zoom, oferindu-\u021bi confortul \u0219i flexibilitatea de a participa de oriunde te-ai afla. \u00centr-un cadru sigur \u0219i sus\u021bin\u0103tor, vom lucra \u00eempreun\u0103 cu mai alte persoane sau individual pentru a identifica \u0219i a explora \u00eentreb\u0103rile esen\u021biale care pot aduce lumin\u0103 asupra situa\u021biilor tale specifice. Vei descoperi cum \u00eentreb\u0103rile deschise pot revela solu\u021bii nea\u0219teptate \u0219i te pot conduce c\u0103tre o con\u0219tientizare mai profund\u0103.<\/p>\n<\/div><\/div><div class=\"wpb_text_column us_custom_a2cc3498 has_text_color\"><div class=\"wpb_wrapper\"><p><a id=\"waBttn\" class=\"bttnProgramare\" href=\"https:\/\/wa.me\/+40726156664?text=As%20dori%20sa%20fac%20programare%20la%20o%20sedinta%20de%20terapie.%20..url:\/wp-json\/wp\/v2\/pages\/1639\" target=\"_blank\" rel=\"noopener\">PROGRAMEAZ\u0102-TE ACUM<\/a><\/p>\n<p><em><strong>BONUS:<\/strong> vei primi <strong>GRATUIT<\/strong> o serie de informa\u021bii (\u00een valoare de <del datetime=\"2024-01-17T17:31:20+00:00\">150 lei<\/del>) care s\u0103 te ajute s\u0103 \u00ee\u021bi faci reechilibrarea energetic\u0103 chiar la tine acas\u0103.<\/em><\/p>\n<\/div><\/div><\/div><\/div><\/div><\/div><\/div><\/section><section class=\"l-section wpb_row us_custom_e11ab399 height_medium\"><div class=\"l-section-h i-cf\"><div class=\"g-cols vc_row via_flex valign_top type_default stacking_default\"><div class=\"vc_col-sm-12 wpb_column vc_column_container\"><div class=\"vc_column-inner\"><div class=\"wpb_wrapper\"><h3 style=\"text-align: left\" class=\"vc_custom_heading vc_do_custom_heading us_custom_cda6f729\" >Aplica\u021bii Practice Facilitare Access Consciousness<\/h3><div class=\"g-cols wpb_row us_custom_06416c71 via_flex valign_top type_default stacking_default\"><div class=\"vc_col-sm-3 wpb_column vc_column_container\"><div class=\"vc_column-inner\"><div class=\"wpb_wrapper\"><div class=\"wpb_text_column us_custom_0e7e31f4 shadow-v4\"><div class=\"wpb_wrapper\"><h6>1. Cu Corpul T\u0103u:<\/h6>\n<p>\u00cen sesiunile noastre, vom aborda modul \u00een care te raportezi la corpul t\u0103u. Vom explora \u00eentreb\u0103ri precum &#8222;Ce mesaj \u00eemi transmite corpul meu pe care nu l-am ascultat p\u00e2n\u0103 acum?&#8221; sau &#8222;Cum a\u0219 putea s\u0103 colaborez mai armonios cu corpul meu?&#8221;. Aceste \u00eentreb\u0103ri te vor ajuta s\u0103 identifici \u0219i s\u0103 eliberezi blocajele emo\u021bionale sau mentale care pot influen\u021ba starea ta fizic\u0103. Vom lucra \u00eempreun\u0103 pentru a dezvolta o rela\u021bie mai profund\u0103 \u0219i mai con\u0219tient\u0103 cu corpul t\u0103u, ceea ce poate duce la \u00eembun\u0103t\u0103\u021birea s\u0103n\u0103t\u0103\u021bii \u0219i a vitalit\u0103\u021bii.<\/p>\n<\/div><\/div><\/div><\/div><\/div><div class=\"vc_col-sm-3 wpb_column vc_column_container\"><div class=\"vc_column-inner\"><div class=\"wpb_wrapper\"><div class=\"wpb_text_column us_custom_bcdce5d4 shadow-v4\"><div class=\"wpb_wrapper\"><h6>2. \u00cen Rela\u021bii:<\/h6>\n<p>Rela\u021biile sunt adesea un teren complex, plin de emo\u021bii \u0219i provoc\u0103ri pe care \u00eel abordam prin \u0219edin\u021bele de facilitare Access Consciousness . \u00cen cadrul sesiunilor noastre, vom explora \u00eentreb\u0103ri precum &#8222;Ce pot \u00eenv\u0103\u021ba din aceast\u0103 rela\u021bie?&#8221; sau &#8222;Cum pot contribui la cre\u0219terea \u0219i evolu\u021bia rela\u021biei mele?&#8221;. Aceste \u00eentreb\u0103ri te vor ghida s\u0103 vezi dincolo de problemele de suprafa\u021b\u0103 \u0219i s\u0103 identifici moduri de a construi rela\u021bii mai s\u0103n\u0103toase \u0219i mai \u00eemplinite. Vom lucra pentru a dezvolta empatie, \u00een\u021belegere \u0219i o comunicare mai eficient\u0103 \u00een rela\u021biile tale.<\/p>\n<\/div><\/div><\/div><\/div><\/div><div class=\"vc_col-sm-3 wpb_column vc_column_container\"><div class=\"vc_column-inner\"><div class=\"wpb_wrapper\"><div class=\"wpb_text_column us_custom_0e7e31f4 shadow-v4\"><div class=\"wpb_wrapper\"><h6>3. Cu Banii:<\/h6>\n<p>Abordarea finan\u021belor poate fi adesea \u00eenc\u0103rcat\u0103 de frici \u0219i convingeri limitative. \u00cen sesiunile noastre, vom aborda \u00eentreb\u0103ri precum &#8222;Ce convingeri despre bani m\u0103 limiteaz\u0103?&#8221; sau &#8222;Cum pot atrage mai mult\u0103 abunden\u021b\u0103 \u00een via\u021ba mea?&#8221;. Vom explora noi perspective asupra banilor \u0219i abunden\u021bei, ajut\u00e2ndu-te s\u0103 identifici \u0219i s\u0103 dep\u0103\u0219e\u0219ti blocajele mentale care te \u00eempiedic\u0103 s\u0103 atingi prosperitatea financiar\u0103. Vom lucra \u00eempreun\u0103 pentru a dezvolta o rela\u021bie mai s\u0103n\u0103toas\u0103 \u0219i mai pozitiv\u0103 cu finan\u021bele tale.<\/p>\n<\/div><\/div><\/div><\/div><\/div><div class=\"vc_col-sm-3 wpb_column vc_column_container\"><div class=\"vc_column-inner\"><div class=\"wpb_wrapper\"><div class=\"wpb_text_column us_custom_bcdce5d4 shadow-v4\"><div class=\"wpb_wrapper\"><h6>4. \u00cen Afaceri:<\/h6>\n<p>Pentru antreprenori \u0219i profesioni\u0219ti, provoc\u0103rile din afaceri pot p\u0103rea uneori insurmontabile. \u00cen sesiunile noastre, vom explora \u00eentreb\u0103ri precum &#8222;Ce strategii neconven\u021bionale pot adopta pentru a-mi cre\u0219te afacerea?&#8221; sau &#8222;Cum pot inova \u00een modul \u00een care conduc afacerea mea?&#8221;. Aceste \u00eentreb\u0103ri sunt menite s\u0103 stimuleze g\u00e2ndirea creativ\u0103 \u0219i s\u0103 deschid\u0103 noi c\u0103i pentru succesul \u00een afaceri. Vom lucra \u00eempreun\u0103 pentru a identifica oportunit\u0103\u021bi neexplorate \u0219i pentru a dezvolta abord\u0103ri inovatoare care pot transforma modul \u00een care \u00ee\u021bi conduci afacerea.<\/p>\n<\/div><\/div><\/div><\/div><\/div><\/div><div class=\"wpb_text_column us_custom_a2cc3498 has_text_color\"><div class=\"wpb_wrapper\"><p><a id=\"waBttn\" class=\"bttnProgramare\" href=\"https:\/\/wa.me\/+40726156664?text=As%20dori%20sa%20fac%20programare%20la%20o%20sedinta%20de%20terapie.%20..url:\/wp-json\/wp\/v2\/pages\/1639\" target=\"_blank\" rel=\"noopener\">PROGRAMEAZ\u0102-TE ACUM<\/a><\/p>\n<p><em><strong>BONUS:<\/strong>\u00a0vei primi <strong>GRATUIT<\/strong> o serie de informa\u021bii (\u00een valoare de <del datetime=\"2024-01-17T17:31:20+00:00\">150 lei<\/del>) care s\u0103 te ajute s\u0103 \u00ee\u021bi faci reechilibrarea energetic\u0103 chiar la tine acas\u0103.<\/em><\/p>\n<\/div><\/div><\/div><\/div><\/div><\/div><\/div><\/section><section class=\"l-section wpb_row us_custom_e11ab399 height_medium\"><div class=\"l-section-h i-cf\"><div class=\"g-cols vc_row via_flex valign_top type_default stacking_default\"><div class=\"vc_col-sm-12 wpb_column vc_column_container\"><div class=\"vc_column-inner\"><div class=\"wpb_wrapper\"><h3 style=\"text-align: left\" class=\"vc_custom_heading vc_do_custom_heading us_custom_cda6f729\" >Beneficii Facilitare Access Consciousness<\/h3><div class=\"g-cols wpb_row us_custom_06416c71 via_flex valign_top type_default stacking_default\"><div class=\"vc_col-sm-3 wpb_column vc_column_container\"><div class=\"vc_column-inner\"><div class=\"wpb_wrapper\"><div class=\"wpb_text_column us_custom_bcdce5d4 shadow-v4\"><div class=\"wpb_wrapper\"><h6>1. Con\u0219tientizare Personalizat\u0103:<\/h6>\n<p style=\"text-align: left;\">Fiecare sesiune de facilitare Access Consciousness este unic\u0103 \u0219i adaptat\u0103 nevoilor tale specifice. Acest lucru \u00eenseamn\u0103 c\u0103 fiecare \u00eent\u00e2lnire este concentrat\u0103 pe tine \u2013 pe g\u00e2ndurile, emo\u021biile \u0219i situa\u021biile tale personale. Prin abordarea personalizat\u0103, vei beneficia de o con\u0219tientizare mai profund\u0103 \u0219i mai relevant\u0103 pentru tine. Vom explora \u00eempreun\u0103 aspectele vie\u021bii tale care necesit\u0103 aten\u021bie \u0219i claritate, oferindu-\u021bi un sprijin adaptat pentru a naviga prin provoc\u0103rile \u0219i oportunit\u0103\u021bile cu care te confrun\u021bi.<\/p>\n<\/div><\/div><\/div><\/div><\/div><div class=\"vc_col-sm-3 wpb_column vc_column_container\"><div class=\"vc_column-inner\"><div class=\"wpb_wrapper\"><div class=\"wpb_text_column us_custom_0e7e31f4 shadow-v4\"><div class=\"wpb_wrapper\"><h6>2. Flexibilitate \u0219i Confort:<\/h6>\n<p>Sesiunile online prin Zoom ofer\u0103 o flexibilitate extraordinar\u0103. Po\u021bi participa de oriunde te-ai afla, fie c\u0103 este vorba de confortul casei tale, biroul t\u0103u sau orice alt loc \u00een care te sim\u021bi relaxat \u0219i concentrat. Aceast\u0103 modalitate de lucru elimin\u0103 stresul legat de deplas\u0103ri \u0219i program\u0103ri fizice, permi\u021b\u00e2ndu-\u021bi s\u0103 te concentrezi pe sesiune f\u0103r\u0103 distrageri externe. Aceast\u0103 flexibilitate asigur\u0103 c\u0103 procesul de facilitare se integreaz\u0103 u\u0219or \u00een rutina ta zilnic\u0103, f\u0103c\u00e2nd dezvoltarea personal\u0103 accesibil\u0103 \u0219i convenabil\u0103.<\/p>\n<\/div><\/div><\/div><\/div><\/div><div class=\"vc_col-sm-3 wpb_column vc_column_container\"><div class=\"vc_column-inner\"><div class=\"wpb_wrapper\"><div class=\"wpb_text_column us_custom_bcdce5d4 shadow-v4\"><div class=\"wpb_wrapper\"><h6>3. Eliberare de Limit\u0103ri:<\/h6>\n<p>Prin \u00eentreb\u0103ri personalizate \u0219i ghidare atent\u0103, vei \u00eencepe s\u0103 recuno\u0219ti \u0219i s\u0103 dep\u0103\u0219e\u0219ti limit\u0103rile care te-au \u021binut \u00een loc. Aceasta poate include convingeri limitative, modele de g\u00e2ndire negative, sau blocaje emo\u021bionale. Facilitarea individual\u0103 te ajut\u0103 s\u0103 identifici aceste bariere \u0219i s\u0103 lucrezi pentru a le transforma. Vei descoperi noi moduri de a g\u00e2ndi \u0219i de a ac\u021biona, care \u00ee\u021bi vor deschide calea c\u0103tre noi posibilit\u0103\u021bi \u0219i oportunit\u0103\u021bi \u00een via\u021ba ta.<\/p>\n<\/div><\/div><\/div><\/div><\/div><div class=\"vc_col-sm-3 wpb_column vc_column_container\"><div class=\"vc_column-inner\"><div class=\"wpb_wrapper\"><div class=\"wpb_text_column us_custom_0e7e31f4 shadow-v4\"><div class=\"wpb_wrapper\"><h6>4. Transformare Profund\u0103:<\/h6>\n<p>Pe m\u0103sur\u0103 ce progresezi prin sesiunile de facilitare, vei observa schimb\u0103ri semnificative \u00een modul \u00een care percepi \u0219i interac\u021bionezi cu lumea din jurul t\u0103u. Aceast\u0103 transformare nu este doar superficial\u0103 sau temporar\u0103, ci una profund\u0103 \u0219i durabil\u0103. Vei dezvolta o mai mare con\u0219tientizare de sine, o \u00een\u021belegere mai profund\u0103 a poten\u021bialului t\u0103u \u0219i o capacitate crescut\u0103 de a face fa\u021b\u0103 provoc\u0103rilor. Aceast\u0103 transformare te va ajuta s\u0103 tr\u0103ie\u0219ti o via\u021b\u0103 mai \u00eemplinit\u0103, mai echilibrat\u0103 \u0219i mai aliniat\u0103 cu valorile \u0219i obiectivele tale personale.<\/p>\n<\/div><\/div><\/div><\/div><\/div><\/div><div class=\"wpb_text_column us_custom_a2cc3498 has_text_color\"><div class=\"wpb_wrapper\"><p><a id=\"waBttn\" class=\"bttnProgramare\" href=\"https:\/\/wa.me\/+40726156664?text=As%20dori%20sa%20fac%20programare%20la%20o%20sedinta%20de%20terapie.%20..url:\/wp-json\/wp\/v2\/pages\/1639\" target=\"_blank\" rel=\"noopener\">PROGRAMEAZ\u0102-TE ACUM<\/a><\/p>\n<p><em><strong>BONUS:<\/strong> vei primi <strong>GRATUIT<\/strong> o serie de informa\u021bii (\u00een valoare de <del datetime=\"2024-01-17T17:31:20+00:00\">150 lei<\/del>) care s\u0103 te ajute s\u0103 \u00ee\u021bi faci reechilibrarea energetic\u0103 chiar la tine acas\u0103.<\/em><\/p>\n<\/div><\/div><\/div><\/div><\/div><\/div><\/div><\/section><section class=\"l-section wpb_row us_custom_6d149020 height_small\"><div class=\"l-section-overlay\" style=\"background:#f5f5f5\"><\/div><div class=\"l-section-h i-cf\"><div class=\"g-cols vc_row via_flex valign_top type_default stacking_default\"><div class=\"vc_col-sm-12 wpb_column vc_column_container\"><div class=\"vc_column-inner\"><div class=\"wpb_wrapper\"><div class=\"wpb_text_column\"><div class=\"wpb_wrapper\"><p><strong>\u00cencepe C\u0103l\u0103toria Ta<\/strong><\/p>\n<p>Te invit s\u0103 \u00eencepi aceast\u0103 c\u0103l\u0103torie extraordinar\u0103 de auto-descoperire \u0219i transformare cu mine. Prin sesiunile noastre online de facilitare Access Consciousness, vei descoperi puterea \u00eentreb\u0103rilor \u0219i cum acestea pot schimba totul \u00een via\u021ba ta. <a href=\"https:\/\/laurabarbulescu.ro\/en\/contact\/\">Contacteaz\u0103-m\u0103<\/a> ast\u0103zi pentru a programa prima ta sesiune \u0219i s\u0103 deschizi u\u0219a c\u0103tre un univers de posibilit\u0103\u021bi nelimitate.<\/p>\n<\/div><\/div><div class=\"w-image align_center\"><div class=\"w-image-h\"><img decoding=\"async\" width=\"600\" height=\"443\" src=\"https:\/\/laurabarbulescu.ro\/wp-content\/uploads\/2024\/12\/WhatsApp-Image-2024-12-05-at-16.05.20-600x443.jpeg\" class=\"attachment-woocommerce_single size-woocommerce_single\" alt=\"facilitare prin intrebari\" loading=\"lazy\" srcset=\"https:\/\/laurabarbulescu.ro\/wp-content\/uploads\/2024\/12\/WhatsApp-Image-2024-12-05-at-16.05.20-600x443.jpeg 600w, https:\/\/laurabarbulescu.ro\/wp-content\/uploads\/2024\/12\/WhatsApp-Image-2024-12-05-at-16.05.20-300x221.jpeg 300w, https:\/\/laurabarbulescu.ro\/wp-content\/uploads\/2024\/12\/WhatsApp-Image-2024-12-05-at-16.05.20-1024x755.jpeg 1024w, https:\/\/laurabarbulescu.ro\/wp-content\/uploads\/2024\/12\/WhatsApp-Image-2024-12-05-at-16.05.20-16x12.jpeg 16w, https:\/\/laurabarbulescu.ro\/wp-content\/uploads\/2024\/12\/WhatsApp-Image-2024-12-05-at-16.05.20-500x369.jpeg 500w, https:\/\/laurabarbulescu.ro\/wp-content\/uploads\/2024\/12\/WhatsApp-Image-2024-12-05-at-16.05.20-e1757570958946.jpeg 800w\" sizes=\"auto, (max-width: 600px) 100vw, 600px\" \/><\/div><\/div><\/div><\/div><\/div><\/div><\/div><\/section>","protected":false},"excerpt":{"rendered":"Transform\u0103-\u021bi Via\u021ba cu \u00centreb\u0103rile Potrivite: Facilitare Access Consciousness de grup sau individual\u0103 online prin Zoom Bine ai venit \u00een spa\u021biul meu dedicat transform\u0103rii personale prin Facilitare Access Consciousness. Aici, te invit s\u0103 descoperi cum \u00eentreb\u0103rile potrivite, adresate \u00eentr-un cadru de facilitare\u00a0 de grup sau individual\u0103, pot deschide calea c\u0103tre schimb\u0103ri profunde \u00een via\u021ba ta. Fie...","protected":false},"author":1,"featured_media":1640,"parent":1144,"menu_order":0,"comment_status":"closed","ping_status":"closed","template":"","meta":{"_lmt_disableupdate":"no","_lmt_disable":"","footnotes":""},"class_list":["post-1639","page","type-page","status-publish","has-post-thumbnail","hentry"],"_links":{"self":[{"href":"https:\/\/laurabarbulescu.ro\/en\/wp-json\/wp\/v2\/pages\/1639","targetHints":{"allow":["GET"]}}],"collection":[{"href":"https:\/\/laurabarbulescu.ro\/en\/wp-json\/wp\/v2\/pages"}],"about":[{"href":"https:\/\/laurabarbulescu.ro\/en\/wp-json\/wp\/v2\/types\/page"}],"author":[{"embeddable":true,"href":"https:\/\/laurabarbulescu.ro\/en\/wp-json\/wp\/v2\/users\/1"}],"replies":[{"embeddable":true,"href":"https:\/\/laurabarbulescu.ro\/en\/wp-json\/wp\/v2\/comments?post=1639"}],"version-history":[{"count":3,"href":"https:\/\/laurabarbulescu.ro\/en\/wp-json\/wp\/v2\/pages\/1639\/revisions"}],"predecessor-version":[{"id":2073,"href":"https:\/\/laurabarbulescu.ro\/en\/wp-json\/wp\/v2\/pages\/1639\/revisions\/2073"}],"up":[{"embeddable":true,"href":"https:\/\/laurabarbulescu.ro\/en\/wp-json\/wp\/v2\/pages\/1144"}],"wp:featuredmedia":[{"embeddable":true,"href":"https:\/\/laurabarbulescu.ro\/en\/wp-json\/wp\/v2\/media\/1640"}],"wp:attachment":[{"href":"https:\/\/laurabarbulescu.ro\/en\/wp-json\/wp\/v2\/media?parent=1639"}],"curies":[{"name":"wp","href":"https:\/\/api.w.org\/{rel}","templated":true}]}}