{"id":1980,"date":"2025-01-20T13:15:57","date_gmt":"2025-01-20T10:15:57","guid":{"rendered":"https:\/\/laurabarbulescu.ro\/?page_id=1980"},"modified":"2025-02-27T08:30:28","modified_gmt":"2025-02-27T05:30:28","slug":"curatarea-energetica-a-spatiilor","status":"publish","type":"page","link":"https:\/\/laurabarbulescu.ro\/en\/terapii-energetice\/curatarea-energetica-a-spatiilor\/","title":{"rendered":"Cur\u0103\u021barea Energetic\u0103 a Spa\u021biilor"},"content":{"rendered":"<p><strong>Elibereaz\u0103, Protejeaz\u0103, Creeaz\u0103 un Mediu de Contribu\u021bie<\/strong><\/p>\n<p>Ai sim\u021bit vreodat\u0103 c\u0103 anumite spa\u021bii par s\u0103 re\u021bin\u0103 energii grele, senza\u021bii de disconfort sau chiar blocaje invizibile? Cur\u0103\u021barea energetic\u0103 a spa\u021biilor tale te poate ajuta! Fie c\u0103 este vorba de locuin\u021ba ta, biroul, magazinul sau orice alt spa\u021biu frecventat, acesta poate acumula energii stagnante, entit\u0103\u021bi necontributive sau chiar energii care nu apar\u021bin locului, afect\u00e2nd armonia \u0219i bun\u0103starea ta.<\/p>\n<p>Procesele de cur\u0103\u021bare energetic\u0103 folosind instrumentele Access Consciousness \u0219i Talk to the Entities sunt menite s\u0103 elibereze aceast\u0103 \u00eenc\u0103rc\u0103tur\u0103 invizibil\u0103 \u0219i s\u0103 creeze un spa\u021biu mai u\u0219or, mai clar \u0219i mai sus\u021bin\u0103tor pentru tine \u0219i cei dragi.<\/p>\n<h3>Ce poate fi eliberat prin cur\u0103\u021barea energetic\u0103 a spa\u021biilor?<\/h3>\n<p>Prin tehnici avansate de cur\u0103\u021bare energetic\u0103, putem elibera:<\/p>\n<ul>\n<li><strong>Entit\u0103\u021bi necontributive<\/strong> care influen\u021beaz\u0103 starea de spirit a locatarilor.<\/li>\n<li><strong>Energii stagnante<\/strong> provenite din emo\u021bii trecute, conflicte sau evenimente traumatice.<\/li>\n<li><strong>Entit\u0103\u021bi specifice<\/strong> precum energii legate de droguri, alcool, fum sau foc.<\/li>\n<li><strong>Entit\u0103\u021bi aduse de locatari sau vizitatori<\/strong>, care nu mai sunt necesare.<\/li>\n<li><strong>Portaluri energetice<\/strong> deschise accidental, care pot perturba echilibrul spa\u021biului.<\/li>\n<\/ul>\n<h3>Beneficiile unei cur\u0103\u021b\u0103ri energetice profesionale<\/h3>\n<p>Dup\u0103 o sesiune de cur\u0103\u021bare energetic\u0103, vei putea experimenta:<\/p>\n<ul>\n<li>O <strong>claritate crescut\u0103<\/strong> \u00een g\u00e2ndire \u0219i emo\u021bii.<\/li>\n<li>O <strong>ambiant\u0103 armonioas\u0103<\/strong>, propice pentru relaxare \u0219i productivitate.<\/li>\n<li><strong>Protec\u021bie energetic\u0103<\/strong> \u00eempotriva influen\u021belor negative viitoare.<\/li>\n<li>Un spa\u021biu care sus\u021bine <strong>mai mult\u0103 bucurie, u\u0219urin\u021b\u0103 \u0219i abunden\u021b\u0103<\/strong>.<\/li>\n<\/ul>\n<h3>Cum se desf\u0103\u0219oar\u0103 procesul de cur\u0103\u021bare?<\/h3>\n<p>Cur\u0103\u021barea spa\u021biilor implic\u0103 utilizarea instrumentelor Access Consciousness \u0219i Talk to the Entities pentru:<\/p>\n<ol>\n<li>Identificarea energiilor stagnante \u0219i a entit\u0103\u021bilor care trebuie eliberate.<\/li>\n<li>Dizolvarea blocajelor \u0219i eliberarea energiilor care nu contribuie.<\/li>\n<li>Ad\u0103ugare protec\u021bie asupra spa\u021biului pentru a preveni reapari\u021bia energiilor nedorite.<\/li>\n<\/ol>\n<h3>Creeaz\u0103 un spa\u021biu nou, u\u0219or \u0219i primitor!<\/h3>\n<p>Ofer\u0103-\u021bi tie \u0219i celor dragi un mediu s\u0103n\u0103tos, armonios \u0219i plin de posibilit\u0103\u021bi. Indiferent dac\u0103 dore\u0219ti s\u0103 eliberezi un spa\u021biu de energii vechi sau s\u0103 creezi o funda\u021bie energetic\u0103 puternic\u0103 pentru noul t\u0103u c\u0103min sau birou, cur\u0103\u021barea energetic\u0103 este solu\u021bia ideal\u0103.<\/p>\n<p data-pm-slice=\"1 1 []\">Un spa\u021biu cur\u0103\u021bat energetic nu doar c\u0103 \u00eembun\u0103t\u0103\u021be\u0219te atmosfera general\u0103, dar are \u0219i efecte profunde asupra somnului \u0219i s\u0103n\u0103t\u0103\u021bii. Atunci c\u00e2nd un spa\u021biu este eliberat de energii grele \u0219i stagnante, corpul t\u0103u poate intra \u00eentr-o stare de relaxare mai profund\u0103, facilit\u00e2nd un somn odihnitor \u0219i regenerant. Persoanele care locuiesc sau lucreaz\u0103 \u00een spa\u021bii energetice curate observ\u0103 adesea o cre\u0219tere a nivelului de energie, o claritate mental\u0103 \u00eembun\u0103t\u0103\u021bit\u0103 \u0219i o stare general\u0103 de bine.<\/p>\n<p>\u00cen plus, energia stagnat\u0103 sau blocat\u0103 poate afecta fluxul de abunden\u021b\u0103 \u0219i prosperitate \u00een via\u021ba ta. Un spa\u021biu clar, u\u0219or \u0219i deschis la posibilit\u0103\u021bi poate atrage oportunit\u0103\u021bi financiare \u0219i poate sus\u021bine o mentalitate de cre\u0219tere \u0219i expansiune. Cur\u0103\u021barea energetic\u0103 contribuie la crearea unui mediu care \u00ee\u021bi sus\u021bine inten\u021biile \u0219i aspira\u021biile, permi\u021b\u00e2ndu-\u021bi s\u0103 atragi mai u\u0219or succesul \u0219i prosperitatea.<\/p>\n<h3 data-pm-slice=\"1 1 []\">Cur\u0103\u021barea energetic\u0103 la distan\u021b\u0103 \u2013 eficien\u021b\u0103 f\u0103r\u0103 limite<\/h3>\n<p>Unul dintre cele mai mari avantaje ale acestor tehnici este c\u0103 ele pot fi aplicate \u0219i la distan\u021b\u0103, f\u0103r\u0103 a fi necesar\u0103 prezen\u021ba fizic\u0103 \u00een spa\u021biu. Datorit\u0103 naturii energetice a proceselor Access Consciousness, un practicant certificat poate identifica \u0219i elibera energiile stagnante prin conexiune energetic\u0103 la distan\u021b\u0103. Acest lucru face posibil ca spa\u021biile tale s\u0103 fie cur\u0103\u021bate indiferent de loca\u021bia geografic\u0103.<\/p>\n<p>Cur\u0103\u021barea la distan\u021b\u0103 func\u021bioneaz\u0103 prin activarea con\u0219tient\u0103 a energiilor, elimin\u00e2nd blocajele \u0219i aduc\u00e2nd un sentiment imediat de claritate \u0219i u\u0219urin\u021b\u0103. Procesul este la fel de eficient \u0219i rapid ca o sesiune fizic\u0103, permi\u021b\u00e2ndu-\u021bi s\u0103 creezi un mediu armonios indiferent de locul \u00een care te afli.<\/p>\n<p data-pm-slice=\"1 1 []\">Pe l\u00e2ng\u0103 beneficiile evidente de purificare a spa\u021biului, cur\u0103\u021barea la distan\u021b\u0103 poate fi o solu\u021bie excelent\u0103 pentru cei care se afl\u0103 \u00eentr-o continu\u0103 mi\u0219care sau care de\u021bin propriet\u0103\u021bi \u00een diferite loca\u021bii. Acest tip de sesiune ofer\u0103 flexibilitate \u0219i accesibilitate, elimin\u00e2nd nevoia de prezen\u021b\u0103 fizic\u0103 \u0219i economisind timp pre\u021bios. De asemenea, cur\u0103\u021b\u0103rile la distan\u021b\u0103 permit interven\u021bii rapide atunci c\u00e2nd sim\u021bi c\u0103 un spa\u021biu devine inconfortabil sau tensionat, oferindu-\u021bi posibilitatea de a men\u021bine un echilibru energetic constant \u00een via\u021ba ta.<\/p>\n<p><strong><a href=\"https:\/\/laurabarbulescu.ro\/en\/contact\/\">Programeaz\u0103 acum<\/a> o sesiune \u0219i descoper\u0103 magia unui spa\u021biu clar, curat \u0219i u\u0219or!<\/strong><\/p>","protected":false},"excerpt":{"rendered":"<p>Elibereaz\u0103, Protejeaz\u0103, Creeaz\u0103 un Mediu de Contribu\u021bie Ai sim\u021bit vreodat\u0103 c\u0103 anumite spa\u021bii par s\u0103 re\u021bin\u0103 energii grele, senza\u021bii de disconfort sau chiar blocaje invizibile? Cur\u0103\u021barea energetic\u0103 a spa\u021biilor tale te poate ajuta! Fie c\u0103 este vorba de locuin\u021ba ta, biroul, magazinul sau orice alt spa\u021biu frecventat, acesta poate acumula energii stagnante, entit\u0103\u021bi necontributive sau&#8230;<\/p>","protected":false},"author":1,"featured_media":819,"parent":1144,"menu_order":0,"comment_status":"closed","ping_status":"closed","template":"","meta":{"_lmt_disableupdate":"no","_lmt_disable":"","footnotes":""},"class_list":["post-1980","page","type-page","status-publish","has-post-thumbnail","hentry"],"_links":{"self":[{"href":"https:\/\/laurabarbulescu.ro\/en\/wp-json\/wp\/v2\/pages\/1980","targetHints":{"allow":["GET"]}}],"collection":[{"href":"https:\/\/laurabarbulescu.ro\/en\/wp-json\/wp\/v2\/pages"}],"about":[{"href":"https:\/\/laurabarbulescu.ro\/en\/wp-json\/wp\/v2\/types\/page"}],"author":[{"embeddable":true,"href":"https:\/\/laurabarbulescu.ro\/en\/wp-json\/wp\/v2\/users\/1"}],"replies":[{"embeddable":true,"href":"https:\/\/laurabarbulescu.ro\/en\/wp-json\/wp\/v2\/comments?post=1980"}],"version-history":[{"count":2,"href":"https:\/\/laurabarbulescu.ro\/en\/wp-json\/wp\/v2\/pages\/1980\/revisions"}],"predecessor-version":[{"id":1983,"href":"https:\/\/laurabarbulescu.ro\/en\/wp-json\/wp\/v2\/pages\/1980\/revisions\/1983"}],"up":[{"embeddable":true,"href":"https:\/\/laurabarbulescu.ro\/en\/wp-json\/wp\/v2\/pages\/1144"}],"wp:featuredmedia":[{"embeddable":true,"href":"https:\/\/laurabarbulescu.ro\/en\/wp-json\/wp\/v2\/media\/819"}],"wp:attachment":[{"href":"https:\/\/laurabarbulescu.ro\/en\/wp-json\/wp\/v2\/media?parent=1980"}],"curies":[{"name":"wp","href":"https:\/\/api.w.org\/{rel}","templated":true}]}}