{"id":554,"date":"2022-02-14T16:55:44","date_gmt":"2022-02-14T14:55:44","guid":{"rendered":"https:\/\/laurabarbulescu.ro\/?p=554"},"modified":"2025-04-24T11:31:47","modified_gmt":"2025-04-24T08:31:47","slug":"terapia-access-bars","status":"publish","type":"page","link":"https:\/\/laurabarbulescu.ro\/en\/terapia-access-bars\/","title":{"rendered":"Terapia Access Bars \u2013 Ce este \u0219i cum te poate ajuta?"},"content":{"rendered":"<section class=\"l-section wpb_row height_medium\"><div class=\"l-section-h i-cf\"><div class=\"g-cols vc_row via_flex valign_top type_default stacking_default\"><div class=\"vc_col-sm-12 wpb_column vc_column_container\"><div class=\"vc_column-inner\"><div class=\"wpb_wrapper\"><div class=\"wpb_text_column\"><div class=\"wpb_wrapper\"><p data-pm-slice=\"1 1 &#091;&#093;\">\u00cen anii `90 Dr. Dain Heer \u0219i Gary Douglas au dezvoltat, \u00een cadrul sistemului Access Consciusness, terapia Access Bars. Aceast\u0103 terapie presupune atingerea u\u0219oar\u0103 a unor puncte energetice specifice \u0219i rularea energiei prin ele pentru a crea lini\u0219te, senin\u0103tate, claritate, prosperitate, abunden\u021b\u0103, creativitate \u0219i multe altele \u2013 \u00een func\u021bie de dorin\u021ba \u0219i inten\u021bia ta, dar \u0219i de punctele de vedere pe care le-ai acumulat \u00een decursul vie\u021bii tale \u00een cele 32 de puncte (denumite si bare &#8211; de aici \u0219i numele de Bars).<\/p>\n<\/div><\/div><div class=\"wpb_text_column us_custom_a2cc3498 has_text_color\"><div class=\"wpb_wrapper\"><p><a id=\"waBttn\" class=\"bttnProgramare\" href=\"https:\/\/wa.me\/+40726156664?text=As%20dori%20sa%20fac%20programare%20la%20o%20sedinta%20de%20terapie.%20..url:\/wp-json\/wp\/v2\/pages\/554\" target=\"_blank\" rel=\"noopener\">PROGRAMEAZ\u0102-TE ACUM<\/a><\/p>\n<p><em><strong>BONUS:<\/strong> La prima \u0219edin\u021b\u0103 de Bars vei primi <strong>GRATUIT<\/strong> o serie de informa\u021bii (\u00een valoare de <del datetime=\"2024-01-17T17:31:20+00:00\">150 lei<\/del>) care s\u0103 te ajute s\u0103 \u00ee\u021bi faci reechilibrarea energetic\u0103 chiar la tine acas\u0103.<\/em><\/p>\n<\/div><\/div><div class=\"wpb_text_column us_custom_cdf14ffd\"><div class=\"wpb_wrapper\"><h4 data-pm-slice=\"1 1 &#091;&#093;\">Ce reprezint\u0103 Terapia Access Bars?<\/h4>\n<p>Terapia Access Bars este un proces energetic pentru corp, minte \u0219i suflet, care con\u021bine 32 de puncte de energie (puncte energetice) care sunt situate pe cap. Atunci c\u00e2nd acestea sunt atinse u\u0219or, \u00eencep s\u0103 ruleze energie \u0219terg\u00e2nd toate punctele de vedere preluate de la familie, prieteni, cuno\u0219tin\u021be sau din vie\u021bi anterioare. Astfel, prin acest proces se elibereaz\u0103 limit\u0103rile legate de diferite aspecte ale vie\u021bii noastre. Toate emo\u021biile, g\u00e2ndurile, ideile, sentimentele, credin\u021bele sau deciziile preluate sunt fixate pe aceste puncte solidific\u00e2nd aceast\u0103 energie \u0219i limit\u00e2ndu-ne capatitatea de a crea sau aduce ceva nou \u00een vie\u021bile noastre.<\/p>\n<p>Activ\u00e2nd barele (prin rularea acestora) dizlocam energia stocat\u0103 \u0219i \u0219tergem programele limitative cu privire la toate aspectele vie\u021bii noastre, de la s\u0103n\u0103tate p\u00e2n\u0103 la bani, chiar \u0219i pace. Este exact ca \u0219i cum am resofta un calculator, \u0219terg\u00e2nd toate fi\u0219ierele inutile. Barele stocheaz\u0103 aceste fi\u0219iere pe care le-am adunat \u00een decursul vie\u021bii acesteia \u0219i a celor precedente, care con\u021bin idei, credin\u021be, g\u00e2nduri, programe \u0219i pe care le-am rulat continuu. \u00cen timpul unei \u0219edin\u021be de bars prin eliberarea energiei sunt eliminate astfel de fi\u0219iere \u0219i permit deblocarea capacit\u0103\u021bii noastre de a schimba orice aspect ne dorim din via\u021ba noastr\u0103.<\/p>\n<\/div><\/div><div class=\"wpb_text_column us_custom_cdf14ffd\"><div class=\"wpb_wrapper\"><h4 data-pm-slice=\"1 1 &#091;&#093;\">Ce se \u00eent\u00e2mpl\u0103 la o \u0219edin\u021b\u0103 de Access Bars?<\/h4>\n<p>Atunci c\u00e2nd \u00eencepem s\u0103 rul\u0103m barele, creierul \u00ee\u0219i \u00eencetine\u0219te activitatea f\u0103c\u00e2nd posibil\u0103 cur\u0103\u021barea sistemelor de credin\u021be, a \u0219abloanelor de g\u00e2ndire \u0219i a punctelor de vedere care ne-au influen\u021bat comportamentul \u0219i via\u021ba pe care o avem azi. Fiecare persoan\u0103 resimte diferit efectele acestui proces, unii sim\u021bind furnic\u0103turi, c\u0103ldur\u0103, fiori, spasme, al\u021bii pot vedea imagini sau culori, \u00een timp ce al\u021bii simt o relaxare profund\u0103 \u0219i pot chiar adormi \u00een timpul \u0219edin\u021bei. La finalul sesiunii, \u00een cele mai multe cazuri, se resimte un sentiment de bucurie \u0219i pace. \u00cens\u0103, fiecare sesiune este diferit\u0103\u00a0de fiecare dat\u0103.<\/p>\n<p>Avantajul acestui tip de terapie energetic\u0103 este c\u0103 e recomandat\u0103 oricui, chiar \u0219i copiilor, sau femeilor \u00eens\u0103rcinate. Se recomand\u0103 1-2 sesiuni de Access Bars pe s\u0103pt\u0103m\u00e2na pentru a integra mai bine \u0219i a observa schimb\u0103ri rapide \u00een via\u021ba ta, \u00eens\u0103 pot fi efectuate chiar \u0219i 1 pe lun\u0103. Urm\u00e2nd acest \u201etratamet\u201d vei deveni mai prezent \u00een propria ta via\u021b\u0103 \u0219i nu vei mai proiecta experien\u021bele din trecut \u00een planurile tale de viitor. Rul\u00e2nd barele po\u021bi schimba posibilit\u0103\u021bile din viitor, po\u021bi face loc \u00een via\u021ba ta pentru ceea ce \u00ee\u021bi dore\u0219ti de fapt.<\/p>\n<p><img decoding=\"async\" style=\"border: 2px solid #cccccc; border-radius: 25px; padding-bottom: 1.8rem;\" src=\"\/wp-content\/uploads\/2024\/01\/reveiew-anca-bars.png\" alt=\"review anca bars\" width=\"85%\" height=\"349\" \/><\/p>\n<\/div><\/div><div class=\"wpb_text_column us_custom_a2cc3498 has_text_color\"><div class=\"wpb_wrapper\"><p><a id=\"waBttn\" class=\"bttnProgramare\" href=\"https:\/\/wa.me\/+40726156664?text=As%20dori%20sa%20fac%20programare%20la%20o%20sedinta%20de%20terapie.%20..url:\/wp-json\/wp\/v2\/pages\/554\" target=\"_blank\" rel=\"noopener\">PROGRAMEAZ\u0102-TE ACUM<\/a><\/p>\n<p><em><strong>BONUS:<\/strong> La prima \u0219edin\u021b\u0103 de Terapia Access Bars vei primi <strong>GRATUIT<\/strong> o serie de informa\u021bii (\u00een valoare de <del datetime=\"2024-01-17T17:31:20+00:00\">150 lei<\/del>) care s\u0103 te ajute s\u0103 \u00ee\u021bi faci reechilibrarea energetic\u0103 chiar la tine acas\u0103.<\/em><\/p>\n<\/div><\/div><div class=\"wpb_text_column us_custom_cdf14ffd\"><div class=\"wpb_wrapper\"><h4 data-pm-slice=\"1 1 &#091;&#093;\">Beneficii Terapia Access Bars<\/h4>\n<p>Terapia Access Bars este menit\u0103 s\u0103 te scoat\u0103 de pe pilotul automat \u0219i s\u0103 te ajute s\u0103 evadezi din cursa hamsterului, \u00een care majoritatea oamenilor se afl\u0103, conectandu-te cu adev\u0103ratul t\u0103u EU. Astfel vei fi mai prezent \u00een propria ta via\u021b\u0103 \u0219i vei deveni mai con\u0219tient de ce faci \u0219i ceea ce alegi s\u0103 faci, s\u0103 vezi ce te blocheaz\u0103 \u0219i te \u00eempiedic\u0103 s\u0103 tr\u0103ie\u0219ti exact a\u0219a cum vrei tu!<\/p>\n<p>\u00cen timpul \u0219edin\u021bei de bars, beneficiaz\u0103 de cur\u0103\u021bare at\u00e2t clientul care prime\u0219te bars, c\u00e2t \u0219i practicianul care ofer\u0103. Tot ceea ce se elibereaz\u0103 de la unul dintre ei, se elibereaz\u0103 \u0219i la cel\u0103lalt. Cur\u0103\u021barea acestor energii ofer\u0103 u\u0219urin\u021b\u0103 \u00een corp \u0219i relaxare. La fiecare sesiune de bars se elibereaz\u0103 din ce \u00een ce mai mult, procesul devenind mai dinamic.<\/p>\n<p><img decoding=\"async\" style=\"border: 2px solid #cccccc; border-radius: 25px; padding-bottom: 1.8rem; padding-left: 1rem;\" src=\"\/wp-content\/uploads\/2024\/01\/review-adi-bars.png\" alt=\"review adi bars\" width=\"85%\" height=\"294\" \/><\/p>\n<\/div><\/div><div class=\"wpb_text_column us_custom_cdf14ffd\"><div class=\"wpb_wrapper\"><h5 data-pm-slice=\"1 3 &#091;&#093;\">Ce po\u021bi experimenta dup\u0103 o sesiune de Terapia Access Bars:<\/h5>\n<ul>\n<li>U\u0219urin\u021b\u0103 \u0219i relaxare<\/li>\n<li>Joy<\/li>\n<li>Pace \u0219i lini\u0219te<\/li>\n<li>O stare de prezen\u021b\u0103 \u0219i con\u0219tientizare \u00een toate domeniile vie\u021bii<\/li>\n<li>O stare de s\u0103n\u0103tate mai bun\u0103<\/li>\n<li>Healing<\/li>\n<li>Mai mult\u0103 energie<\/li>\n<li>\u00cenl\u0103turarea tendin\u021bei de a judeca pe al\u021bii \u0219i pe tine \u00eensu\u021bi<\/li>\n<li>Alegeri f\u0103cute con\u0219tient<\/li>\n<\/ul>\n<\/div><\/div><div class=\"wpb_text_column us_custom_cdf14ffd\"><div class=\"wpb_wrapper\"><h4 data-pm-slice=\"1 1 &#091;&#093;\">C\u00e2nd este recomandat s\u0103 faci Terapia Access Bars?<\/h4>\n<p>Oric\u00e2nd sim\u021bi c\u0103 ceva este \u00een neregul\u0103 \u00een via\u021b\u0103, indiferent c\u0103 este vorba de carier\u0103, rela\u021bii, s\u0103n\u0103tate sau pur \u0219i simplu te sim\u021bi obosit \u0219i stresat. Schimb\u0103rile sunt rapide \u0219i chiar miraculoase. Terapia access bars are efecte benefice \u00een tulbur\u0103ri de somn, afec\u021biuni fizice, sup\u0103r\u0103ri, depresie, anxietate, dificult\u0103\u021bi \u00een exprimare \u0219i vorbire, impoten\u021b\u0103, frigiditate, stres post-traumatic, autism, dificult\u0103\u021bi de \u00eenv\u0103\u021bare, oboseal\u0103 cronic\u0103, lipsa banilor, obezitate, lipsa dorin\u021bei de via\u021b\u0103, rela\u021bii dificile, \u00eenainte \u0219i dup\u0103 interven\u021bii chirurgicale, \u00een timpul sarcinii, tulbur\u0103ri psihice sau blocaje emo\u021bionale, \u0219i multe, multe altele!<\/p>\n<p><span data-color=\"rgb(247, 247, 248)\">Acest tip de terapie are efecte benefice asupra corpului, fiind o tehnic\u0103 de eliberare a creierului de credin\u021be \u0219i programe limitative care provoac\u0103 stres, anxietate, tulbur\u0103ri de somn, dureri de cap sau blocaje fizice, legate de creativitate sau sexualitate. Atunci c\u00e2nd aceste bare sunt atinse, corpul \u00eencepe s\u0103 simt\u0103 eliberarea stresului pe care i l-a transmis creierului, permi\u021b\u00e2nd ca \u00een urma a 10 sesiuni s\u0103 ai parte <\/span>de o eliberare complet<span data-color=\"rgb(247, 247, 248)\">\u0103. Aceast\u0103 tehnic\u0103 \u00ee\u021bi permite s\u0103 schimbi tot ceea ce nu \u00ee\u021bi apar\u021bine.<\/span><\/p>\n<p>Atunci c\u00e2nd aceste bare sunt rulate, se elibereaz\u0103 orice \u00eenc\u0103rc\u0103tur\u0103 energetic\u0103 care ne afecteaz\u0103 creierul, via\u021ba \u0219i corpul, put\u00e2nd ca \u0219i un computer devirusat s\u0103 func\u021bionezi mai u\u0219or, cu o vitez\u0103 mai mare \u0219i la o capacitate optim\u0103. Mintea devine mai lini\u0219tit\u0103, av\u00e2nd mai mult\u0103 claritate \u0219i apare un sentiment de pace \u0219i descoperirea de noi posibilit\u0103\u021bi. Astfel, via\u021ba \u00eencepe s\u0103 par\u0103 mai u\u0219oar\u0103, mai pl\u0103cut\u0103 \u0219i vei \u00eencepe s\u0103 experimentezi schimb\u0103ri profunde precum eliberarea blocajelor, dep\u0103\u0219irea mai u\u0219oar\u0103 a obstacolelor, problemelor \u0219i eliberearea stresului, iar lista poate continua.<\/p>\n<p><img decoding=\"async\" style=\"border: 2px solid #cccccc; border-radius: 25px; padding-bottom: 1.8rem;\" src=\"https:\/\/laurabarbulescu.ro\/wp-content\/uploads\/2024\/01\/review-elena-bars.png\" alt=\"review elena bars\" width=\"85%\" height=\"251\" \/><\/p>\n<\/div><\/div><div class=\"wpb_text_column us_custom_cdf14ffd\"><div class=\"wpb_wrapper\"><p><em>Tu e\u0219ti preg\u0103tit s\u0103 \u00ee\u021bi schimbi via\u021ba?\u00a0<strong><a href=\"\/en\/contact\/\">Contacteaz\u0103-m\u0103<\/a><\/strong>\u00a0now to schedule a Bars session!<\/em><\/p>\n<\/div><\/div><div class=\"w-image us_custom_703b2333 align_center\"><a ref=\"magnificPopup\" href=\"https:\/\/laurabarbulescu.ro\/wp-content\/uploads\/2022\/02\/WhatsApp-Image-2022-03-11-at-10.10.02.jpeg\" aria-label=\"diploma access bars\" class=\"w-image-h\"><img decoding=\"async\" width=\"600\" height=\"432\" src=\"https:\/\/laurabarbulescu.ro\/wp-content\/uploads\/2022\/02\/WhatsApp-Image-2022-03-11-at-10.10.02-600x432.jpeg\" class=\"attachment-woocommerce_single size-woocommerce_single\" alt=\"practitioner access bars\" loading=\"lazy\" srcset=\"https:\/\/laurabarbulescu.ro\/wp-content\/uploads\/2022\/02\/WhatsApp-Image-2022-03-11-at-10.10.02-600x432.jpeg 600w, https:\/\/laurabarbulescu.ro\/wp-content\/uploads\/2022\/02\/WhatsApp-Image-2022-03-11-at-10.10.02-300x216.jpeg 300w, https:\/\/laurabarbulescu.ro\/wp-content\/uploads\/2022\/02\/WhatsApp-Image-2022-03-11-at-10.10.02-1024x737.jpeg 1024w, https:\/\/laurabarbulescu.ro\/wp-content\/uploads\/2022\/02\/WhatsApp-Image-2022-03-11-at-10.10.02-768x553.jpeg 768w, https:\/\/laurabarbulescu.ro\/wp-content\/uploads\/2022\/02\/WhatsApp-Image-2022-03-11-at-10.10.02-1140x821.jpeg 1140w, https:\/\/laurabarbulescu.ro\/wp-content\/uploads\/2022\/02\/WhatsApp-Image-2022-03-11-at-10.10.02-500x360.jpeg 500w, https:\/\/laurabarbulescu.ro\/wp-content\/uploads\/2022\/02\/WhatsApp-Image-2022-03-11-at-10.10.02.jpeg 1361w\" sizes=\"auto, (max-width: 600px) 100vw, 600px\" \/><\/a><\/div><div class=\"wpb_text_column us_custom_cdf14ffd\"><div class=\"wpb_wrapper\"><p style=\"text-align: center;\"><a id=\"waBttn\" class=\"bttnProgramare\" href=\"https:\/\/wa.me\/+40726156664?text=As%20dori%20sa%20fac%20programare%20la%20o%20sedinta%20de%20terapie.%20..url:\/wp-json\/wp\/v2\/pages\/554\" target=\"_blank\" rel=\"noopener\">PROGRAMEAZ\u0102-TE ACUM<\/a><\/p>\n<\/div><\/div><\/div><\/div><\/div><\/div><\/div><\/section>","protected":false},"excerpt":{"rendered":"\u00cen anii `90 Dr. Dain Heer \u0219i Gary Douglas au dezvoltat, \u00een cadrul sistemului Access Consciusness, terapia Access Bars. Aceast\u0103 terapie presupune atingerea u\u0219oar\u0103 a unor puncte energetice specifice \u0219i rularea energiei prin ele pentru a crea lini\u0219te, senin\u0103tate, claritate, prosperitate, abunden\u021b\u0103, creativitate \u0219i multe altele \u2013 \u00een func\u021bie de dorin\u021ba \u0219i inten\u021bia ta, dar...","protected":false},"author":1,"featured_media":555,"parent":0,"menu_order":0,"comment_status":"closed","ping_status":"open","template":"","meta":{"_lmt_disableupdate":"no","_lmt_disable":"","footnotes":""},"class_list":["post-554","page","type-page","status-publish","has-post-thumbnail","hentry"],"_links":{"self":[{"href":"https:\/\/laurabarbulescu.ro\/en\/wp-json\/wp\/v2\/pages\/554","targetHints":{"allow":["GET"]}}],"collection":[{"href":"https:\/\/laurabarbulescu.ro\/en\/wp-json\/wp\/v2\/pages"}],"about":[{"href":"https:\/\/laurabarbulescu.ro\/en\/wp-json\/wp\/v2\/types\/page"}],"author":[{"embeddable":true,"href":"https:\/\/laurabarbulescu.ro\/en\/wp-json\/wp\/v2\/users\/1"}],"replies":[{"embeddable":true,"href":"https:\/\/laurabarbulescu.ro\/en\/wp-json\/wp\/v2\/comments?post=554"}],"version-history":[{"count":4,"href":"https:\/\/laurabarbulescu.ro\/en\/wp-json\/wp\/v2\/pages\/554\/revisions"}],"predecessor-version":[{"id":2075,"href":"https:\/\/laurabarbulescu.ro\/en\/wp-json\/wp\/v2\/pages\/554\/revisions\/2075"}],"wp:featuredmedia":[{"embeddable":true,"href":"https:\/\/laurabarbulescu.ro\/en\/wp-json\/wp\/v2\/media\/555"}],"wp:attachment":[{"href":"https:\/\/laurabarbulescu.ro\/en\/wp-json\/wp\/v2\/media?parent=554"}],"curies":[{"name":"wp","href":"https:\/\/api.w.org\/{rel}","templated":true}]}}