{"id":571,"date":"2022-03-04T08:59:53","date_gmt":"2022-03-04T06:59:53","guid":{"rendered":"https:\/\/laurabarbulescu.ro\/?p=571"},"modified":"2025-04-24T11:43:55","modified_gmt":"2025-04-24T08:43:55","slug":"realinierea-sufletului-prin-intermediul-akashic-records","status":"publish","type":"page","link":"https:\/\/laurabarbulescu.ro\/en\/realinierea-sufletului-prin-intermediul-akashic-records\/","title":{"rendered":"Soul Realignment through Akashic Records"},"content":{"rendered":"<section class=\"l-section wpb_row height_medium\"><div class=\"l-section-h i-cf\"><div class=\"g-cols vc_row via_flex valign_top type_default stacking_default\"><div class=\"vc_col-sm-12 wpb_column vc_column_container\"><div class=\"vc_column-inner\"><div class=\"wpb_wrapper\"><div class=\"wpb_text_column\"><div class=\"wpb_wrapper\"><p data-pm-slice=\"1 1 &#091;&#093;\">Exist\u0103 nenum\u0103rate metode pentru a putea afla unde au ap\u0103rut anumite blocaje \u00een via\u021ba ta, indiferent c\u0103 vorbim de blocaje \u00een atragerea partenerului potrivit, bani, succes \u00een carier\u0103 sau vacan\u021bele acelea pe care \u021bi le dore\u0219ti. Po\u021bi descoperi aceste blocaje prin hipnoz\u0103, transe sau prin intermediul unei citiri ale Akashic Records (\u00eenregistrarile Akashice).\u00a0<em>Citirea \u00eenregistr\u0103rilor Akashice se poate face \u0219i la distan\u021b\u0103!<\/em><\/p>\n<\/div><\/div><div class=\"w-separator size_small\"><\/div><div class=\"wpb_text_column us_custom_a2cc3498 has_text_color\"><div class=\"wpb_wrapper\"><p><a id=\"waBttn\" class=\"bttnProgramare\" href=\"https:\/\/wa.me\/+40726156664?text=As%20dori%20sa%20fac%20programare%20la%20o%20sedinta%20de%20terapie.%20..url:\/wp-json\/wp\/v2\/pages\/571\" target=\"_blank\" rel=\"noopener\">PROGRAMEAZ\u0102-TE ACUM<\/a><\/p>\n<p><em><strong>BONUS:<\/strong> vei primi <strong>GRATUIT<\/strong> o serie de informa\u021bii (\u00een valoare de <del datetime=\"2024-01-17T17:31:20+00:00\">150 lei<\/del>) care s\u0103 te ajute s\u0103 \u00ee\u021bi faci reechilibrarea energetic\u0103 chiar la tine acas\u0103.<\/em><\/p>\n<\/div><\/div><div class=\"wpb_text_column us_custom_cdf14ffd\"><div class=\"wpb_wrapper\"><h4 data-pm-slice=\"1 1 &#091;&#093;\">Ce \u00eenseamn\u0103 AKASHA?<\/h4>\n<p>Acest termen vine din limba veche sanskrit\u0103, \u0219i este str\u00e2ns legat de eter, substan\u021ba primordial\u0103 a vie\u021bii din care a luat na\u0219tere absolut tot ce exist\u0103 pe aceast\u0103 lume. Reprezint\u0103 con\u0219tiin\u021ba colectiv\u0103, mintea lui Dumnezeu. Este c\u0103 o biblioteca imens\u0103, dincolo de timp \u0219i spa\u021biu, care con\u021bine toate informa\u021biile, g\u00e2ndurile \u0219i vibra\u021biile energetice a fiec\u0103rei alegeri pe care ai f\u0103cut-o \u00een aceast\u0103 via\u021b\u0103 sau \u00een vie\u021bile trecute.<\/p>\n<p>Ele pot fi accesate de c\u0103tre oricine \u00een orice moment de cump\u0103na \u0219i \u00ee\u021bi pot dezv\u0103lui informa\u021bii care s\u0103 te ajute s\u0103 evoluezi. Informa\u021biile pe care le g\u0103se\u0219ti aici pot ap\u0103rea sub diferite forme, \u00een func\u021bie de sim\u021burile principale ale celui care le cite\u0219te: pot ap\u0103rea sub form\u0103 de imagini, sentimente, text, sunete \u0219i trebuiesc traduse pentru a putea fi \u00een\u021belese de g\u00e2ndirea noastr\u0103 linear\u0103.<\/p>\n<p>Dimensiunile prezente aici sunt suprapuse una peste cealalt\u0103, deoarece noi exist\u0103m \u00een toate \u00een acela\u0219i timp, trupul nostru fizic tr\u0103ie\u0219te \u00een dimensiunea a 3a, \u00een timp ce mentalul \u0219i ego-ul reprezint\u0103 cea de a 4a dimensiune iar corpul de lumina sau fiin\u021ba\u00a0spiritual\u0103 reprezint\u0103 dimensiunea a 5a.<\/p>\n<p>De\u0219i Akasha nu este un loc fizic, un spa\u021biu efectiv \u00een care po\u021bi intr\u0103, creierul nostru are nevoie s\u0103 \u00eel vizualizeze\u00a0\u00eentr-un\u00a0spa\u021biu\u00a0tridimensional pentru a\u00a0\u00een\u021belege\u00a0c\u0103\u00a0exist\u0103\u00a0\u0219i\u00a0atunci fiecare cititor percepe acest\u00a0spa\u021biu\u00a0diferit, unii\u00a0\u00eel\u00a0v\u0103d\u00a0exact\u00a0c\u0103\u00a0pe o\u00a0bibliotec\u0103, unii\u00a0c\u0103\u00a0pe\u00a0r\u0103i\u00a0sau\u00a0simt\u00a0c\u0103\u00a0\u0219i\u00a0cum ar\u00a0p\u0103\u0219i\u00a0\u00een\u00a0centrul Universului.\u00a0\u00cens\u0103,\u00a0informa\u021bia\u00a0\u00een\u00a0Univers este energie,\u00a0vibra\u021bie\u00a0\u0219i\u00a0exist\u0103\u00a0peste\u00a0tot\u00a0la\u00a0nivel cuantic,\u00a0f\u0103r\u0103\u00a0localizare.<\/p>\n<p><img decoding=\"async\" style=\"border: 2px solid #cccccc; border-radius: 25px; padding-bottom: 1.8rem;\" src=\"\/wp-content\/uploads\/2024\/01\/review-cata-akashic.png\" alt=\"review cata akashic\" width=\"85%\" height=\"237\" \/><\/p>\n<\/div><\/div><div class=\"wpb_text_column us_custom_cdf14ffd\"><div class=\"wpb_wrapper\"><h4 data-pm-slice=\"1 1 &#091;&#093;\">Ce putem gasi in Registrele Akashice<\/h4>\n<p>Akashic Records, cunoscute \u0219i sub numele de \u201eCartea Vie\u021bii\u201d sau \u201eArhivele Akashice\u201d, se refer\u0103 la o baz\u0103 de date cosmic\u0103 sau o bibliotec\u0103 energetic\u0103 unde sunt stocate toate informa\u021biile despre fiecare suflet, inclusiv trecut, prezent \u0219i poten\u021biale viitoare. Aceste informa\u021bii sunt stocate \u00eentr-un plan energetic cunoscut sub numele de Akasha, care este considerat a fi intermediar \u00eentre lumea fizic\u0103 \u0219i cea spiritual\u0103.<\/p>\n<p>Conceptul de \u00cenregistr\u0103ri Akashice este vechi \u0219i se reg\u0103se\u0219te \u00een multe tradi\u021bii spirituale \u0219i religioase din \u00eentreaga lume. De\u0219i nu exist\u0103 dovezi \u0219tiin\u021bifice directe ale existen\u021bei lor, multe persoane cred \u00een aceste \u00eenregistr\u0103ri \u0219i se bazeaz\u0103 pe ele pentru vindecare spiritual\u0103, pentru a ob\u021bine \u00een\u021belepciune \u0219i pentru a \u00een\u021belege mai bine drumul lor \u00een via\u021b\u0103.<\/p>\n<p>Practicienii care afirm\u0103 c\u0103 pot accesa \u00cenregistr\u0103rile Akashice spun c\u0103 o fac \u00eentr-o stare meditativ\u0103 profund\u0103 sau printr-o conexiune divin\u0103. Ei cred c\u0103 acces\u00e2nd aceste \u00eenregistr\u0103ri pot oferi perspective \u0219i \u00een\u021belepciuni valoroase pentru indivizi, ajut\u00e2ndu-i s\u0103 \u00een\u021beleag\u0103 provoc\u0103rile vie\u021bii lor, karma, rela\u021biile cu ceilal\u021bi \u0219i scopul lor spiritual.<\/p>\n<p>De\u0219i conceptul este fascinant pentru mul\u021bi, este important s\u0103 se abordeze cu o minte deschis\u0103, dar \u0219i cu scepticism s\u0103n\u0103tos. Ca \u0219i \u00een cazul oric\u0103rei practici spirituale sau metafizice, este esen\u021bial s\u0103 se evalueze informa\u021biile \u0219i experien\u021ba personal \u0219i s\u0103 se determine valoarea lor personal\u0103.<\/p>\n<\/div><\/div><div class=\"wpb_text_column us_custom_cdf14ffd\"><div class=\"wpb_wrapper\"><h4 data-pm-slice=\"1 1 &#091;&#093;\">Cum Acces\u0103m Akashic Records<\/h4>\n<p>Dac\u0103 vrei s\u0103 faci asta singur, ai nevoie de o ini\u021biere pentru a \u00een\u021belege cum func\u021bioneaz\u0103 \u0219i cum po\u021bi interpreta informa\u021biile primite. Trebuie s\u0103 permi\u021bi Sinelui T\u0103u \u00cenalt s\u0103 treac\u0103 la conducere, s\u0103 \u00ee\u021bi cre\u0219ti nivelul vibra\u021bional a\u0219a \u00eenc\u00e2t s\u0103 po\u021bi accesa fiecare nivel, s\u0103 \u0219ti exact ce cau\u021bi \u0219i s\u0103 ceri acea informa\u021bie \u0219i s\u0103 blochezi orice rezisten\u021b\u0103 extern\u0103 (a\u0219tept\u0103ri, prejudec\u0103\u021bi, subiectivitate, ne\u00eencredere sau ner\u0103bdare), pentru a evita denaturarea informa\u021biilor primite.<\/p>\n<p>Sau, po\u021bi apela la un cititor al \u00cenregistr\u0103rilor Akashice care au dezvoltat \u0219i practicat deja aceast\u0103 tehnic\u0103 \u0219i \u0219tiu s\u0103 interpreteze corect r\u0103spunsul pe care \u00eel cau\u021bi. Aceast\u0103 tehnic\u0103 energetic\u0103 se poate face chiar \u0219i la distan\u021b\u0103, \u00eens\u0103 trebuie s\u0103 \u00eei comunici cititorului inten\u021bia ta, ce anume dore\u0219ti s\u0103 afli \u0219i s\u0103 urmezi \u00eendrum\u0103rile sale. Unii practicieni v\u0103d efectiv imagini sau filme \u00een care se deruleaz\u0103 informa\u021biile solicitate, \u00een timp ce al\u021bii aud cuvinte, voci, indica\u021bii sau pur \u0219i simplu \u0219tiu care este r\u0103spunsul, datorita unui simt dezvoltat al clar-cunoa\u0219terii.<\/p>\n<p>Este un adev\u0103rat dar s\u0103 putem vedea toate situa\u021biile (fericite sau mai pu\u021bin fericite) \u0219i toate alegerile pe care le-am f\u0103cut care ne-au condus la existen\u021ba noastr\u0103 de ast\u0103zi. Prin interpretarea informa\u021biilor reg\u0103site \u00een \u00cenregistr\u0103rile Akashice po\u021bi \u00een\u021belege cauza \u0219i efectele unor alegeri f\u0103cute de tine, de care poate nici nu \u00ee\u021bi aminte\u0219ti, de acum c\u00e2teva luni, ani, sau vie\u021bi\u2026 Nu suntem victime, ci suntem rezultatul propriilor noastre elegeri.<\/p>\n<p>\u00centr-o sesiune de citire \u00een registrele Akashice, se apeleaz\u0103 la \u00eentreb\u0103ri. Preg\u0103tirea \u0219i formularea clar\u0103 a \u00eentreb\u0103rilor este esen\u021bial\u0103 pentru a ob\u021bine informa\u021bii relevante \u0219i utile din Akasha. C\u00e2nd te apropii de a <span data-color=\"rgb(254, 235, 200)\">accesa \u00eenregistr\u0103rile<\/span>, e important s\u0103 \u0219tii ce vrei s\u0103 afli \u0219i s\u0103 fii c\u00e2t mai precis \u00een formularea \u00eentreb\u0103rilor. Iat\u0103 c\u00e2teva exemple de \u00eentreb\u0103ri specifice pe care cineva le-ar putea avea \u00een minte atunci c\u00e2nd acceseaz\u0103 \u00eenregistr\u0103rile Akashice:<\/p>\n<p>1. <strong>Care este scopul principal pe care sufletul meu \u00eel are \u00een aceast\u0103 via\u021b\u0103?<\/strong><\/p>\n<p>2. <strong>Ce lec\u021bii karmice am pe rela\u021bii?<\/strong><\/p>\n<p>3. <strong>Care sunt originile spirituale ale dificult\u0103\u021bilor mele de s\u0103n\u0103tate curente?<\/strong><\/p>\n<p>4. <strong>Exist\u0103 vreo traum\u0103 dintr-o via\u021b\u0103 anterioar\u0103 care influen\u021beaz\u0103 rela\u021biile mele umane \u00een aceast\u0103 via\u021b\u0103?<\/strong><\/p>\n<p>5. <strong>Cum pot rezolva cele mai mari provoc\u0103ri \u00een afaceri pe care le am acum?<\/strong><\/p>\n<p>6. <strong>Care au fost leg\u0103turile mele cu familia \u00een vie\u021bile anterioare?<\/strong><\/p>\n<p>7. <strong>Ce am f\u0103cut \u00een cea mai recent\u0103 via\u021b\u0103 anterioar\u0103 \u00eenainte de aceast\u0103 reincarnare?<\/strong><\/p>\n<p>8. <strong>Care sunt cele mai bune decizii pentru cariera mea, \u00een lumina \u00eenregistr\u0103rilor Akashice?<\/strong><\/p>\n<p>9. <strong>Exist\u0103 vreun partener de suflet cu care sunt destinat s\u0103 m\u0103 re\u00eent\u00e2lnesc \u00een aceast\u0103 via\u021b\u0103?<\/strong><\/p>\n<p>10. <strong>Ce pot \u00eenv\u0103\u021ba din rela\u021bia mea actual\u0103, din perspectiva \u00eenregistr\u0103rilor Akashice?<\/strong><\/p>\n<p>Este important s\u0103 re\u021bii c\u0103, de\u0219i \u00eenregistr\u0103rile Akashice pot oferi perspective \u0219i informa\u021bii valoroase, ele nu ar trebui s\u0103 \u00eenlocuiasc\u0103 judecata personal\u0103 sau s\u0103 fie singura surs\u0103 de ghidare \u00een via\u021b\u0103. Utilizarea lor ca instrument de introspec\u021bie \u0219i de \u00een\u021belegere poate fi foarte valoroas\u0103, dar deciziile de zi cu zi ar trebui s\u0103 se bazeze pe o combina\u021bie de intui\u021bie, ra\u021biune \u0219i consiliere din diverse surse. <span data-color=\"rgb(247, 247, 248)\">O astfel de sesiune nu \u00ee\u021bi poate prezice viitorul! Sesiunea de citire \u00een \u00eenregistr\u0103rile akashice te poate ajuta s\u0103 vezi posibile viitoruri \u00een func\u021bie de alegerile pe care le faci. <\/span><\/p>\n<p><span data-color=\"rgb(247, 247, 248)\">Mul\u021bi oameni sunt at\u00e2t de fascina\u021bi de domeniul energiei, iar acest lucru \u00eei poate face s\u0103 considere c\u0103 doar din akashic pot ob\u021bine r\u0103spunsuri la toate problemele lor, sau c\u0103 istoria neamului este singura vinovat\u0103 pentru e\u0219ecul \u00een afaceri, rela\u021biile interumane toxice sau \u00eent\u00e2lnirile cu sufletele din jurul nostru. <\/span><\/p>\n<p><span data-color=\"rgb(247, 247, 248)\">Este vital s\u0103 \u00een\u021belegi ca prezentul este nu doar karma, ci si suma tuturor alegerilor pe care le-ai facut pana in acest moment, in toate vietile, timpurile si dimensiunile in care ai trait in trecut. De aceea este bine sa folosesti aceste inregistrari in akashic precum un ghid si prin accesarea lor sa stergi traumele, sa cureti karmele sau contractele cu sufletele din jurul tau pentru a iti permite sa lasi in urma trecutul si sa privesti cu incredere spre ce urmeaza. <\/span><\/p>\n<p><img decoding=\"async\" style=\"border: 2px solid #cccccc; border-radius: 25px; padding-bottom: 1.8rem; padding-left: 1.5rem;\" src=\"\/wp-content\/uploads\/2024\/01\/review-nicoleta-akashic.png\" alt=\"review nicoleta akashic\" width=\"85%\" height=\"238\" \/><\/p>\n<\/div><\/div><div class=\"wpb_text_column us_custom_cdf14ffd\"><div class=\"wpb_wrapper\"><h4 data-pm-slice=\"1 3 &#091;&#093;\">Care sunt principiile pe care se bazeaz\u0103 aceast\u0103 tehnic\u0103:<\/h4>\n<ul>\n<li>Suntem responsabili pentru toate alegerile f\u0103cute (con\u0219tient sau incon\u0219tient)<\/li>\n<li>Noi suntem creatorii propriei existen\u021be \u0219i experien\u021be<\/li>\n<li>Nu suntem victime doar alegem s\u0103 ne victimiz\u0103m<\/li>\n<li>Everything is created with the help of free will<\/li>\n<li>Fiecare alegere \u0219i decizie creeaz\u0103 efecte \u0219i consecin\u021be la acela\u0219i nivel de vibra\u021bie ca \u0219i alegerea<\/li>\n<li>Karma nu se \u0219terge la finalul fiec\u0103rei vie\u021bi \u0219i persist\u0103 p\u00e2n\u0103 c\u00e2nd se face o nou\u0103 alegere<\/li>\n<li>Nu exist\u0103 alegeri bune sau rele, mintea noastr\u0103 le catalogheaz\u0103 astfel \u00een func\u021bie de ceea ce \u00ee\u0219i dore\u0219te sufletul nostru comparativ cu ceea ce tr\u0103im<\/li>\n<li>Nici o entitate energetic\u0103, eteric\u0103 nu poate interveni pentru a elimina liberul arbitru<\/li>\n<li>Avem puterea de a cur\u0103\u021ba orice influen\u021b\u0103 negativ\u0103 pe care o sim\u021bim\u00a0asupra noastr\u0103<\/li>\n<li>Energia urmeaz\u0103 inten\u021bia, a\u0219a \u00eenc\u00e2t este suficient s\u0103 devenim con\u0219tien\u021bi de influen\u021bele negative pentru a le cur\u0103\u021ba<\/li>\n<li>Atunci c\u00e2nd avem claritate \u00een inten\u021bii \u0219i le con\u0219tientiz\u0103m, liberul arbitru lucreaz\u0103 la cote maxime<\/li>\n<\/ul>\n<p><img decoding=\"async\" style=\"border: 2px solid #cccccc; border-radius: 25px; padding-bottom: 1.8rem;\" src=\"\/wp-content\/uploads\/2024\/01\/review-miha-akashic.png\" alt=\"review miha akashic\" width=\"85%\" height=\"214\" \/><\/p>\n<\/div><\/div><div class=\"w-separator size_small\"><\/div><div class=\"wpb_text_column us_custom_a2cc3498 has_text_color\"><div class=\"wpb_wrapper\"><p><a id=\"waBttn\" class=\"bttnProgramare\" href=\"https:\/\/wa.me\/+40726156664?text=As%20dori%20sa%20fac%20programare%20la%20o%20sedinta%20de%20terapie.%20..url:\/wp-json\/wp\/v2\/pages\/571\" target=\"_blank\" rel=\"noopener\">PROGRAMEAZ\u0102-TE ACUM<\/a><\/p>\n<p><em><strong>BONUS:<\/strong>\u00a0vei primi <strong>GRATUIT<\/strong> o serie de informa\u021bii (\u00een valoare de <del datetime=\"2024-01-17T17:31:20+00:00\">150 lei<\/del>) care s\u0103 te ajute s\u0103 \u00ee\u021bi faci reechilibrarea energetic\u0103 chiar la tine acas\u0103.<\/em><\/p>\n<\/div><\/div><div class=\"wpb_text_column us_custom_cdf14ffd\"><div class=\"wpb_wrapper\"><h4 data-pm-slice=\"1 1 &#091;&#093;\">Soul Contracts<\/h4>\n<p>Tot \u00een Akasha, ai acces \u0219i la toate contractele tale de suflet pe care le-ai \u201esemnat\u201d cu diferite persoane \u00een via\u021ba aceasta, sau \u00een vie\u021bile trecute. Anumite contracte te pot \u00eempiedica s\u0103 \u00ee\u021bi atingi adev\u0103ratul poten\u021bial \u00een acest plan existen\u021bial. Cu ajutorul Akashic Records, le po\u021bi accesa \u0219i po\u021bi \u0219terge clauzele, inciden\u021bele care au efecte \u00een via\u021ba ta prezent\u0103 pentru o mai bun\u0103 evolu\u021bie a sufletului t\u0103u.<\/p>\n<p>De cele mai multe ori, persoanele foarte importante care ne-au fost p\u0103rin\u021bi, copii, rude, parteneri, se reg\u0103sesc \u00een jurul nostru \u00een toate vie\u021bile pe care le tr\u0103im, dar sub alte forme de rela\u021bii \u0219i de obicei reapar atunci c\u00e2nd voi nu v-a\u021bi \u00eencheiat socotelile. <span data-color=\"rgb(247, 247, 248)\">\u00ce\u021bi e\u0219ti dator \u021bie \u0219i tuturor sufletelor din jurul t\u0103u pentru a cur\u0103\u021ba aceste rela\u021bii!<\/span><\/p>\n<p>Atunci c\u00e2nd un astfel de contract este redeschis, rela\u021bia respectiv\u0103 este posibil s\u0103 \u00ee\u021bi fac\u0103 r\u0103u, \u0219i atunci \u0219tergerea clauzelor contractuale este cea mai u\u0219oar\u0103 cale de a vindeca acea rela\u021bie \u0219i a merge mai departe pe calea cea mai benefic\u0103 pentru to\u021bi oamenii implica\u021bi.<\/p>\n<\/div><\/div><div class=\"wpb_text_column us_custom_cdf14ffd\"><div class=\"wpb_wrapper\"><h4 data-pm-slice=\"1 1 &#091;&#093;\">Beneficiile Acces\u0103rii \u00cenregistr\u0103rilor Akashice<\/h4>\n<p>Atunci c\u00e2nd accesezi acest t\u0103r\u00e2m po\u021bi s\u0103 \u00ee\u021bi vezi vie\u021bile trecute sau posibilele viitoruri. Ca s\u0103 fie clar, nu este un glob de cristal \u00een care \u00ee\u021bi vezi viitorul \ud83d\ude42 , \u00eens\u0103 \u00een func\u021bie de dorin\u021bele tale \u0219i alegerile pe care le faci po\u021bi vedea care sunt variantele de viitor care te a\u0219teapt\u0103 DAC\u0102 iei o decizie sau alta. Deoarece atunci c\u00e2nd acces\u0103m aceste \u00eenregistr\u0103ri privim \u00een cel mai \u00eenalt punct vibra\u021bional al evenimentelor, r\u0103spunsurile pot veni pe c\u0103i mai pu\u021bin fizice \u0219i explicabile \u0219i mai mult simbolice.<\/p>\n<p>Dup\u0103 vizita Akashic Records po\u021bi experimenta o vindecare profund\u0103 a trupului \u0219i sufletului \u0219i o mai mare putere de \u00een\u021belegere a tuturor situa\u021biilor care te-au condus \u00een prag de divor\u021b, de exemplu. <span data-color=\"rgb(247, 247, 248)\">Citirea Akashic Records te poate ajuta s\u0103 intri \u00een contact cu adev\u0103ratul t\u0103u sine \u00eentr-un timp foarte scurt, s\u0103 vezi ce ac\u021biune a creat consecin\u021ba care te sup\u0103r\u0103 acum sau de ce o anumit\u0103 persoan\u0103 pare c\u0103 nu \u00ee\u021bi d\u0103 pace. Este at\u00e2t de simplu s\u0103 tr\u0103ie\u0219ti conform cu ceea ce \u021bi-ai dorit vreodat\u0103, atunci c\u00e2nd elimini toate piedicile!<\/span><\/p>\n<\/div><\/div><div class=\"w-image us_custom_703b2333 align_center\"><a ref=\"magnificPopup\" href=\"https:\/\/laurabarbulescu.ro\/wp-content\/uploads\/2022\/03\/Screenshot_1.png\" aria-label=\"Screenshot_1\" class=\"w-image-h\"><img decoding=\"async\" width=\"600\" height=\"499\" src=\"https:\/\/laurabarbulescu.ro\/wp-content\/uploads\/2022\/03\/Screenshot_1-600x499.png\" class=\"attachment-woocommerce_single size-woocommerce_single\" alt=\"diploma akashic records\" loading=\"lazy\" srcset=\"https:\/\/laurabarbulescu.ro\/wp-content\/uploads\/2022\/03\/Screenshot_1-600x499.png 600w, https:\/\/laurabarbulescu.ro\/wp-content\/uploads\/2022\/03\/Screenshot_1-300x249.png 300w, https:\/\/laurabarbulescu.ro\/wp-content\/uploads\/2022\/03\/Screenshot_1-1024x851.png 1024w, https:\/\/laurabarbulescu.ro\/wp-content\/uploads\/2022\/03\/Screenshot_1-768x638.png 768w, https:\/\/laurabarbulescu.ro\/wp-content\/uploads\/2022\/03\/Screenshot_1.png 1053w\" sizes=\"auto, (max-width: 600px) 100vw, 600px\" \/><\/a><\/div><div class=\"wpb_text_column us_custom_08a89dba\"><div class=\"wpb_wrapper\"><p><em>Vrei \u0219i tu s\u0103 afli ce alegeri ai f\u0103cut care au creat efecte nedorite \u00een via\u021ba ta ast\u0103zi?\u00a0<strong><a href=\"\/en\/contact\/\">Contacteaz\u0103-m\u0103<\/a><\/strong>\u00a0now!<\/em><\/p>\n<\/div><\/div><div class=\"w-separator size_small\"><\/div><div class=\"wpb_text_column us_custom_eb849559\"><div class=\"wpb_wrapper\"><p><a id=\"waBttn\" class=\"bttnProgramare\" href=\"https:\/\/wa.me\/+40726156664?text=As%20dori%20sa%20fac%20programare%20la%20o%20sedinta%20de%20terapie.%20..url:\/wp-json\/wp\/v2\/pages\/571\" target=\"_blank\" rel=\"noopener\">\u00cemi po\u021bi scrie \u0219i pe whatapp<\/a><\/p>\n<\/div><\/div><\/div><\/div><\/div><\/div><\/div><\/section>","protected":false},"excerpt":{"rendered":"Exist\u0103 nenum\u0103rate metode pentru a putea afla unde au ap\u0103rut anumite blocaje \u00een via\u021ba ta, indiferent c\u0103 vorbim de blocaje \u00een atragerea partenerului potrivit, bani, succes \u00een carier\u0103 sau vacan\u021bele acelea pe care \u021bi le dore\u0219ti. Po\u021bi descoperi aceste blocaje prin hipnoz\u0103, transe sau prin intermediul unei citiri ale Akashic Records (\u00eenregistrarile Akashice).\u00a0Citirea \u00eenregistr\u0103rilor Akashice...","protected":false},"author":1,"featured_media":572,"parent":0,"menu_order":0,"comment_status":"closed","ping_status":"open","template":"","meta":{"_lmt_disableupdate":"no","_lmt_disable":"","footnotes":""},"class_list":["post-571","page","type-page","status-publish","has-post-thumbnail","hentry"],"_links":{"self":[{"href":"https:\/\/laurabarbulescu.ro\/en\/wp-json\/wp\/v2\/pages\/571","targetHints":{"allow":["GET"]}}],"collection":[{"href":"https:\/\/laurabarbulescu.ro\/en\/wp-json\/wp\/v2\/pages"}],"about":[{"href":"https:\/\/laurabarbulescu.ro\/en\/wp-json\/wp\/v2\/types\/page"}],"author":[{"embeddable":true,"href":"https:\/\/laurabarbulescu.ro\/en\/wp-json\/wp\/v2\/users\/1"}],"replies":[{"embeddable":true,"href":"https:\/\/laurabarbulescu.ro\/en\/wp-json\/wp\/v2\/comments?post=571"}],"version-history":[{"count":4,"href":"https:\/\/laurabarbulescu.ro\/en\/wp-json\/wp\/v2\/pages\/571\/revisions"}],"predecessor-version":[{"id":2078,"href":"https:\/\/laurabarbulescu.ro\/en\/wp-json\/wp\/v2\/pages\/571\/revisions\/2078"}],"wp:featuredmedia":[{"embeddable":true,"href":"https:\/\/laurabarbulescu.ro\/en\/wp-json\/wp\/v2\/media\/572"}],"wp:attachment":[{"href":"https:\/\/laurabarbulescu.ro\/en\/wp-json\/wp\/v2\/media?parent=571"}],"curies":[{"name":"wp","href":"https:\/\/api.w.org\/{rel}","templated":true}]}}