{"id":803,"date":"2022-09-29T09:15:54","date_gmt":"2022-09-29T07:15:54","guid":{"rendered":"https:\/\/laurabarbulescu.ro\/?p=803"},"modified":"2025-01-14T06:42:48","modified_gmt":"2025-01-14T03:42:48","slug":"ce-este-faceliftingul-energetic","status":"publish","type":"page","link":"https:\/\/laurabarbulescu.ro\/en\/ce-este-faceliftingul-energetic\/","title":{"rendered":"Ce este Faceliftingul Energetic?"},"content":{"rendered":"<section class=\"l-section wpb_row height_medium\"><div class=\"l-section-h i-cf\"><div class=\"g-cols vc_row via_flex valign_top type_default stacking_default\"><div class=\"vc_col-sm-12 wpb_column vc_column_container\"><div class=\"vc_column-inner\"><div class=\"wpb_wrapper\"><div class=\"wpb_text_column\"><div class=\"wpb_wrapper\"><p>Acest tip de terapie face parte din clasa de terapii Access Consciousness, al\u0103turi de\u00a0<strong><a href=\"\/en\/terapia-acces-bars-ce-este-si-cum-te-poate-ajuta\/\">Bars Therapy<\/a><\/strong>. Faceliftingul energetic ajut\u0103 la inversarea procesului de \u00eemb\u0103tr\u00e2nire a corpului \u0219i rejuvenarea fe\u021bei. Terapia se face prin atingeri u\u0219oare pe g\u00e2t \u0219i fa\u021b\u0103 revigor\u00e2nd astfel celulele, \u0219i ajut\u00e2ndu-le s\u0103 revin\u0103 la structura lor ini\u021bial\u0103, ob\u021bin\u00e2nd ca rezultat rejuvenarea vizibil\u0103.<\/p>\n<p>Chiar \u0219i efectele gravita\u021biei asupra corpului sunt inversate, activ\u00e2ndu-se structura muscular\u0103, care se sl\u0103be\u0219te \u0219i \u00ee\u0219i pierde din fermitate odat\u0103 cu trecerea anilor. Totodat\u0103, procesul accelereaz\u0103 \u0219i cre\u0219te capacit\u0103\u021bile naturale de vindecare ale organismului uman, prin activarea mai multor energii specifice cu rezultate uimitoare asupra fe\u021bei \u0219i corpului. Cu ajutorul acestei terapii, po\u021bi ob\u021bine rejuvenare facial\u0103 \u0219i dispari\u021bia semnelor de \u00eemb\u0103tr\u00e2nire de pe fa\u021b\u0103 \u0219i \u00eentregul corp f\u0103r\u0103 chin, pastile, creme sau opera\u021bii estetice chinuitoare \u0219i invazive.<\/p>\n<p>Prin atingerea u\u0219oar\u0103 a anumitor puncte energetice specifice, situate pe fa\u021b\u0103 \u0219i pe g\u00e2t, celulele corpului se reactiveaz\u0103,se refac \u0219i \u00eentineresc.<\/p>\n<p><img decoding=\"async\" style=\"border: 2px solid #cccccc; border-radius: 25px; padding-bottom: 1.8rem;\" src=\"\/wp-content\/uploads\/2024\/01\/review-mada-facelift.png\" alt=\"review mada facelift\" width=\"85%\" height=\"251\" \/><\/p>\n<\/div><\/div><div class=\"w-separator size_small\"><\/div><div class=\"wpb_text_column us_custom_a2cc3498 has_text_color\"><div class=\"wpb_wrapper\"><p><a id=\"waBttn\" class=\"bttnProgramare\" href=\"https:\/\/wa.me\/+40726156664?text=As%20dori%20sa%20fac%20programare%20la%20o%20sedinta%20de%20terapie.%20..url:\/wp-json\/wp\/v2\/pages\/803\" target=\"_blank\" rel=\"noopener\">PROGRAMEAZ\u0102-TE ACUM<\/a><\/p>\n<p><em><strong>BONUS:<\/strong> La prima \u0219edin\u021b\u0103 vei primi <strong>GRATUIT<\/strong> o serie de informa\u021bii (\u00een valoare de <del datetime=\"2024-01-17T17:31:20+00:00\">150 lei<\/del>) care s\u0103 te ajute s\u0103 \u00ee\u021bi faci reechilibrarea energetic\u0103 chiar la tine acas\u0103.<\/em><\/p>\n<\/div><\/div><div class=\"wpb_text_column us_custom_cdf14ffd\"><div class=\"wpb_wrapper\"><h4>Cum func\u021bioneaz\u0103 Terapia de Facelift Energetic?<\/h4>\n<p>Atunci c\u00e2nd ne privim \u00een oglind\u0103 \u0219i ne judec\u0103m aspectul, celulele re\u021bin \u0219i blocheaz\u0103 aceste judec\u0103\u021bi (din punct de vedere energetic) pe fa\u021ba\u00a0\u0219i \u00een corpul t\u0103u. O sesiune de Access Facelift ofer\u0103 corpului \u0219ansa de a muta \u0219i transforma energiile limitative \u0219i prejudec\u0103\u021bile pe care le-am adunat \u00een corp, cap, pe piept \u0219i pe fa\u021b\u0103 prin \u0219tergerea memoriei celulare a judec\u0103\u021bii respective.<\/p>\n<p>Ca \u0219i \u00een cazul terapiei Access Bars, ne eliber\u0103m psihic de anumite convingeri limitative, credin\u021be, puncte de vedere \u0219i atunci ne schimb\u0103m \u00een totalitate \u0219i corpul. Cu siguran\u021b\u0103 ai observat c\u0103 \u00een zilele \u00een care e\u0219ti fericit \u0219i plin de bucurie, radiezi, te sim\u021bi mai u\u0219or \u0219i\u00a0\u021bi se pare c\u0103 ar\u0103\u021bi mai bine, mai t\u00e2n\u0103r. Iar atunci c\u00e2nd e\u0219ti stresat, frustrat, plin de g\u00e2nduri parc\u0103 nimic nu \u00ee\u021bi vine bine, ar\u0103\u021bi mai b\u0103tr\u00e2n cu 10 ani! Prin intermediul Access Facelift elimini toate energiile care provoac\u0103 \u00eemb\u0103tr\u00e2nirea \u0219i deblochezi celulele pentru refacerea\u00a0natural\u0103, astfel\u00a0\u00eentinerind \ud83d\ude0a<\/p>\n<\/div><\/div><div class=\"wpb_text_column us_custom_cdf14ffd\"><div class=\"wpb_wrapper\"><h4>De\u0219i pare incredibil, iat\u0103 c\u00e2teva dintre beneficiile Access Facelift:<\/h4>\n<ul>\n<li>\u00cembun\u0103t\u0103\u021be\u0219te luminozitatea fe\u021bei,<\/li>\n<li>Cre\u0219te nivelul de relaxare<\/li>\n<li>Reface elasticitatea pielii de pe fa\u021b\u0103, g\u00e2t \u0219i corp<\/li>\n<li>Red\u0103 str\u0103lucirea p\u0103rului<\/li>\n<li>Accelereaz\u0103 procesul de ridicare al feselor \u0219i s\u00e2nilor<\/li>\n<li>Red\u0103 nivelul de entuziasm \u0219i energie<\/li>\n<li>\u00cembun\u0103t\u0103\u021be\u0219te claritatea ochilor<\/li>\n<li>Tope\u0219te \u021besutul adipos<\/li>\n<li>Sus\u021bine stabilitatea danturii<\/li>\n<li>Cre\u0219te stima de sine \u0219i \u00eembun\u0103t\u0103\u021be\u0219te rela\u021bia cu tine, ajut\u00e2ndu-te s\u0103 te sim\u021bi mai bine \u00een pielea ta<\/li>\n<li>Accelereaz\u0103 vindecarea \u0219i revenirea la pozi\u021bia ini\u021bial\u0103 \u00een urm\u0103 unei semipareze<\/li>\n<li>Accelereaz\u0103 vindecarea \u0219i recuperarea dup\u0103 o interven\u021bie chirurgical\u0103.<\/li>\n<\/ul>\n<p>Cel mai important aspect al acetui tip de terapie energetic\u0103 este c\u0103 ac\u021bioneaz\u0103 \u0219i asupra cauzelor care stau la baza \u00eemb\u0103tr\u00e2nirii dar \u0219i al procesului de judecat\u0103, reu\u0219ind astfel s\u0103 \u00ee\u021bi \u00eembun\u0103t\u0103\u021be\u0219ti starea de spirit, modul de a ac\u021biona, comporamentul \u0219i aspectul fizic.<\/p>\n<\/div><\/div><div class=\"w-separator size_small\"><\/div><div class=\"wpb_text_column us_custom_a2cc3498 has_text_color\"><div class=\"wpb_wrapper\"><p><a id=\"waBttn\" class=\"bttnProgramare\" href=\"https:\/\/wa.me\/+40726156664?text=As%20dori%20sa%20fac%20programare%20la%20o%20sedinta%20de%20terapie.%20..url:\/wp-json\/wp\/v2\/pages\/803\" target=\"_blank\" rel=\"noopener\">PROGRAMEAZ\u0102-TE ACUM<\/a><\/p>\n<p><em><strong>BONUS:<\/strong> La prima \u0219edin\u021b\u0103 vei primi <strong>GRATUIT<\/strong> o serie de informa\u021bii (\u00een valoare de <del datetime=\"2024-01-17T17:31:20+00:00\">150 lei<\/del>) care s\u0103 te ajute s\u0103 \u00ee\u021bi faci reechilibrarea energetic\u0103 chiar la tine acas\u0103.<\/em><\/p>\n<\/div><\/div><div class=\"wpb_text_column us_custom_cdf14ffd\"><div class=\"wpb_wrapper\"><h4>Cum ac\u021bioneaz\u0103 Faceliftingul Energetic?<\/h4>\n<p>Atunci c\u00e2nd o persoan\u0103 folose\u0219te o atingere vindec\u0103toare asupra altei persoane, aceasta se poate schimba la nivel celular ajut\u00e2nd corpul s\u0103 se auto-regenereze, s\u0103 \u00eentinereasc\u0103 \u0219i s\u0103 se vindece singur.<\/p>\n<p>\u0218tiin\u021ba a demostrat deja, prin intermediul multor studii, c\u0103 atingerea \u00eencetine\u0219te ritmul cardiac \u0219i presiunea sangvin\u0103, \u00eembun\u0103t\u0103\u021be\u0219te digestia \u0219i reduce nivelul hormonilor de stres (ex: cortizolul). Atingerea este deja o parte foarte important\u0103 din via\u021ba unei persoane \u0219i lipsa acesteia poate crea probleme serioase emo\u021bionale, \u0219i automat \u0219i fizice.<\/p>\n<p>Prima \u0219edin\u021b\u0103 dureaz\u0103 \u00een jur de 60-90 de minute, urm\u00e2nd c\u0103 de la a doua sau a treia \u0219edin\u021b\u0103 timpul s\u0103 se mic\u0219oreze, fiind mai pu\u021bine blocaje de cur\u0103\u021bat, put\u00e2nd s\u0103 ajung\u0103 chiar \u0219i la 30 de minute. Se recomand\u0103 calupuri de 10-20 \u0219edin\u021be. Dup\u0103 20 de \u0219edin\u021be rezultatele par a fi permanente!<\/p>\n<p><em>Vrei s\u0103 \u00eentinere\u0219ti? S\u0103 ar\u0103\u021bi mai bine? S\u0103 te sim\u021bi mai bine?\u00a0<strong><a href=\"\/en\/contact\/\">Programeaz\u0103-te<\/a><\/strong>\u00a0chiar acum la o \u0219edin\u021ba de Facelift Energetic!<\/em><\/p>\n<\/div><\/div><div class=\"w-image us_custom_703b2333 align_center\"><a ref=\"magnificPopup\" href=\"https:\/\/laurabarbulescu.ro\/wp-content\/uploads\/2022\/09\/WhatsApp-Image-2022-10-03-at-14.05.32.jpeg\" aria-label=\"certificat access facelift\" class=\"w-image-h\"><img decoding=\"async\" width=\"600\" height=\"423\" src=\"https:\/\/laurabarbulescu.ro\/wp-content\/uploads\/2022\/09\/WhatsApp-Image-2022-10-03-at-14.05.32-600x423.jpeg\" class=\"attachment-woocommerce_single size-woocommerce_single\" alt=\"certificat access facelift\" loading=\"lazy\" srcset=\"https:\/\/laurabarbulescu.ro\/wp-content\/uploads\/2022\/09\/WhatsApp-Image-2022-10-03-at-14.05.32-600x423.jpeg 600w, https:\/\/laurabarbulescu.ro\/wp-content\/uploads\/2022\/09\/WhatsApp-Image-2022-10-03-at-14.05.32-300x212.jpeg 300w, https:\/\/laurabarbulescu.ro\/wp-content\/uploads\/2022\/09\/WhatsApp-Image-2022-10-03-at-14.05.32-1024x723.jpeg 1024w, https:\/\/laurabarbulescu.ro\/wp-content\/uploads\/2022\/09\/WhatsApp-Image-2022-10-03-at-14.05.32-768x542.jpeg 768w, https:\/\/laurabarbulescu.ro\/wp-content\/uploads\/2022\/09\/WhatsApp-Image-2022-10-03-at-14.05.32-1536x1084.jpeg 1536w, https:\/\/laurabarbulescu.ro\/wp-content\/uploads\/2022\/09\/WhatsApp-Image-2022-10-03-at-14.05.32-1140x805.jpeg 1140w, https:\/\/laurabarbulescu.ro\/wp-content\/uploads\/2022\/09\/WhatsApp-Image-2022-10-03-at-14.05.32.jpeg 1808w\" sizes=\"auto, (max-width: 600px) 100vw, 600px\" \/><\/a><\/div><div class=\"w-separator size_small\"><\/div><div class=\"wpb_text_column\"><div class=\"wpb_wrapper\"><p style=\"text-align: center;\"><a id=\"waBttn\" class=\"bttnProgramare\" href=\"https:\/\/wa.me\/+40726156664?text=As%20dori%20sa%20fac%20programare%20la%20o%20sedinta%20de%20terapie.%20..url:\/wp-json\/wp\/v2\/pages\/803\" target=\"_blank\" rel=\"noopener\">\u00cemi po\u021bi scrie \u0219i pe whatapp<\/a><\/p>\n<\/div><\/div><\/div><\/div><\/div><\/div><\/div><\/section>","protected":false},"excerpt":{"rendered":"Acest tip de terapie face parte din clasa de terapii Access Consciousness, al\u0103turi de\u00a0Terapia Bars. Faceliftingul energetic ajut\u0103 la inversarea procesului de \u00eemb\u0103tr\u00e2nire a corpului \u0219i rejuvenarea fe\u021bei. Terapia se face prin atingeri u\u0219oare pe g\u00e2t \u0219i fa\u021b\u0103 revigor\u00e2nd astfel celulele, \u0219i ajut\u00e2ndu-le s\u0103 revin\u0103 la structura lor ini\u021bial\u0103, ob\u021bin\u00e2nd ca rezultat rejuvenarea vizibil\u0103. Chiar...","protected":false},"author":1,"featured_media":808,"parent":0,"menu_order":0,"comment_status":"closed","ping_status":"open","template":"","meta":{"_lmt_disableupdate":"no","_lmt_disable":"","footnotes":""},"class_list":["post-803","page","type-page","status-publish","has-post-thumbnail","hentry"],"_links":{"self":[{"href":"https:\/\/laurabarbulescu.ro\/en\/wp-json\/wp\/v2\/pages\/803","targetHints":{"allow":["GET"]}}],"collection":[{"href":"https:\/\/laurabarbulescu.ro\/en\/wp-json\/wp\/v2\/pages"}],"about":[{"href":"https:\/\/laurabarbulescu.ro\/en\/wp-json\/wp\/v2\/types\/page"}],"author":[{"embeddable":true,"href":"https:\/\/laurabarbulescu.ro\/en\/wp-json\/wp\/v2\/users\/1"}],"replies":[{"embeddable":true,"href":"https:\/\/laurabarbulescu.ro\/en\/wp-json\/wp\/v2\/comments?post=803"}],"version-history":[{"count":4,"href":"https:\/\/laurabarbulescu.ro\/en\/wp-json\/wp\/v2\/pages\/803\/revisions"}],"predecessor-version":[{"id":1974,"href":"https:\/\/laurabarbulescu.ro\/en\/wp-json\/wp\/v2\/pages\/803\/revisions\/1974"}],"wp:featuredmedia":[{"embeddable":true,"href":"https:\/\/laurabarbulescu.ro\/en\/wp-json\/wp\/v2\/media\/808"}],"wp:attachment":[{"href":"https:\/\/laurabarbulescu.ro\/en\/wp-json\/wp\/v2\/media?parent=803"}],"curies":[{"name":"wp","href":"https:\/\/api.w.org\/{rel}","templated":true}]}}