{"id":981,"date":"2023-05-26T01:13:56","date_gmt":"2023-05-25T22:13:56","guid":{"rendered":"https:\/\/new.laurabarbulescu.ro\/?page_id=981"},"modified":"2025-11-24T14:59:34","modified_gmt":"2025-11-24T11:59:34","slug":"magazin","status":"publish","type":"page","link":"https:\/\/laurabarbulescu.ro\/en\/magazin\/","title":{"rendered":"Shop"},"content":{"rendered":"<section class=\"l-section wpb_row us_custom_ae3bac6c height_auto width_custom with_img\" style=\"--site-content-width:1400px;\"><div class=\"l-section-img\" role=\"img\" aria-label=\"Image\" data-img-width=\"620\" data-img-height=\"730\" style=\"background-image: url(https:\/\/laurabarbulescu.ro\/wp-content\/uploads\/2023\/05\/img-books-shop.webp);background-position: center right;background-repeat: no-repeat;background-size: contain;\"><\/div><div class=\"l-section-h i-cf\"><div class=\"g-cols vc_row via_flex valign_middle type_default stacking_default\"><div class=\"vc_col-sm-6 wpb_column vc_column_container has_bg_color\"><div class=\"vc_column-inner us_custom_5384001b\"><div class=\"wpb_wrapper\"><h1 style=\"text-align: left\" class=\"vc_custom_heading vc_do_custom_heading us_custom_7fc1116c\" >Shop<\/h1><div class=\"wpb_text_column us_custom_4dc86bf0 has_text_color\"><div class=\"wpb_wrapper\"><p><b>Laura B\u0103rbulescu<\/b>\u00a0a debutat \u00een cariera sa de scriitoare \u00een mai 2017 cu prima sa carte\u00a0<i>\u201eTr\u0103ie\u015fte-\u0163i via\u0163a cum vrei tu!\u201d.<\/i><\/p>\n<p>\u00cen 2025 a lansat cartea \u201eOameni \u0219i M\u0103\u0219ti\u201d.<\/p>\n<\/div><\/div><\/div><\/div><\/div><div class=\"vc_col-sm-6 wpb_column vc_column_container\"><div class=\"vc_column-inner\"><div class=\"wpb_wrapper\"><\/div><\/div><\/div><\/div><\/div><\/section><section class=\"l-section wpb_row height_medium\"><div class=\"l-section-overlay\" style=\"background:#f7f7f7\"><\/div><div class=\"l-section-h i-cf\"><div class=\"g-cols vc_row via_flex valign_top type_default stacking_default\"><div class=\"vc_col-sm-12 wpb_column vc_column_container\"><div class=\"vc_column-inner\"><div class=\"wpb_wrapper\"><div class=\"w-text us_custom_54ac5699 icon_atleft\"><span class=\"w-text-h\"><i class=\"fad fa-tags\"><\/i><span class=\"w-text-value\">Alege o categorie:<\/span><\/span><\/div><div class=\"w-grid us_grid type_grid layout_1668 cols_3 preload_style_spinner\" id=\"us_grid_1\" style=\"--columns:3;--gap:1.5rem;\"><style>@media (max-width:1024px){#us_grid_1{--columns:2!important}}@media (max-width:600px){#us_grid_1{--columns:1!important}}.layout_1668 .w-grid-item-h{background:var(--color-header-middle-bg);box-shadow:0 0rem 0rem rgba(0,0,0,0.1),0 0rem 0rem rgba(0,0,0,0.1);transition-duration:0.3s}.no-touch .layout_1668 .w-grid-item-h:hover{box-shadow:0 0.1rem 0.2rem rgba(0,0,0,0.1),0 0.33rem 1rem rgba(0,0,0,0.15);z-index:4}.layout_1668 .usg_hwrapper_1{padding:1.5rem!important}.layout_1668 .usg_post_title_1{font-size:1.5rem!important;line-height:1.2!important}.layout_1668 .usg_post_image_1{text-align:center!important}.layout_1668 .usg_post_content_1{text-align:center!important;font-size:16px!important;font-style:italic!important;padding:15px!important}.layout_1668 .usg_btn_1{text-align:center!important}.layout_1668 .usg_vwrapper_3{margin-bottom:1rem!important}<\/style><div class=\"w-grid-list\">\t<div class=\"w-grid-item type_term term-51 term-carte-digitala ratio_1x1\">\r\n\t\t<div class=\"w-grid-item-h\">\r\n\t\t\t\t\t\t<div class=\"w-vwrapper usg_vwrapper_2 align_none valign_middle\"><div class=\"w-hwrapper usg_hwrapper_1 align_center valign_middle wrap\" style=\"--hwrapper-gap:0rem\"><h2 class=\"w-post-elm post_title usg_post_title_1 entry-title color_link_inherit\"><a href=\"https:\/\/laurabarbulescu.ro\/en\/product-category\/carte-digitala\/\">Carte digitala<\/a><\/h2><\/div><div class=\"w-vwrapper usg_vwrapper_1 align_none valign_middle\"><div class=\"w-post-elm post_image usg_post_image_1 has_ratio\"><a href=\"https:\/\/laurabarbulescu.ro\/en\/product-category\/carte-digitala\/\" aria-label=\"Shop\"><img loading=\"lazy\" decoding=\"async\" width=\"800\" height=\"707\" src=\"https:\/\/laurabarbulescu.ro\/wp-content\/uploads\/2024\/02\/carte-digitala-ebook-laura800-min.jpeg\" class=\"attachment-full size-full\" alt=\"\" \/><\/a><div style=\"padding-bottom:66.6667%\"><\/div><\/div><div class=\"w-post-elm post_content usg_post_content_1\">Redescoper\u0103-te prin eBook-urile de dezvoltare personal\u0103 create pentru claritate, echilibru \u0219i progres real. Aici g\u0103se\u0219ti ghiduri concise, structurate logic \u0219i pline de exerci\u021bii practice, reflec\u021bii&hellip;<\/div><\/div><\/div><div class=\"w-vwrapper usg_vwrapper_3 align_center valign_middle\"><a class=\"w-btn us-btn-style_1 usg_btn_1\" href=\"https:\/\/laurabarbulescu.ro\/en\/product-category\/carte-digitala\/\"><span class=\"w-btn-label\">Vezi produsele<\/span><\/a><\/div>\t\t<\/div>\r\n\t\t\t<\/div>\r\n\t<div class=\"w-grid-item type_term term-57 term-programe-dezvoltare-personala ratio_1x1\">\r\n\t\t<div class=\"w-grid-item-h\">\r\n\t\t\t\t\t\t<div class=\"w-vwrapper usg_vwrapper_2 align_none valign_middle\"><div class=\"w-hwrapper usg_hwrapper_1 align_center valign_middle wrap\" style=\"--hwrapper-gap:0rem\"><h2 class=\"w-post-elm post_title usg_post_title_1 entry-title color_link_inherit\"><a href=\"https:\/\/laurabarbulescu.ro\/en\/product-category\/programe-dezvoltare-personala\/\">Programe Dezvoltare Personala<\/a><\/h2><\/div><div class=\"w-vwrapper usg_vwrapper_1 align_none valign_middle\"><div class=\"w-post-elm post_image usg_post_image_1 has_ratio\"><a href=\"https:\/\/laurabarbulescu.ro\/en\/product-category\/programe-dezvoltare-personala\/\" aria-label=\"Shop\"><img loading=\"lazy\" decoding=\"async\" width=\"810\" height=\"810\" src=\"https:\/\/laurabarbulescu.ro\/wp-content\/uploads\/2026\/01\/programe-dezvoltare-personala.png\" class=\"attachment-full size-full\" alt=\"programe dezvoltare personala\" \/><\/a><div style=\"padding-bottom:66.6667%\"><\/div><\/div><div class=\"w-post-elm post_content usg_post_content_1\">C\u00e2nd tu evoluezi, \u00eentreaga ta via\u021b\u0103 se schimb\u0103. Categoria Programe de dezvoltare personal\u0103 este spa\u021biul \u00een care g\u0103se\u0219ti procese ghidate, create ca s\u0103 te ajute&hellip;<\/div><\/div><\/div><div class=\"w-vwrapper usg_vwrapper_3 align_center valign_middle\"><a class=\"w-btn us-btn-style_1 usg_btn_1\" href=\"https:\/\/laurabarbulescu.ro\/en\/product-category\/programe-dezvoltare-personala\/\"><span class=\"w-btn-label\">Vezi produsele<\/span><\/a><\/div>\t\t<\/div>\r\n\t\t\t<\/div>\r\n\t<div class=\"w-grid-item type_term term-50 term-carte-fizica ratio_1x1\">\r\n\t\t<div class=\"w-grid-item-h\">\r\n\t\t\t\t\t\t<div class=\"w-vwrapper usg_vwrapper_2 align_none valign_middle\"><div class=\"w-hwrapper usg_hwrapper_1 align_center valign_middle wrap\" style=\"--hwrapper-gap:0rem\"><h2 class=\"w-post-elm post_title usg_post_title_1 entry-title color_link_inherit\"><a href=\"https:\/\/laurabarbulescu.ro\/en\/product-category\/carte-fizica\/\">Carte fizica<\/a><\/h2><\/div><div class=\"w-vwrapper usg_vwrapper_1 align_none valign_middle\"><div class=\"w-post-elm post_image usg_post_image_1 has_ratio\"><a href=\"https:\/\/laurabarbulescu.ro\/en\/product-category\/carte-fizica\/\" aria-label=\"Shop\"><img loading=\"lazy\" decoding=\"async\" width=\"1500\" height=\"1383\" src=\"https:\/\/laurabarbulescu.ro\/wp-content\/uploads\/2020\/12\/1641814981.png\" class=\"attachment-full size-full\" alt=\"\" \/><\/a><div style=\"padding-bottom:66.6667%\"><\/div><\/div><div class=\"w-post-elm post_content usg_post_content_1\">Alege experien\u021ba lecturii autentice cu colec\u021bia de c\u0103r\u021bi fizice dedicate dezvolt\u0103rii personale. Pagini care se r\u0103sfoiesc u\u0219or, note pe margine, semne de carte \u00eentre capitole&hellip;<\/div><\/div><\/div><div class=\"w-vwrapper usg_vwrapper_3 align_center valign_middle\"><a class=\"w-btn us-btn-style_1 usg_btn_1\" href=\"https:\/\/laurabarbulescu.ro\/en\/product-category\/carte-fizica\/\"><span class=\"w-btn-label\">Vezi produsele<\/span><\/a><\/div>\t\t<\/div>\r\n\t\t\t<\/div>\r\n\t<div class=\"w-grid-item type_term term-58 term-voucher-cadou ratio_1x1\">\r\n\t\t<div class=\"w-grid-item-h\">\r\n\t\t\t\t\t\t<div class=\"w-vwrapper usg_vwrapper_2 align_none valign_middle\"><div class=\"w-hwrapper usg_hwrapper_1 align_center valign_middle wrap\" style=\"--hwrapper-gap:0rem\"><h2 class=\"w-post-elm post_title usg_post_title_1 entry-title color_link_inherit\"><a href=\"https:\/\/laurabarbulescu.ro\/en\/product-category\/voucher-cadou\/\">Voucher CADOU<\/a><\/h2><\/div><div class=\"w-vwrapper usg_vwrapper_1 align_none valign_middle\"><div class=\"w-post-elm post_image usg_post_image_1 has_ratio\"><a href=\"https:\/\/laurabarbulescu.ro\/en\/product-category\/voucher-cadou\/\" aria-label=\"Shop\"><img loading=\"lazy\" decoding=\"async\" width=\"810\" height=\"810\" src=\"https:\/\/laurabarbulescu.ro\/wp-content\/uploads\/2026\/02\/voucher-cadou.png\" class=\"attachment-full size-full\" alt=\"voucher cadou\" \/><\/a><div style=\"padding-bottom:66.6667%\"><\/div><\/div><div class=\"w-post-elm post_content usg_post_content_1\">Voucher cadou in format digital valabil 3 luni pentru o sesiune de terapie energetica.<\/div><\/div><\/div><div class=\"w-vwrapper usg_vwrapper_3 align_center valign_middle\"><a class=\"w-btn us-btn-style_1 usg_btn_1\" href=\"https:\/\/laurabarbulescu.ro\/en\/product-category\/voucher-cadou\/\"><span class=\"w-btn-label\">Vezi produsele<\/span><\/a><\/div>\t\t<\/div>\r\n\t\t\t<\/div>\r\n\t<div class=\"w-grid-item type_term term-54 term-plan-dieta-intestin-sanatos ratio_1x1\">\r\n\t\t<div class=\"w-grid-item-h\">\r\n\t\t\t\t\t\t<div class=\"w-vwrapper usg_vwrapper_2 align_none valign_middle\"><div class=\"w-hwrapper usg_hwrapper_1 align_center valign_middle wrap\" style=\"--hwrapper-gap:0rem\"><h2 class=\"w-post-elm post_title usg_post_title_1 entry-title color_link_inherit\"><a href=\"https:\/\/laurabarbulescu.ro\/en\/product-category\/plan-dieta-intestin-sanatos\/\">Plan Dieta Intestin Sanatos<\/a><\/h2><\/div><div class=\"w-vwrapper usg_vwrapper_1 align_none valign_middle\"><div class=\"w-post-elm post_image usg_post_image_1 has_ratio\"><a href=\"https:\/\/laurabarbulescu.ro\/en\/product-category\/plan-dieta-intestin-sanatos\/\" aria-label=\"Shop\"><img loading=\"lazy\" decoding=\"async\" width=\"1000\" height=\"667\" src=\"https:\/\/laurabarbulescu.ro\/wp-content\/uploads\/2024\/01\/img-intestin-dieta-min.jpeg\" class=\"attachment-full size-full\" alt=\"\" \/><\/a><div style=\"padding-bottom:66.6667%\"><\/div><\/div><div class=\"w-post-elm post_content usg_post_content_1\">Alimenta\u021bia\u00a0joac\u0103 un rol crucial \u00een men\u021binerea unui intestin s\u0103n\u0103tos. Consumul de fructe \u0219i legume proaspete, cereale integrale \u0219i alimente fermentate poate ajuta la men\u021binerea echilibrului&hellip;<\/div><\/div><\/div><div class=\"w-vwrapper usg_vwrapper_3 align_center valign_middle\"><a class=\"w-btn us-btn-style_1 usg_btn_1\" href=\"https:\/\/laurabarbulescu.ro\/en\/product-category\/plan-dieta-intestin-sanatos\/\"><span class=\"w-btn-label\">Vezi produsele<\/span><\/a><\/div>\t\t<\/div>\r\n\t\t\t<\/div>\r\n<\/div>\t<div class=\"w-grid-json hidden\" onclick='return []'><\/div>\r\n\t<\/div><\/div><\/div><\/div><\/div><\/div><\/section><section class=\"l-section wpb_row height_medium\"><div class=\"l-section-h i-cf\"><div class=\"g-cols vc_row via_flex valign_top type_default stacking_default\"><div class=\"vc_col-sm-12 wpb_column vc_column_container\"><div class=\"vc_column-inner\"><div class=\"wpb_wrapper\"><div class=\"wpb_text_column\"><div class=\"wpb_wrapper\"><h4>Dezvoltare personal\u0103: Primul pas c\u0103tre o via\u021b\u0103 mai bun\u0103<\/h4>\n<p>Via\u021ba este o c\u0103l\u0103torie constant\u0103 de auto-descoperire \u0219i autoperfec\u021bionare. Fiecare dintre noi caut\u0103 metode \u0219i instrumente care ne pot ajuta s\u0103 avans\u0103m, s\u0103 ne \u00eembun\u0103t\u0103\u021bim \u0219i s\u0103 evolu\u0103m \u00een direc\u021bia dorit\u0103. \u00cen centrul acestei c\u0103l\u0103torii se afl\u0103 conceptul de dezvoltare personal\u0103.<\/p>\n<p>Acest proiect s-a n\u0103scut \u00een 2017 din dorin\u021ba de a oferi fiec\u0103rui individ resursele necesare pentru o dezvoltare personal\u0103 profund\u0103 \u0219i autentic\u0103. Fie c\u0103 e\u0219ti la \u00eenceputul drumului sau c\u0103 ai deja o experien\u021b\u0103 vast\u0103 \u00een acest domeniu, vei descoperi aici instrumentul potrivit pentru a progresa.<\/p>\n<p>Unul dintre cele mai valoroase instrumente \u00een calea dezvolt\u0103rii personale este cartea. Cartea noastr\u0103 de dezvoltare personal\u0103 nu este doar un set de pagini cu text, ci o surs\u0103 inestimabil\u0103 de \u00een\u021belepciune, inspira\u021bie \u0219i ghidare. Prin cuvinte, g\u00e2ndurile \u0219i experien\u021bele autorului se transform\u0103 \u00een lec\u021bii valoroase pentru cititor.<\/p>\n<p>Aceaste c\u0103r\u021bi sunt disponibile at\u00e2t \u00een format fizic c\u00e2t \u0219i eBook. A\u0219adar, indiferent de preferin\u021bele tale, vei putea avea aceste surse de inspira\u021bie la \u00eendem\u00e2n\u0103, care te pot ajuta mai mult dec\u00e2t \u00ee\u021bi imaginezi.<\/p>\n<p>Investi\u021bia \u00een dezvoltarea ta personal\u0103 este cea mai valoroas\u0103 investi\u021bie pe care o po\u021bi face. Cu ajutorul s\u0103u, p\u0103\u0219e\u0219ti mai aproape de versiunea ta ideal\u0103. Fiecare capitol, fiecare lec\u021bie, te ajut\u0103 s\u0103 te \u00een\u021belegi mai bine, s\u0103 identifici obstacolele din calea ta \u0219i s\u0103 g\u0103se\u0219ti solu\u021bii pentru a le dep\u0103\u0219i.<\/p>\n<p>Via\u021ba nu vine cu un manual de instruc\u021biuni, dar cu resursele potrivite, po\u021bi scrie propriul t\u0103u ghid. Acum este momentul potrivit s\u0103 investe\u0219ti \u00een tine, s\u0103 te dedici dezvolt\u0103rii personale \u0219i s\u0103 descoperi puterea transformatoare a acestei c\u0103r\u021bi.<\/p>\n<p>Te invit s\u0103 descoperi mai multe despre aceste car\u021bi de dezvoltare personal\u0103 \u0219i s\u0103 vezi cum pot fi catalizatorul schimb\u0103rii pe care o cau\u021bi \u00een via\u021ba ta.<\/p>\n<\/div><\/div><\/div><\/div><\/div><\/div><\/div><\/section>","protected":false},"excerpt":{"rendered":"MagazinLaura B\u0103rbulescu\u00a0a debutat \u00een cariera sa de scriitoare \u00een mai 2017 cu prima sa carte\u00a0\u201eTr\u0103ie\u015fte-\u0163i via\u0163a cum vrei tu!\u201d. \u00cen 2025 a lansat cartea \u201eOameni \u0219i M\u0103\u0219ti\u201d. Alege o categorie: Carte digitalaRedescoper\u0103-te prin eBook-urile de dezvoltare personal\u0103 create pentru claritate, echilibru \u0219i progres real. Aici g\u0103se\u0219ti ghiduri concise, structurate logic \u0219i pline de exerci\u021bii practice,...","protected":false},"author":851,"featured_media":0,"parent":0,"menu_order":0,"comment_status":"closed","ping_status":"closed","template":"","meta":{"_lmt_disableupdate":"no","_lmt_disable":"","footnotes":""},"class_list":["post-981","page","type-page","status-publish","hentry"],"_links":{"self":[{"href":"https:\/\/laurabarbulescu.ro\/en\/wp-json\/wp\/v2\/pages\/981","targetHints":{"allow":["GET"]}}],"collection":[{"href":"https:\/\/laurabarbulescu.ro\/en\/wp-json\/wp\/v2\/pages"}],"about":[{"href":"https:\/\/laurabarbulescu.ro\/en\/wp-json\/wp\/v2\/types\/page"}],"author":[{"embeddable":true,"href":"https:\/\/laurabarbulescu.ro\/en\/wp-json\/wp\/v2\/users\/851"}],"replies":[{"embeddable":true,"href":"https:\/\/laurabarbulescu.ro\/en\/wp-json\/wp\/v2\/comments?post=981"}],"version-history":[{"count":4,"href":"https:\/\/laurabarbulescu.ro\/en\/wp-json\/wp\/v2\/pages\/981\/revisions"}],"predecessor-version":[{"id":2167,"href":"https:\/\/laurabarbulescu.ro\/en\/wp-json\/wp\/v2\/pages\/981\/revisions\/2167"}],"wp:attachment":[{"href":"https:\/\/laurabarbulescu.ro\/en\/wp-json\/wp\/v2\/media?parent=981"}],"curies":[{"name":"wp","href":"https:\/\/api.w.org\/{rel}","templated":true}]}}