{"id":1560,"date":"2024-01-05T22:55:52","date_gmt":"2024-01-05T19:55:52","guid":{"rendered":"https:\/\/laurabarbulescu.ro\/?post_type=product&#038;p=1560"},"modified":"2024-01-17T16:29:07","modified_gmt":"2024-01-17T13:29:07","slug":"dieta-plan-start-rapid","status":"publish","type":"product","link":"https:\/\/laurabarbulescu.ro\/en\/product\/dieta-plan-start-rapid\/","title":{"rendered":"Dieta Plan &#8211; Start Rapid"},"content":{"rendered":"<h6><strong>Planul \u201eStart Rapid\u201d \u2013 2 S\u0103pt\u0103m\u00e2ni<\/strong><\/h6>\n<p><strong>Ideal pentru:<\/strong>\u00a0Cei care doresc s\u0103 experimenteze beneficiile unei diete echilibrate \u0219i s\u0103 observe rapid schimb\u0103ri pozitive.<\/p>\n<ul>\n<li><strong>Durat\u0103:<\/strong>\u00a02 s\u0103pt\u0103m\u00e2ni<\/li>\n<li><strong>Ce Include:<\/strong>\u00a0Meniu personalizat zilnic, liste de cump\u0103r\u0103turi s\u0103pt\u0103m\u00e2nale, suport \u0219i monitorizare prin e-mail.<\/li>\n<li><strong>Beneficii:<\/strong>\u00a0Descoper\u0103 cum alimenta\u021bia influen\u021beaz\u0103 starea ta de bine, \u00eembun\u0103t\u0103\u021be\u0219te digestia \u0219i reduce simptomele nepl\u0103cute rapid.<\/li>\n<\/ul>","protected":false},"excerpt":{"rendered":"<p>Planul \u201eStart Rapid\u201d \u2013 2 S\u0103pt\u0103m\u00e2ni Ideal pentru:\u00a0Cei care doresc s\u0103 experimenteze beneficiile unei diete echilibrate \u0219i s\u0103 observe rapid schimb\u0103ri pozitive. Durat\u0103:\u00a02 s\u0103pt\u0103m\u00e2ni Ce Include:\u00a0Meniu personalizat zilnic, liste de cump\u0103r\u0103turi s\u0103pt\u0103m\u00e2nale, suport \u0219i monitorizare prin e-mail. Beneficii:\u00a0Descoper\u0103 cum alimenta\u021bia influen\u021beaz\u0103 starea ta de bine, \u00eembun\u0103t\u0103\u021be\u0219te digestia \u0219i reduce simptomele nepl\u0103cute rapid.<\/p>","protected":false},"featured_media":1596,"comment_status":"open","ping_status":"closed","template":"","meta":{"_lmt_disableupdate":"","_lmt_disable":""},"product_brand":[],"product_cat":[54],"product_tag":[],"class_list":{"0":"post-1560","1":"product","2":"type-product","3":"status-publish","4":"has-post-thumbnail","6":"product_cat-plan-dieta-intestin-sanatos","8":"first","9":"instock","10":"sale","11":"downloadable","12":"virtual","13":"sold-individually","14":"taxable","15":"purchasable","16":"product-type-simple"},"_links":{"self":[{"href":"https:\/\/laurabarbulescu.ro\/en\/wp-json\/wp\/v2\/product\/1560","targetHints":{"allow":["GET"]}}],"collection":[{"href":"https:\/\/laurabarbulescu.ro\/en\/wp-json\/wp\/v2\/product"}],"about":[{"href":"https:\/\/laurabarbulescu.ro\/en\/wp-json\/wp\/v2\/types\/product"}],"replies":[{"embeddable":true,"href":"https:\/\/laurabarbulescu.ro\/en\/wp-json\/wp\/v2\/comments?post=1560"}],"wp:featuredmedia":[{"embeddable":true,"href":"https:\/\/laurabarbulescu.ro\/en\/wp-json\/wp\/v2\/media\/1596"}],"wp:attachment":[{"href":"https:\/\/laurabarbulescu.ro\/en\/wp-json\/wp\/v2\/media?parent=1560"}],"wp:term":[{"taxonomy":"product_brand","embeddable":true,"href":"https:\/\/laurabarbulescu.ro\/en\/wp-json\/wp\/v2\/product_brand?post=1560"},{"taxonomy":"product_cat","embeddable":true,"href":"https:\/\/laurabarbulescu.ro\/en\/wp-json\/wp\/v2\/product_cat?post=1560"},{"taxonomy":"product_tag","embeddable":true,"href":"https:\/\/laurabarbulescu.ro\/en\/wp-json\/wp\/v2\/product_tag?post=1560"}],"curies":[{"name":"wp","href":"https:\/\/api.w.org\/{rel}","templated":true}]}}