{"id":1561,"date":"2024-01-05T22:57:24","date_gmt":"2024-01-05T19:57:24","guid":{"rendered":"https:\/\/laurabarbulescu.ro\/?post_type=product&#038;p=1561"},"modified":"2024-01-17T16:30:02","modified_gmt":"2024-01-17T13:30:02","slug":"dieta-plan-dieta-plan-transformare-si-echilibru","status":"publish","type":"product","link":"https:\/\/laurabarbulescu.ro\/en\/product\/dieta-plan-dieta-plan-transformare-si-echilibru\/","title":{"rendered":"Dieta Plan &#8211; Transformare \u0219i Echilibru"},"content":{"rendered":"<h6><strong>Planul \u201eTransformare \u0219i Echilibru\u201d \u2013 1 lun\u0103<\/strong><\/h6>\n<p><strong>Ideal pentru:<\/strong>\u00a0Cei care sunt gata s\u0103 fac\u0103 o schimbare semnificativ\u0103 \u0219i s\u0103 integreze obiceiuri s\u0103n\u0103toase pe termen lung.<\/p>\n<ul>\n<li><strong>Durat\u0103:<\/strong>\u00a01 lun\u0103<\/li>\n<li><strong>Ce Include:<\/strong>\u00a0Plan alimentar complet personalizat, liste de cump\u0103r\u0103turi s\u0103pt\u0103m\u00e2nale, suport constant prin email \u0219i 1 sesiune de consultan\u021b\u0103 online\/telefon la jum\u0103tatea programului.<\/li>\n<li><strong>Beneficii:<\/strong>\u00a0Stabile\u0219te un echilibru durabil \u00een dieta ta, \u00eembun\u0103t\u0103\u021be\u0219te s\u0103n\u0103tatea intestinal\u0103 \u0219i spore\u0219te nivelul general de energie.<\/li>\n<\/ul>","protected":false},"excerpt":{"rendered":"<p>Planul \u201eTransformare \u0219i Echilibru\u201d \u2013 1 lun\u0103 Ideal pentru:\u00a0Cei care sunt gata s\u0103 fac\u0103 o schimbare semnificativ\u0103 \u0219i s\u0103 integreze obiceiuri s\u0103n\u0103toase pe termen lung. Durat\u0103:\u00a01 lun\u0103 Ce Include:\u00a0Plan alimentar complet personalizat, liste de cump\u0103r\u0103turi s\u0103pt\u0103m\u00e2nale, suport constant prin email \u0219i 1 sesiune de consultan\u021b\u0103 online\/telefon la jum\u0103tatea programului. Beneficii:\u00a0Stabile\u0219te un echilibru durabil \u00een dieta&#8230;<\/p>","protected":false},"featured_media":1597,"comment_status":"open","ping_status":"closed","template":"","meta":{"_lmt_disableupdate":"","_lmt_disable":""},"product_brand":[],"product_cat":[54],"product_tag":[],"class_list":{"0":"post-1561","1":"product","2":"type-product","3":"status-publish","4":"has-post-thumbnail","6":"product_cat-plan-dieta-intestin-sanatos","8":"first","9":"instock","10":"sale","11":"downloadable","12":"virtual","13":"sold-individually","14":"taxable","15":"purchasable","16":"product-type-simple"},"_links":{"self":[{"href":"https:\/\/laurabarbulescu.ro\/en\/wp-json\/wp\/v2\/product\/1561","targetHints":{"allow":["GET"]}}],"collection":[{"href":"https:\/\/laurabarbulescu.ro\/en\/wp-json\/wp\/v2\/product"}],"about":[{"href":"https:\/\/laurabarbulescu.ro\/en\/wp-json\/wp\/v2\/types\/product"}],"replies":[{"embeddable":true,"href":"https:\/\/laurabarbulescu.ro\/en\/wp-json\/wp\/v2\/comments?post=1561"}],"wp:featuredmedia":[{"embeddable":true,"href":"https:\/\/laurabarbulescu.ro\/en\/wp-json\/wp\/v2\/media\/1597"}],"wp:attachment":[{"href":"https:\/\/laurabarbulescu.ro\/en\/wp-json\/wp\/v2\/media?parent=1561"}],"wp:term":[{"taxonomy":"product_brand","embeddable":true,"href":"https:\/\/laurabarbulescu.ro\/en\/wp-json\/wp\/v2\/product_brand?post=1561"},{"taxonomy":"product_cat","embeddable":true,"href":"https:\/\/laurabarbulescu.ro\/en\/wp-json\/wp\/v2\/product_cat?post=1561"},{"taxonomy":"product_tag","embeddable":true,"href":"https:\/\/laurabarbulescu.ro\/en\/wp-json\/wp\/v2\/product_tag?post=1561"}],"curies":[{"name":"wp","href":"https:\/\/api.w.org\/{rel}","templated":true}]}}