{"id":1563,"date":"2024-01-05T23:05:33","date_gmt":"2024-01-05T20:05:33","guid":{"rendered":"https:\/\/laurabarbulescu.ro\/?post_type=product&#038;p=1563"},"modified":"2024-01-17T16:30:43","modified_gmt":"2024-01-17T13:30:43","slug":"dieta-plan-calatoria-completa","status":"publish","type":"product","link":"https:\/\/laurabarbulescu.ro\/en\/product\/dieta-plan-calatoria-completa\/","title":{"rendered":"Dieta Plan &#8211; C\u0103l\u0103toria Complet\u0103"},"content":{"rendered":"<h6><strong>Planul \u201eC\u0103l\u0103toria Complet\u0103\u201d \u2013 3 luni<\/strong><\/h6>\n<p><strong>Ideal pentru:<\/strong>\u00a0Cei care sunt dedica\u021bi unei transform\u0103ri complete \u0219i doresc s\u0103 adopte un stil de via\u021b\u0103 s\u0103n\u0103tos pe termen lung.<\/p>\n<ul>\n<li><strong>Durat\u0103:<\/strong>\u00a03 luni<\/li>\n<li><strong>Ce Include:<\/strong>\u00a0Plan alimentar detaliat \u0219i personalizat, liste de cump\u0103r\u0103turi, suport continuu prin email, 3 sesiuni de consultan\u021b\u0103 online\/telefon \u0219i monitorizare a progresului, 1 pe lun\u0103.<\/li>\n<li><strong>Beneficii:<\/strong>\u00a0O transformare profund\u0103 a stilului t\u0103u de via\u021b\u0103, rezultate durabile, \u00eembun\u0103t\u0103\u021birea semnificativ\u0103 a s\u0103n\u0103t\u0103\u021bii intestinale \u0219i a st\u0103rii generale de s\u0103n\u0103tate.<\/li>\n<\/ul>","protected":false},"excerpt":{"rendered":"<p>Planul \u201eC\u0103l\u0103toria Complet\u0103\u201d \u2013 3 luni Ideal pentru:\u00a0Cei care sunt dedica\u021bi unei transform\u0103ri complete \u0219i doresc s\u0103 adopte un stil de via\u021b\u0103 s\u0103n\u0103tos pe termen lung. Durat\u0103:\u00a03 luni Ce Include:\u00a0Plan alimentar detaliat \u0219i personalizat, liste de cump\u0103r\u0103turi, suport continuu prin email, 3 sesiuni de consultan\u021b\u0103 online\/telefon \u0219i monitorizare a progresului, 1 pe lun\u0103. Beneficii:\u00a0O transformare&#8230;<\/p>","protected":false},"featured_media":1598,"comment_status":"open","ping_status":"closed","template":"","meta":{"_lmt_disableupdate":"","_lmt_disable":""},"product_brand":[],"product_cat":[54],"product_tag":[],"class_list":{"0":"post-1563","1":"product","2":"type-product","3":"status-publish","4":"has-post-thumbnail","6":"product_cat-plan-dieta-intestin-sanatos","8":"first","9":"instock","10":"sale","11":"downloadable","12":"virtual","13":"sold-individually","14":"taxable","15":"purchasable","16":"product-type-simple"},"_links":{"self":[{"href":"https:\/\/laurabarbulescu.ro\/en\/wp-json\/wp\/v2\/product\/1563","targetHints":{"allow":["GET"]}}],"collection":[{"href":"https:\/\/laurabarbulescu.ro\/en\/wp-json\/wp\/v2\/product"}],"about":[{"href":"https:\/\/laurabarbulescu.ro\/en\/wp-json\/wp\/v2\/types\/product"}],"replies":[{"embeddable":true,"href":"https:\/\/laurabarbulescu.ro\/en\/wp-json\/wp\/v2\/comments?post=1563"}],"wp:featuredmedia":[{"embeddable":true,"href":"https:\/\/laurabarbulescu.ro\/en\/wp-json\/wp\/v2\/media\/1598"}],"wp:attachment":[{"href":"https:\/\/laurabarbulescu.ro\/en\/wp-json\/wp\/v2\/media?parent=1563"}],"wp:term":[{"taxonomy":"product_brand","embeddable":true,"href":"https:\/\/laurabarbulescu.ro\/en\/wp-json\/wp\/v2\/product_brand?post=1563"},{"taxonomy":"product_cat","embeddable":true,"href":"https:\/\/laurabarbulescu.ro\/en\/wp-json\/wp\/v2\/product_cat?post=1563"},{"taxonomy":"product_tag","embeddable":true,"href":"https:\/\/laurabarbulescu.ro\/en\/wp-json\/wp\/v2\/product_tag?post=1563"}],"curies":[{"name":"wp","href":"https:\/\/api.w.org\/{rel}","templated":true}]}}