{"id":2225,"date":"2026-01-27T17:43:58","date_gmt":"2026-01-27T14:43:58","guid":{"rendered":"https:\/\/laurabarbulescu.ro\/?post_type=product&#038;p=2225"},"modified":"2026-01-27T17:43:58","modified_gmt":"2026-01-27T14:43:58","slug":"meditatie-ghidata-pentru-relaxare","status":"publish","type":"product","link":"https:\/\/laurabarbulescu.ro\/en\/product\/meditatie-ghidata-pentru-relaxare\/","title":{"rendered":"Medita\u021bie ghidat\u0103 pentru relaxare profund\u0103 \u0219i  centrare \u00een corp"},"content":{"rendered":"<h2>Pentru cine este<\/h2>\n<p class=\"first:mt-1.5!\">Aceast\u0103 medita\u021bie ghidat\u0103 pentru relaxare este pentru tine dac\u0103:<\/p>\n<ul class=\"list-disc\">\n<li class=\"ml-4\">te sim\u021bi \u201e\u00een cap\u201d prea mult \u0219i vrei s\u0103 revii \u00een corp cu bl\u00e2nde\u021be<\/li>\n<li class=\"ml-4\">ai perioade de oboseal\u0103, tensiune sau agita\u021bie \u0219i sim\u021bi nevoia unui reset profund<\/li>\n<li class=\"ml-4\">vrei mai mult\u0103 <strong>comuniune<\/strong> cu corpul t\u0103u (nu control, nu lupt\u0103)<\/li>\n<li class=\"ml-4\">cau\u021bi o practic\u0103 simpl\u0103, dar profund\u0103, care s\u0103 \u00ee\u021bi creasc\u0103 <strong>prezen\u021ba \u0219i con\u0219tientizarea<\/strong><\/li>\n<li class=\"ml-4\">\u00ee\u021bi dore\u0219ti s\u0103 experimentezi expansiunea fiin\u021bei tale f\u0103r\u0103 s\u0103 te deconectezi de corp<\/li>\n<\/ul>\n<h4>Ce creeaz\u0103 aceast\u0103 medita\u021bie<\/h4>\n<p class=\"first:mt-1.5!\">\u00cen timpul medita\u021biei vei fi ghidat c\u0103tre:<\/p>\n<ul class=\"list-disc\">\n<li class=\"ml-4\"><strong>centrare \u00een corp<\/strong> \u0219i relaxare a sistemului nervos (maxilar, ochi, respira\u021bie, sprijin)<\/li>\n<li class=\"ml-4\"><strong>comuniune cu P\u0103m\u00e2ntul<\/strong> \u0219i cu spa\u021biul din jur (stabilitate, ritm, ancorare)<\/li>\n<li class=\"ml-4\"><strong>expansiune con\u0219tient\u0103<\/strong> f\u0103r\u0103 separare (infinit \u0219i \u00eentrupat \u00een acela\u0219i timp)<\/li>\n<li class=\"ml-4\">o vizualizare bl\u00e2nd\u0103 de <strong>re\u00eennoire \u0219i regenerare<\/strong> (particule de lumin\u0103\/bule de s\u0103pun)<\/li>\n<li class=\"ml-4\">reconectare cu <strong>ritmul natural<\/strong> al corpului \u0219i cu \u201eperfec\u021biunea natural\u0103\u201d a func\u021bion\u0103rii lui<\/li>\n<\/ul>\n<h4>Ce prime\u0219ti<\/h4>\n<ul class=\"list-disc\">\n<li class=\"ml-4\"><strong>Audio: Medita\u021bie ghidat\u0103 (15 minute)<\/strong><\/li>\n<\/ul>\n<h4>Cum o folose\u0219ti (recomandare)<\/h4>\n<ul class=\"list-disc\">\n<li class=\"ml-4\">Ideal: <strong>o dat\u0103 pe zi<\/strong>, timp de <strong>3 s\u0103pt\u0103m\u00e2ni<\/strong><\/li>\n<li class=\"ml-4\">Apoi: de c\u00e2te ori sim\u021bi c\u0103 este necesar pentru corpul t\u0103u (inclusiv perioade mai lungi, 12 s\u0103pt\u0103m\u00e2ni sau mai mult)<\/li>\n<\/ul>\n<p class=\"first:mt-1.5!\">Recomand s\u0103 o ascul\u021bi \u00eentins, \u00eentr-un spa\u021biu \u00een care po\u021bi \u00eenchide ochii \u0219i te po\u021bi relaxa f\u0103r\u0103 \u00eentreruperi.<\/p>","protected":false},"excerpt":{"rendered":"<p>Un spa\u021biu de relaxare profund\u0103, comuniune cu corpul \u0219i cu P\u0103m\u00e2ntul, expansiune f\u0103r\u0103 separare \u0219i reamintirea func\u021bion\u0103rii naturale a corpului \u2014 prin lumin\u0103, prezen\u021b\u0103 \u0219i permisiune.<\/p>","protected":false},"featured_media":2226,"comment_status":"open","ping_status":"closed","template":"","meta":{"_lmt_disableupdate":"no","_lmt_disable":""},"product_brand":[],"product_cat":[57],"product_tag":[],"class_list":{"0":"post-2225","1":"product","2":"type-product","3":"status-publish","4":"has-post-thumbnail","6":"product_cat-programe-dezvoltare-personala","8":"first","9":"instock","10":"sale","11":"downloadable","12":"virtual","13":"taxable","14":"purchasable","15":"product-type-simple"},"_links":{"self":[{"href":"https:\/\/laurabarbulescu.ro\/en\/wp-json\/wp\/v2\/product\/2225","targetHints":{"allow":["GET"]}}],"collection":[{"href":"https:\/\/laurabarbulescu.ro\/en\/wp-json\/wp\/v2\/product"}],"about":[{"href":"https:\/\/laurabarbulescu.ro\/en\/wp-json\/wp\/v2\/types\/product"}],"replies":[{"embeddable":true,"href":"https:\/\/laurabarbulescu.ro\/en\/wp-json\/wp\/v2\/comments?post=2225"}],"wp:featuredmedia":[{"embeddable":true,"href":"https:\/\/laurabarbulescu.ro\/en\/wp-json\/wp\/v2\/media\/2226"}],"wp:attachment":[{"href":"https:\/\/laurabarbulescu.ro\/en\/wp-json\/wp\/v2\/media?parent=2225"}],"wp:term":[{"taxonomy":"product_brand","embeddable":true,"href":"https:\/\/laurabarbulescu.ro\/en\/wp-json\/wp\/v2\/product_brand?post=2225"},{"taxonomy":"product_cat","embeddable":true,"href":"https:\/\/laurabarbulescu.ro\/en\/wp-json\/wp\/v2\/product_cat?post=2225"},{"taxonomy":"product_tag","embeddable":true,"href":"https:\/\/laurabarbulescu.ro\/en\/wp-json\/wp\/v2\/product_tag?post=2225"}],"curies":[{"name":"wp","href":"https:\/\/api.w.org\/{rel}","templated":true}]}}