{"id":599,"date":"2022-04-07T09:06:17","date_gmt":"2022-04-07T06:06:17","guid":{"rendered":"https:\/\/laurabarbulescu.ro\/?post_type=product&#038;p=599"},"modified":"2025-11-30T22:11:00","modified_gmt":"2025-11-30T19:11:00","slug":"traieste-ti-viata-cum-vrei-tu-carte-fizica","status":"publish","type":"product","link":"https:\/\/laurabarbulescu.ro\/en\/product\/traieste-ti-viata-cum-vrei-tu-carte-fizica\/","title":{"rendered":"&#8222;Traieste-ti Viata cum Vrei TU!&#8221; &#8211; carte fizica"},"content":{"rendered":"<p>Legea atrac\u021biei nu este doar un concept abstract sau o filozofie vag\u0103, ci este bazat\u0103 pe principii solide care au capacitatea de a schimba radical modul \u00een care percepem lumea \u0219i, mai important, modul \u00een care ne percepem pe noi \u00een\u0219ine.<\/p>\n<p>\u00centr-o lume \u00een care suntem bombarda\u021bi zilnic cu informa\u021bii, opinii \u0219i standarde, nu este u\u0219or s\u0103 ne men\u021binem focusul pe ceea ce ne dorim cu adev\u0103rat. Dar, imagineaz\u0103-\u021bi pentru o clip\u0103 cum ar fi s\u0103 po\u021bi naviga printr-o via\u021b\u0103 plin\u0103 de provoc\u0103ri, cu \u00eencredere \u0219i claritate, av\u00e2nd convingerea c\u0103 te \u00eendrep\u021bi spre realizarea obiectivelor tale. Aceasta este promisiunea c\u0103r\u021bii \u201eTr\u0103ie\u0219te-\u021bi via\u021ba cum vrei tu\u201d.<\/p>\n<p>Dincolo de simple cuvinte pe h\u00e2rtie, aceast\u0103 carte ofer\u0103 instrumente practice \u0219i tehnici care te vor ajuta s\u0103 \u00ee\u021bi clarifici dorin\u021bele, s\u0103 identifici blocajele \u0219i s\u0103 lucrezi \u00een direc\u021bia \u00eemplinirii viselor tale. Laura B\u0103rbulescu, autoarea c\u0103r\u021bii, \u00eemp\u0103rt\u0103\u0219e\u0219te cu sinceritate experien\u021bele \u0219i lec\u021biile sale de via\u021b\u0103, f\u0103c\u00e2nd din lectur\u0103 o c\u0103l\u0103torie captivant\u0103 de autoreflexie \u0219i cre\u0219tere.<\/p>\n<p>Este esen\u021bial s\u0103 \u00een\u021belegem c\u0103 dezvoltarea personal\u0103 nu se refer\u0103 doar la acumularea de cuno\u0219tin\u021be sau competen\u021be noi, ci \u0219i la \u00een\u021belegerea propriei esen\u021be, la conectarea cu sursa noastr\u0103 interioar\u0103 de putere \u0219i la tr\u0103irea unei vie\u021bi aliniate cu adev\u0103ratul nostru scop.<\/p>\n<p>A\u0219adar, dac\u0103 sim\u021bi c\u0103 e\u0219ti blocat \u00een rutina zilnic\u0103, dac\u0103 visezi la o via\u021b\u0103 mai bun\u0103 sau pur \u0219i simplu dore\u0219ti s\u0103 \u00een\u021belegi mai bine legea atrac\u021biei \u0219i cum s\u0103 o aplici \u00een favoarea ta, aceast\u0103 carte este exact ceea ce ai nevoie.<\/p>\n<p>Cu to\u021bii am avut momente \u00een care ne-am sim\u021bit pierdu\u021bi sau debusola\u021bi, momente \u00een care am sim\u021bit c\u0103 via\u021ba ne scap\u0103 printre degete. Uneori, aceste momente sunt provocate de schimb\u0103ri exterioare, iar alteori de confrunt\u0103rile interioare cu temerile \u0219i \u00eendoielile noastre. \u00cen astfel de momente, avem nevoie de o ancor\u0103, de un ghid care s\u0103 ne reaminteasc\u0103 de poten\u021bialul \u0219i for\u021ba noastr\u0103 interioar\u0103.<\/p>\n<p>Cartea \u201eTr\u0103ie\u0219te-\u021bi via\u021ba cum vrei tu\u201d se dore\u0219te a fi exact acest ghid. Este mai mult dec\u00e2t un simplu material de citit; este un companion de drum care te \u00eenso\u021be\u0219te \u00een c\u0103l\u0103toria ta de autocunoa\u0219tere. Cu fiecare pagin\u0103 r\u0103sfoit\u0103, vei fi provocat s\u0103 prive\u0219ti \u00een ad\u00e2ncul t\u0103u \u0219i s\u0103 descoperi adev\u0103ruri despre tine pe care, poate, nu le-ai con\u0219tientizat p\u00e2n\u0103 acum.<\/p>\n<p data-pm-slice=\"1 1 []\">Re\u021bine c\u0103 fiecare pas pe care \u00eel faci \u00een direc\u021bia dezvolt\u0103rii tale personale aduce lumina \u00een lume. \u00centr-o societate \u00een care rapiditatea \u0219i superficialitatea par s\u0103 domine, a alege s\u0103 investe\u0219ti \u00een tine, \u00een profunzimea \u0219i autenticitatea ta, este un act de curaj \u0219i de revolu\u021bie personal\u0103. A\u0219a c\u0103, indiferent de provoc\u0103rile pe care le \u00eent\u00e2mpini, ai \u00eencredere \u00een c\u0103l\u0103toria ta \u0219i \u0219tie c\u0103 aceast\u0103 carte va fi al\u0103turi de tine, \u00eencuraj\u00e2ndu-te \u0219i sus\u021bin\u00e2ndu-te la fiecare pas.<\/p>\n<p>Invit\u0103m fiecare cititor s\u0103 se al\u0103ture acestei c\u0103l\u0103torii transformative. Fie c\u0103 e\u0219ti \u00een c\u0103utarea fericirii, echilibrului sau a succesului, informa\u021biile, pove\u0219tile \u0219i tehnicile prezentate \u00een aceast\u0103 carte vor servi drept far \u00een \u00eentuneric, ghid\u00e2ndu-te spre lumina propriei tale poten\u021biale nesf\u00e2r\u0219ite.<\/p>\n<p>\u00cen concluzie, indiferent de unde te afli acum \u00een c\u0103l\u0103toria ta de dezvoltare personal\u0103, aceast\u0103 carte reprezint\u0103 un pas major \u00een direc\u021bia corect\u0103. Te va inspira, te va provoca \u0219i cel mai important, te va ajuta s\u0103 devii cea mai bun\u0103 versiune a ta. Transformarea \u00eencepe cu un singur pas \u0219i, \u00een acest caz, cu o singur\u0103 pagin\u0103 citit\u0103.<\/p>\n<section class=\"l-section wpb_row height_medium\"><div class=\"l-section-h i-cf\"><div class=\"g-cols vc_row via_flex valign_top type_default stacking_default\"><div class=\"vc_col-sm-12 wpb_column vc_column_container\"><div class=\"vc_column-inner\"><div class=\"wpb_wrapper\"><h3 class=\"w-text us_custom_1e24a9a8\"><span class=\"w-text-h\"><span class=\"w-text-value\">THIS BOOK IS FOR YOU IF:<\/span><\/span><\/h3><div class=\"g-cols wpb_row via_flex valign_middle type_default stacking_default\"><div class=\"vc_col-sm-6 wpb_column vc_column_container\"><div class=\"vc_column-inner\"><div class=\"wpb_wrapper\"><div class=\"w-iconbox us_custom_6029dd67 iconpos_right style_default color_primary align_right no_text\"><div class=\"w-iconbox-meta\"><h4 class=\"w-iconbox-title\">you want more from life than you live today<\/h4><\/div><div class=\"w-iconbox-icon\" style=\"font-size:2rem;\"><i class=\"fad fa-check\"><\/i><\/div><\/div><div class=\"w-iconbox us_custom_6029dd67 iconpos_right style_default color_primary align_right no_text\"><div class=\"w-iconbox-meta\"><h4 class=\"w-iconbox-title\">you're looking for something you're missing, but you don't know what<\/h4><\/div><div class=\"w-iconbox-icon\" style=\"font-size:2rem;\"><i class=\"fad fa-check\"><\/i><\/div><\/div><div class=\"w-iconbox us_custom_6029dd67 iconpos_right style_default color_primary align_right no_text\"><div class=\"w-iconbox-meta\"><h4 class=\"w-iconbox-title\">you have a dream and you don't know where to start<\/h4><\/div><div class=\"w-iconbox-icon\" style=\"font-size:2rem;\"><i class=\"fad fa-check\"><\/i><\/div><\/div><div class=\"w-iconbox us_custom_6029dd67 iconpos_right style_default color_primary align_right no_text\"><div class=\"w-iconbox-meta\"><h4 class=\"w-iconbox-title\">you're fine, but you'd like it to be even better<\/h4><\/div><div class=\"w-iconbox-icon\" style=\"font-size:2rem;\"><i class=\"fad fa-check\"><\/i><\/div><\/div><div class=\"w-iconbox us_custom_6029dd67 iconpos_right style_default color_primary align_right no_text\"><div class=\"w-iconbox-meta\"><h4 class=\"w-iconbox-title\">you are an active person, with a continuous desire for development<\/h4><\/div><div class=\"w-iconbox-icon\" style=\"font-size:2rem;\"><i class=\"fad fa-check\"><\/i><\/div><\/div><\/div><\/div><\/div><div class=\"vc_col-sm-6 wpb_column vc_column_container\"><div class=\"vc_column-inner\"><div class=\"wpb_wrapper\"><div class=\"w-image align_none\"><div class=\"w-image-h\"><img decoding=\"async\" width=\"2048\" height=\"1537\" src=\"https:\/\/laurabarbulescu.ro\/wp-content\/uploads\/2022\/01\/19402571_10213112136542749_81147767_o.jpg\" class=\"attachment-full size-full\" alt=\"\" loading=\"lazy\" srcset=\"https:\/\/laurabarbulescu.ro\/wp-content\/uploads\/2022\/01\/19402571_10213112136542749_81147767_o.jpg 2048w, https:\/\/laurabarbulescu.ro\/wp-content\/uploads\/2022\/01\/19402571_10213112136542749_81147767_o-600x450.jpg 600w, https:\/\/laurabarbulescu.ro\/wp-content\/uploads\/2022\/01\/19402571_10213112136542749_81147767_o-300x225.jpg 300w, https:\/\/laurabarbulescu.ro\/wp-content\/uploads\/2022\/01\/19402571_10213112136542749_81147767_o-1024x769.jpg 1024w, https:\/\/laurabarbulescu.ro\/wp-content\/uploads\/2022\/01\/19402571_10213112136542749_81147767_o-768x576.jpg 768w, https:\/\/laurabarbulescu.ro\/wp-content\/uploads\/2022\/01\/19402571_10213112136542749_81147767_o-1536x1153.jpg 1536w, https:\/\/laurabarbulescu.ro\/wp-content\/uploads\/2022\/01\/19402571_10213112136542749_81147767_o-1140x856.jpg 1140w, https:\/\/laurabarbulescu.ro\/wp-content\/uploads\/2022\/01\/19402571_10213112136542749_81147767_o-500x375.jpg 500w\" sizes=\"auto, (max-width: 2048px) 100vw, 2048px\" \/><\/div><\/div><\/div><\/div><\/div><\/div><div class=\"g-cols wpb_row via_flex valign_middle type_default reversed stacking_default\"><div class=\"vc_col-sm-6 wpb_column vc_column_container\"><div class=\"vc_column-inner\"><div class=\"wpb_wrapper\"><div class=\"w-image align_none\"><div class=\"w-image-h\"><img decoding=\"async\" width=\"1296\" height=\"900\" src=\"https:\/\/laurabarbulescu.ro\/wp-content\/uploads\/2022\/01\/Untitled-design-e1643271657466.png\" class=\"attachment-full size-full\" alt=\"\" loading=\"lazy\" srcset=\"https:\/\/laurabarbulescu.ro\/wp-content\/uploads\/2022\/01\/Untitled-design-e1643271657466.png 1296w, https:\/\/laurabarbulescu.ro\/wp-content\/uploads\/2022\/01\/Untitled-design-e1643271657466-600x417.png 600w, https:\/\/laurabarbulescu.ro\/wp-content\/uploads\/2022\/01\/Untitled-design-e1643271657466-300x208.png 300w, https:\/\/laurabarbulescu.ro\/wp-content\/uploads\/2022\/01\/Untitled-design-e1643271657466-1024x711.png 1024w, https:\/\/laurabarbulescu.ro\/wp-content\/uploads\/2022\/01\/Untitled-design-e1643271657466-768x533.png 768w, https:\/\/laurabarbulescu.ro\/wp-content\/uploads\/2022\/01\/Untitled-design-e1643271657466-1140x792.png 1140w, https:\/\/laurabarbulescu.ro\/wp-content\/uploads\/2022\/01\/Untitled-design-e1643271657466-500x347.png 500w\" sizes=\"auto, (max-width: 1296px) 100vw, 1296px\" \/><\/div><\/div><\/div><\/div><\/div><div class=\"vc_col-sm-6 wpb_column vc_column_container\"><div class=\"vc_column-inner\"><div class=\"wpb_wrapper\"><div class=\"w-iconbox us_custom_6029dd67 iconpos_left style_default color_primary align_left no_text\"><div class=\"w-iconbox-icon\" style=\"font-size:2rem;\"><i class=\"fad fa-times\"><\/i><\/div><div class=\"w-iconbox-meta\"><h4 class=\"w-iconbox-title\">you don't know what could be better in your life<\/h4><\/div><\/div><div class=\"w-iconbox us_custom_6029dd67 iconpos_left style_default color_custom align_left no_text\"><div class=\"w-iconbox-icon\" style=\"font-size:2rem;--icon-color:#ffa633;\"><i class=\"fad fa-times\"><\/i><\/div><div class=\"w-iconbox-meta\"><h4 class=\"w-iconbox-title\">you think you have everything you need, but in the evening you are not exactly fulfilled<\/h4><\/div><\/div><div class=\"w-iconbox us_custom_6029dd67 iconpos_left style_default color_custom align_left no_text\"><div class=\"w-iconbox-icon\" style=\"font-size:2rem;--icon-color:#ffa633;\"><i class=\"fad fa-times\"><\/i><\/div><div class=\"w-iconbox-meta\"><h4 class=\"w-iconbox-title\">you laugh too little, too rarely and you have a sad or too serious face<\/h4><\/div><\/div><div class=\"w-iconbox us_custom_6029dd67 iconpos_left style_default color_custom align_left no_text\"><div class=\"w-iconbox-icon\" style=\"font-size:2rem;--icon-color:#ffa633;\"><i class=\"fad fa-times\"><\/i><\/div><div class=\"w-iconbox-meta\"><h4 class=\"w-iconbox-title\">you forgot when you last felt really happy<\/h4><\/div><\/div><div class=\"w-iconbox us_custom_6029dd67 iconpos_left style_default color_custom align_left no_text\"><div class=\"w-iconbox-icon\" style=\"font-size:2rem;--icon-color:#ffa633;\"><i class=\"fad fa-times\"><\/i><\/div><div class=\"w-iconbox-meta\"><h4 class=\"w-iconbox-title\">you feel that monotony has taken over your life<\/h4><\/div><\/div><\/div><\/div><\/div><\/div><\/div><\/div><\/div><\/div><\/div><\/section>","protected":false},"excerpt":{"rendered":"<p>O carte care \u00ee\u021bi poate schimba via\u021ba!<\/p>","protected":false},"featured_media":269,"comment_status":"open","ping_status":"closed","template":"","meta":{"_lmt_disableupdate":"no","_lmt_disable":""},"product_brand":[],"product_cat":[50],"product_tag":[],"class_list":{"0":"post-599","1":"product","2":"type-product","3":"status-publish","4":"has-post-thumbnail","6":"product_cat-carte-fizica","8":"first","9":"instock","10":"sale","11":"taxable","12":"shipping-taxable","13":"purchasable","14":"product-type-simple"},"_links":{"self":[{"href":"https:\/\/laurabarbulescu.ro\/en\/wp-json\/wp\/v2\/product\/599","targetHints":{"allow":["GET"]}}],"collection":[{"href":"https:\/\/laurabarbulescu.ro\/en\/wp-json\/wp\/v2\/product"}],"about":[{"href":"https:\/\/laurabarbulescu.ro\/en\/wp-json\/wp\/v2\/types\/product"}],"replies":[{"embeddable":true,"href":"https:\/\/laurabarbulescu.ro\/en\/wp-json\/wp\/v2\/comments?post=599"}],"wp:featuredmedia":[{"embeddable":true,"href":"https:\/\/laurabarbulescu.ro\/en\/wp-json\/wp\/v2\/media\/269"}],"wp:attachment":[{"href":"https:\/\/laurabarbulescu.ro\/en\/wp-json\/wp\/v2\/media?parent=599"}],"wp:term":[{"taxonomy":"product_brand","embeddable":true,"href":"https:\/\/laurabarbulescu.ro\/en\/wp-json\/wp\/v2\/product_brand?post=599"},{"taxonomy":"product_cat","embeddable":true,"href":"https:\/\/laurabarbulescu.ro\/en\/wp-json\/wp\/v2\/product_cat?post=599"},{"taxonomy":"product_tag","embeddable":true,"href":"https:\/\/laurabarbulescu.ro\/en\/wp-json\/wp\/v2\/product_tag?post=599"}],"curies":[{"name":"wp","href":"https:\/\/api.w.org\/{rel}","templated":true}]}}